{"id":3295,"date":"2020-11-10T13:31:39","date_gmt":"2020-11-10T13:31:39","guid":{"rendered":"https:\/\/chargingshop.eu\/?page_id=3295"},"modified":"2020-11-10T13:32:44","modified_gmt":"2020-11-10T13:32:44","slug":"ostoskori","status":"publish","type":"page","link":"https:\/\/chargingshop.eu\/fi\/ostoskori\/","title":{"rendered":"Ostoskori"},"content":{"rendered":"<h3><strong>Palautamme arvonlis\u00e4veron 21%:<\/strong><\/h3>\n<div><\/div>\n<p>&#8211; alv-rekister\u00f6idyt yritysyritykset EU: ssa.<\/p>\n<p>&#8211; yksityis- ja yritysasiakkaat Sveitsist\u00e4 ja Norjasta<\/p>\n<p>&#8211; asiakkaita muista EU-maista<\/p>\n<p>Jos sinulla on kysytt\u00e4v\u00e4\u00e4, ota yhteytt\u00e4 &#8211; rokas@chrg.network<\/p>\n\n","protected":false},"excerpt":{"rendered":"<p>Palautamme arvonlis\u00e4veron 21%: &#8211; alv-rekister\u00f6idyt yritysyritykset EU: ssa. &#8211; yksityis- ja yritysasiakkaat Sveitsist\u00e4 ja Norjasta &#8211; asiakkaita muista EU-maista Jos sinulla on kysytt\u00e4v\u00e4\u00e4, ota yhteytt\u00e4 &#8211; rokas@chrg.network<\/p>\n","protected":false},"author":1,"featured_media":0,"parent":0,"menu_order":0,"comment_status":"closed","ping_status":"closed","template":"","meta":{"footnotes":""},"class_list":["post-3295","page","type-page","status-publish","hentry"],"_links":{"self":[{"href":"https:\/\/chargingshop.eu\/fi\/wp-json\/wp\/v2\/pages\/3295","targetHints":{"allow":["GET"]}}],"collection":[{"href":"https:\/\/chargingshop.eu\/fi\/wp-json\/wp\/v2\/pages"}],"about":[{"href":"https:\/\/chargingshop.eu\/fi\/wp-json\/wp\/v2\/types\/page"}],"author":[{"embeddable":true,"href":"https:\/\/chargingshop.eu\/fi\/wp-json\/wp\/v2\/users\/1"}],"replies":[{"embeddable":true,"href":"https:\/\/chargingshop.eu\/fi\/wp-json\/wp\/v2\/comments?post=3295"}],"version-history":[{"count":0,"href":"https:\/\/chargingshop.eu\/fi\/wp-json\/wp\/v2\/pages\/3295\/revisions"}],"wp:attachment":[{"href":"https:\/\/chargingshop.eu\/fi\/wp-json\/wp\/v2\/media?parent=3295"}],"curies":[{"name":"wp","href":"https:\/\/api.w.org\/{rel}","templated":true}]}}