{"id":2788,"date":"2020-08-27T13:26:55","date_gmt":"2020-08-27T13:26:55","guid":{"rendered":"https:\/\/chargingshop.eu\/?page_id=2788"},"modified":"2020-08-27T13:38:41","modified_gmt":"2020-08-27T13:38:41","slug":"sahkoautot-ja-energian-siirtyminen","status":"publish","type":"page","link":"https:\/\/chargingshop.eu\/fi\/sahkoautot-ja-energian-siirtyminen\/","title":{"rendered":"Yhti\u00f6"},"content":{"rendered":"\n  <div class=\"banner has-hover\" id=\"banner-1400320980\">\n          <div class=\"banner-inner fill\">\n        <div class=\"banner-bg fill\" >\n            <div class=\"bg fill bg-fill \"><\/div>\n                        <div class=\"overlay\"><\/div>            \n                    <\/div>\n\t\t\n        <div class=\"banner-layers container\">\n            <div class=\"fill banner-link\"><\/div>            \n   <div id=\"text-box-2048944048\" class=\"text-box banner-layer x50 md-x50 lg-x50 y50 md-y50 lg-y50 res-text\">\n                                <div class=\"text-box-content text dark text-shadow-3\">\n              \n              <div class=\"text-inner text-center\">\n                  \n<h3>TEHT\u00c4V\u00c4MME<\/h3>\n<div><\/div>\n<div>Tavoitteenamme on my\u00f6t\u00e4vaikuttaa jatkuvaan siirtymiseen 100-prosenttiseen s\u00e4hk\u00f6iseen liikkuvuuteen, jolloin EV-lataus on ilmaa, kaikkialla kaikille ..<\/div>\n<div><\/div>\n<h3>N\u00c4KEMYKSEMME<\/h3>\n<div><\/div>\n<div>Tulee tulla suurin yhden luukun ja osaamiskeskus, joka auttaa jokaista EV-kuljettajaa siirtym\u00e4\u00e4n jatkuvasti muuttuvassa s\u00e4hk\u00f6liikkuvuudessa ja \u00e4lykk\u00e4\u00e4ss\u00e4 energiasektorissa<\/div>\n              <\/div>\n           <\/div>\n                            \n<style>\n#text-box-2048944048 {\n  width: 60%;\n}\n#text-box-2048944048 .text-box-content {\n  font-size: 100%;\n}\n<\/style>\n    <\/div>\n \n        <\/div>\n      <\/div>\n\n            \n<style>\n#banner-1400320980 {\n  padding-top: 496px;\n  background-color: rgb(174, 165, 165);\n}\n#banner-1400320980 .bg.bg-loaded {\n  background-image: 8903;\n}\n#banner-1400320980 .overlay {\n  background-color: rgba(0, 0, 0, 0.06);\n}\n#banner-1400320980 .bg {\n  background-position: 52% 2%;\n}\n#banner-1400320980 .ux-shape-divider--top svg {\n  height: 150px;\n  --divider-top-width: 100%;\n}\n#banner-1400320980 .ux-shape-divider--bottom svg {\n  height: 150px;\n  --divider-width: 100%;\n}\n<\/style>\n  <\/div>\n\n\n<div class=\"container section-title-container\" ><h3 class=\"section-title section-title-center\"><b><\/b><span class=\"section-title-main\" >CHRG Network platform<\/span><b><\/b><\/h3><\/div>\n<div class=\"row\"  id=\"row-177105710\">\n\n\t<div id=\"col-417812849\" class=\"col medium-6 small-12 large-6\"  >\n\t\t\t\t<div class=\"col-inner\"  >\n\t\t\t\n\t\t\t\n\t<div class=\"img has-hover x md-x lg-x y md-y lg-y\" id=\"image_1691333201\">\n\t\t\t\t\t\t\t\t<div class=\"img-inner dark\" >\n\t\t\t<img decoding=\"async\" width=\"800\" height=\"357\" src=\"https:\/\/chargingshop.eu\/wp-content\/uploads\/2020\/01\/green-charging-station_-800x357.jpg\" class=\"attachment-medium size-medium\" alt=\"Green energy ev charging\" srcset=\"https:\/\/chargingshop.eu\/wp-content\/uploads\/2020\/01\/green-charging-station_-800x357.jpg 800w, https:\/\/chargingshop.eu\/wp-content\/uploads\/2020\/01\/green-charging-station_-768x343.jpg 768w, https:\/\/chargingshop.eu\/wp-content\/uploads\/2020\/01\/green-charging-station_-510x228.jpg 510w, https:\/\/chargingshop.eu\/wp-content\/uploads\/2020\/01\/green-charging-station_.jpg 1343w\" sizes=\"(max-width: 800px) 100vw, 800px\" \/>\t\t\t\t\t\t\n\t\t\t\t\t<\/div>\n\t\t\t\t\t\t\t\t\n<style>\n#image_1691333201 {\n  width: 100%;\n}\n<\/style>\n\t<\/div>\n\t\n\t\t<\/div>\n\t\t\t\t\t<\/div>\n\n\t\n\n\t<div id=\"col-265605016\" class=\"col medium-6 small-12 large-6\"  >\n\t\t\t\t<div class=\"col-inner\"  >\n\t\t\t\n\t\t\t\n<h3>Yhdist\u00e4mme auto- ja energiateollisuuden<\/h3>\n<div><\/div>\n<div>Nykyinen energianmuutos h\u00e4iritsee vallitsevaa tilannetta. Uusi vihre\u00e4 energial\u00e4hde syntyy, mik\u00e4 johtaa rakenteelliseen ja pysyv\u00e4\u00e4n muutokseen tarjonnassa, kysynt\u00e4yhdistelm\u00e4ss\u00e4 ja hinnoissa.<\/div>\n<div><\/div>\n<div>Tarjonnan puolella meill\u00e4 on hajautettu pienten energiantuottajien verkosto. Kysynt\u00e4puolella fossiilisten polttoaineiden kuljetus muuttuu kokonaan puhtaiksi ajoneuvoiksi, jotka ovat t\u00e4ysin s\u00e4hk\u00f6k\u00e4ytt\u00f6isi\u00e4.<\/div>\n<div><\/div>\n<div>Olemme t\u00e4\u00e4ll\u00e4 valtuuttamaan henkil\u00f6t tai yritykset, jotka haluavat osallistua t\u00e4h\u00e4n siirtym\u00e4\u00e4n.<\/div>\n<div><\/div>\n<div>Luodaan ihmisten CHRG&#8217;-verkosto yhdess\u00e4!<\/div>\n<p style=\"text-align: center;\"><strong>GET IN CHRG!<\/strong><\/p>\n\t\t<\/div>\n\t\t\t\t\t<\/div>\n\n\t\n<\/div>\n","protected":false},"excerpt":{"rendered":"","protected":false},"author":1,"featured_media":0,"parent":0,"menu_order":18,"comment_status":"closed","ping_status":"closed","template":"page-blank.php","meta":{"footnotes":""},"class_list":["post-2788","page","type-page","status-publish","hentry"],"_links":{"self":[{"href":"https:\/\/chargingshop.eu\/fi\/wp-json\/wp\/v2\/pages\/2788","targetHints":{"allow":["GET"]}}],"collection":[{"href":"https:\/\/chargingshop.eu\/fi\/wp-json\/wp\/v2\/pages"}],"about":[{"href":"https:\/\/chargingshop.eu\/fi\/wp-json\/wp\/v2\/types\/page"}],"author":[{"embeddable":true,"href":"https:\/\/chargingshop.eu\/fi\/wp-json\/wp\/v2\/users\/1"}],"replies":[{"embeddable":true,"href":"https:\/\/chargingshop.eu\/fi\/wp-json\/wp\/v2\/comments?post=2788"}],"version-history":[{"count":0,"href":"https:\/\/chargingshop.eu\/fi\/wp-json\/wp\/v2\/pages\/2788\/revisions"}],"wp:attachment":[{"href":"https:\/\/chargingshop.eu\/fi\/wp-json\/wp\/v2\/media?parent=2788"}],"curies":[{"name":"wp","href":"https:\/\/api.w.org\/{rel}","templated":true}]}}