{"id":9697,"date":"2023-03-25T18:04:12","date_gmt":"2023-03-25T18:04:12","guid":{"rendered":"https:\/\/chargingshop.eu\/product\/wechselrichter-fronius-symo-gen24-10-0-plus\/"},"modified":"2023-06-17T11:58:56","modified_gmt":"2023-06-17T11:58:56","slug":"wechselrichter-fronius-symo-gen24-10-0-plus","status":"publish","type":"product","link":"https:\/\/chargingshop.eu\/de\/produkt\/wechselrichter-fronius-symo-gen24-10-0-plus\/","title":{"rendered":"Wechselrichter FRONIUS SYMO GEN24 10.0 PLUS"},"content":{"rendered":"<h3>Wechselrichter FRONIUS SYMO GEN24 10.0 PLUS<\/h3>\n<ul>\n<li>Drehstrom-Wechselrichter:\u00a0Verbinden Sie Ihren Fronius Hybrid Wechselrichter mit einem dreiphasigen Wechselrichter mit Ihrem Zuhause<\/li>\n<li>Internet\u00fcberwachung \u00fcber WiFi<\/li>\n<li>Integriertes Hochvolt-Batteriemanagement<\/li>\n<li>Funktioniert ohne Netzwerk<\/li>\n<li>Keine \u00fcbersch\u00fcssige Solareinspritzung: Der Fronius SYMO GEN24 10.0 PLUS ist ein intelligenter Wechselrichter, der die Spannung von Solarmodulen f\u00fcr Ihren strengen Bedarf regelt. Konfigurieren Sie diese Option im Wechselrichter, wenn Sie die \u00dcberproduktion nicht nachf\u00fcllen m\u00f6chten. Es ist jetzt verboten, \u00fcbersch\u00fcssige Solarenergie ohne Vertrag zu injizieren<\/li>\n<\/ul>\n<p>Der Hybrid-Wechselrichter Fronius Symo GEN24 Plus ist mit seinen vielen serienm\u00e4\u00dfigen Features der ideale Hybrid-Wechselrichter f\u00fcr Privathaushalte. Mit seinen vielen Zusatzfunktionen, wie z.B: Energiemanagement-Funktionen, serienm\u00e4\u00dfiger Anbindung an WLAN, Ethernet und einfachste Integration von Drittanbieter-Komponenten l\u00e4sst er keine W\u00fcnsche offen.<\/p>\n<p>Versorgungssicherheit: Mit seiner Auswahl an Notstromvarianten (PV Point, Full Backup) bei Netzausf\u00e4llen sorgt der Symo GEN24 Plus auch f\u00fcr eine gr\u00f6\u00dftm\u00f6gliche Versorgungssicherheit.<\/p>\n<div class=\"video video-fit mb\" style=\"padding-top:56.25%;\"><p><iframe title=\"Spotlight: Fronius GEN24 Plus - uniquely versatile\" width=\"1020\" height=\"574\" src=\"https:\/\/www.youtube.com\/embed\/fQ3dTXs3Q2U?feature=oembed\" frameborder=\"0\" allow=\"accelerometer; autoplay; clipboard-write; encrypted-media; gyroscope; picture-in-picture; web-share\" allowfullscreen><\/iframe><\/p>\n<\/div>\n<p>Die Fronius GEN24 Plus Hybrid-Wechselrichter sind damit die ideale L\u00f6sung f\u00fcr unterschiedliche Anwendungsf\u00e4lle und Kundenanforderungen. Es ist f\u00fcr diejenigen Kunden geeignet, die bereits vom ersten Tag an \u00fcber eine Batterie verf\u00fcgen. Das Fronius Ohmpilot-System erm\u00f6glicht die Nutzung von PV-Energie zur Warmwasserbereitung zu Hause. Sie k\u00f6nnen die PV-Anlage auch in ein Hausautomationspaket integrieren. Fronius GEN24 Plus ist eine universelle L\u00f6sung und immer die richtige Wahl \u2013 bei Neuanlagen ebenso wie beim Aufr\u00fcsten und Erweitern bestehender Solaranlagen.<\/p>\n<p>Dar\u00fcber hinaus sind die Wechselrichter der Fronius GEN24-Serie sehr einfach und leicht zu installieren, in Betrieb zu nehmen und zu warten. Es ist universell einsetzbar in jeder Art von System. Die Fronius GEN24 Serie unterst\u00fctzt bereits bew\u00e4hrte Fronius Technologien, z.B. das SuperFlex Design, die sich auch in den Primo GEN24 Plus und Symo GEN24 Plus wiederfinden \u2013 Ger\u00e4te, die ideale Speicherl\u00f6sungen f\u00fcr einphasige und gro\u00dfe dreiphasige Systeme bieten.<\/p>\n<p>Kompatible Batterien:<\/p>\n<p>BYD Battery-Box Premium HVS 5.1<br \/>\nBYD Battery-Box Premium HVS 7.7<br \/>\nBYD Battery-Box Premium HVS 10.2<br \/>\nBYD Battery-Box Premium HVM 11.0<br \/>\nBYD Battery-Box Premium HVM 13.8<br \/>\nBYD Battery-Box Premium HVM 16.6<br \/>\nBYD Battery-Box Premium HVM 19.3<br \/>\nBYD Battery-Box Premium HVM 22.1<\/p>\n<p><a href=\"https:\/\/chargingshop.eu\/wp-content\/uploads\/2022\/12\/Fronius_Symo_GEN24_Plus_Datasheet.pdf\">Fronius_Symo_GEN24_Plus_Datasheet<\/a><\/p>\n<h3>Hauptspezifikationen:<\/h3>\n<p>Grid connection (voltage range):3~NPE 400 V \/ 230 V or 3~NPE 380 V \/ 220 V (+ 20 % \/ &#8211; 30%)<\/p>\n<p>Ambient Temperature\u00a0\u00a0\u00a0\u00a0\u00a0\u00a0\u00a0\u00a0\u00a0\u00a0\u00a0 0 to 50 Degree Celsius<\/p>\n<p>Max. input current (Idc max MPPT1 \/ MPPT2) \u00a025 A \/ 12,5 A<\/p>\n<p>Frequency Range\u00a0\u00a0\u00a0\u00a0\u00a0\u00a0\u00a0 50 Hz \/ 60 Hz (45 Hz \u2013 66 Hz)<\/p>\n<p>Power\u00a0 10 KW<\/p>\n<p>Nom. output power PV Point \/ full backup \u00a0\u00a0\u00a0 3,000 VA \/ 10,000 VA<\/p>\n<p>IP Rating\u00a0\u00a0\u00a0\u00a0\u00a0\u00a0\u00a0\u00a0 IP66<\/p>\n<p>&nbsp;<\/p>\n<h1><\/h1>\n","protected":false},"excerpt":{"rendered":"<p>Der Fronius Symo ist ein dreiphasiger transformatorloser Wechselrichter, der f\u00fcr jede Anlagengr\u00f6\u00dfe geeignet ist. Die Wechselrichter werden von Fronius, einer weltweit f\u00fchrenden Wechselrichtermarke, hergestellt.<\/p>\n<p>Fronius GEN24 Plus bietet auf Wunsch eine umfassende Full Backup Notstromversorgung mit Hilfe eines angeschlossenen Batteriespeichersystems.<\/p>\n","protected":false},"featured_media":8708,"comment_status":"open","ping_status":"closed","template":"","meta":[],"product_brand":[],"product_cat":[113,1370,145,782,384],"product_tag":[],"class_list":{"0":"post-9697","1":"product","2":"type-product","3":"status-publish","4":"has-post-thumbnail","6":"product_cat-solar-panels","7":"product_cat-sale-angebote-rabatte","8":"product_cat-saules-jegaines","9":"product_cat-solarplatten","10":"product_cat-wallbox-ladestation-de","11":"pa_brand-fronius","12":"pa_brand-fronius-de","14":"first","15":"instock","16":"sale","17":"taxable","18":"shipping-taxable","19":"purchasable","20":"product-type-simple"},"_links":{"self":[{"href":"https:\/\/chargingshop.eu\/de\/wp-json\/wp\/v2\/product\/9697","targetHints":{"allow":["GET"]}}],"collection":[{"href":"https:\/\/chargingshop.eu\/de\/wp-json\/wp\/v2\/product"}],"about":[{"href":"https:\/\/chargingshop.eu\/de\/wp-json\/wp\/v2\/types\/product"}],"replies":[{"embeddable":true,"href":"https:\/\/chargingshop.eu\/de\/wp-json\/wp\/v2\/comments?post=9697"}],"wp:featuredmedia":[{"embeddable":true,"href":"https:\/\/chargingshop.eu\/de\/wp-json\/wp\/v2\/media\/8708"}],"wp:attachment":[{"href":"https:\/\/chargingshop.eu\/de\/wp-json\/wp\/v2\/media?parent=9697"}],"wp:term":[{"taxonomy":"product_brand","embeddable":true,"href":"https:\/\/chargingshop.eu\/de\/wp-json\/wp\/v2\/product_brand?post=9697"},{"taxonomy":"product_cat","embeddable":true,"href":"https:\/\/chargingshop.eu\/de\/wp-json\/wp\/v2\/product_cat?post=9697"},{"taxonomy":"product_tag","embeddable":true,"href":"https:\/\/chargingshop.eu\/de\/wp-json\/wp\/v2\/product_tag?post=9697"}],"curies":[{"name":"wp","href":"https:\/\/api.w.org\/{rel}","templated":true}]}}