{"id":72298,"date":"2025-06-14T10:15:00","date_gmt":"2025-06-14T10:15:00","guid":{"rendered":"https:\/\/chargingshop.eu\/product\/tragbares-ladegeraet-mit-display-kontrollbox-74-kw-1x32a-type2-cee-blau-32a-x-1phase-5m\/"},"modified":"2025-06-14T10:15:00","modified_gmt":"2025-06-14T10:15:00","slug":"tragbares-ladegeraet-mit-display-kontrollbox-74-kw-1x32a-type2-cee-blau-32a-x-1phase-5m","status":"publish","type":"product","link":"https:\/\/chargingshop.eu\/de\/produkt\/tragbares-ladegeraet-mit-display-kontrollbox-74-kw-1x32a-type2-cee-blau-32a-x-1phase-5m\/","title":{"rendered":"Tragbares Ladeger\u00e4t mit DISPLAY Kontrollbox 7,4 kW (1X32A), TYPE2-CEE blau, 32A x 1Phase, 5m"},"content":{"rendered":"<p>Hochwertige tragbare Ladel\u00f6sung. Unterst\u00fctzt 3-phasiges 32A-Laden (bis zu 7,4kW). <\/p>\n<p>Die Industriesteckdose &#8211; CEE 32A \/ 5PIN ist die bequemste Art, Ihr Elektrofahrzeug aufzuladen, wo immer Sie sind.<\/p>\n<ul>\n<li>Erstklassige Sicherheit und Benutzerfreundlichkeit<\/li>\n<li>Display f\u00fcr die Leistungssteuerung \u00fcber Tasten 2,8-Zoll-LCD<\/li>\n<li>Zeigt Probleme (nach dem Einstecken und w\u00e4hrend des Ladens) mit dem entsprechenden Fehlercode an:\n<ul>\n<li>Steigende Temperaturen oder \u00dcberhitzung im Ger\u00e4t oder der CEE-Steckdose<\/li>\n<li>Durch Hitze verschmolzene Schaltelemente oder defekte Transistorschalter<\/li>\n<li>Erkennung von \u00dcber- oder Unterspannungen<\/li>\n<li>\u00dcberpr\u00fcfung der PE- und N-Leitungen<\/li>\n<li><strong><a href=\"https:\/\/en.wikipedia.org\/wiki\/Residual-current_device\" target=\"_blank\" rel=\"noopener noreferrer\">Leckstromerkennung<\/a> &#8211;<\/strong> Fahrzeugabschaltung bei Leckerkennung (30mA AC, 6mA DC)<\/li>\n<li>Nicht unterst\u00fctzter Lademodus<\/li>\n<li>RCD-Schutz: TypA+DC6 mA;<\/li>\n<li>Schutzklasse: IP55\u3001IK10<\/li>\n<li>Arbeitstemperatur: -30\u2103\uff5e+50\u2103<\/li>\n<li>Schutzfunktionen: \u00dcberspannungsschutz, Unterspannungsschutz, Erdungsschutz, Blitzschutz, Leckageschutz, Flammschutz, \u00dcberstromschutz, intelligenter Temperaturkontrollschutz, usw.<\/li>\n<\/ul>\n<\/li>\n<li>Einstellfunktion f\u00fcr den maximalen Ladestrom &#8211; vorteilhaft f\u00fcr Autos, die dies nicht selbst tun k\u00f6nnen (die Einstellung erfolgt einfach per Knopfdruck)<\/li>\n<li>Das solide Geh\u00e4use der Elektronik mit Schutzart<strong> IP55 \/ IK10<\/strong> ist regenfest.<\/li>\n<\/ul>\n<div class=\"magic-6\" data-spm-anchor-id=\"a2700.details.0.i35.4a137780bRdriA\"><\/div>\n","protected":false},"excerpt":{"rendered":"<p><strong>Leistungsstarkes tragbares &amp;<\/strong> <strong>intelligentes Kabel<\/strong> mit Steuerelektronik zum Laden von Elektroautos an CEE 32A Steckdosen mit einer maximalen Leistung von bis zu 7,4kW<strong> (1x32A, 240V).<\/strong><\/p>\n","protected":false},"featured_media":0,"comment_status":"open","ping_status":"closed","template":"","meta":[],"product_brand":[],"product_cat":[410],"product_tag":[],"class_list":{"0":"post-72298","1":"product","2":"type-product","3":"status-publish","5":"product_cat-accessories","7":"first","8":"instock","9":"sale","10":"taxable","11":"shipping-taxable","12":"purchasable","13":"product-type-simple"},"_links":{"self":[{"href":"https:\/\/chargingshop.eu\/de\/wp-json\/wp\/v2\/product\/72298","targetHints":{"allow":["GET"]}}],"collection":[{"href":"https:\/\/chargingshop.eu\/de\/wp-json\/wp\/v2\/product"}],"about":[{"href":"https:\/\/chargingshop.eu\/de\/wp-json\/wp\/v2\/types\/product"}],"replies":[{"embeddable":true,"href":"https:\/\/chargingshop.eu\/de\/wp-json\/wp\/v2\/comments?post=72298"}],"wp:attachment":[{"href":"https:\/\/chargingshop.eu\/de\/wp-json\/wp\/v2\/media?parent=72298"}],"wp:term":[{"taxonomy":"product_brand","embeddable":true,"href":"https:\/\/chargingshop.eu\/de\/wp-json\/wp\/v2\/product_brand?post=72298"},{"taxonomy":"product_cat","embeddable":true,"href":"https:\/\/chargingshop.eu\/de\/wp-json\/wp\/v2\/product_cat?post=72298"},{"taxonomy":"product_tag","embeddable":true,"href":"https:\/\/chargingshop.eu\/de\/wp-json\/wp\/v2\/product_tag?post=72298"}],"curies":[{"name":"wp","href":"https:\/\/api.w.org\/{rel}","templated":true}]}}