{"id":72290,"date":"2025-06-14T10:14:52","date_gmt":"2025-06-14T10:14:52","guid":{"rendered":"https:\/\/chargingshop.eu\/product\/sungrow-idc-180e-kw-120-150-180kw-ladegeraet\/"},"modified":"2025-06-14T10:14:52","modified_gmt":"2025-06-14T10:14:52","slug":"sungrow-idc-180e-kw-120-150-180kw-ladegeraet","status":"publish","type":"product","link":"https:\/\/chargingshop.eu\/de\/produkt\/sungrow-idc-180e-kw-120-150-180kw-ladegeraet\/","title":{"rendered":"Sungrow IDC 180E kW 120\/150\/180kW Ladeger\u00e4t"},"content":{"rendered":"<h2>Sungrow IDC 180E kW 120\/150\/180kW Ladeger\u00e4t<\/h2>\n<ul class=\"prtextlist prtext m0aoto ovh ani swiper-slide-active\">\n<li class=\"MonLight f16 pt-page-delay100 animated fadeInUp\">\n<div class=\"f20 MonRegular ce97702\">ZUVERL\u00c4SSIG UND SICHER<\/div>\n<p>IP65-Schutz und C5-Korrosionsschutz<\/p>\n<p>Lange Lebensdauer \u00fcber 10 Jahre<\/p>\n<p>Sorglose Wartung ohne Austausch der Staubfiltermatte<\/p>\n<p>Selbst entworfene und selbst hergestellte Leistungsmodule<\/li>\n<li class=\"MonLight f16 pt-page-delay300 animated fadeInUp\">\n<div class=\"f20 MonRegular ce97702\">BENUTZERFREUNDLICH<\/div>\n<p>Unterst\u00fctzt mehrere Authentifizierungs- und Zahlungsoptionen<\/p>\n<p>Ladekabel-Management-System f\u00fcr ein erstklassiges Benutzererlebnis<\/li>\n<li class=\"MonLight f16 pt-page-delay500 animated fadeInUp\">\n<div class=\"f20 MonRegular ce97702\">EFFIZIENT UND INTELLIGENT<\/div>\n<p>Max. Wirkungsgrad bis zu 96,5% <\/p>\n<p>Dynamisches Lastmanagement zur Optimierung des EV-Ladens<\/li>\n<li class=\"MonLight f16 pt-page-delay700 animated fadeInUp\">\n<div class=\"f20 MonRegular ce97702\">FLEXIBLE ANWENDUNG<\/div>\n<p>Adaptiver Spannungsbereich 200-920Vdc<\/p>\n<p>Kompatibilit\u00e4t mit PV-ESS-System vorbehalten<\/li>\n<\/ul>\n<div>Produktvorteile:<\/div>\n<div>&#8211; Zwei Ladepunkte mit dynamischer Lastverteilung<\/div>\n<div>&#8211; Komfortables 10&#8243; Touch-Display<\/div>\n<div>&#8211; Kalibrierungskonformes Design<\/div>\n<div><\/div>\n<div>Produktmerkmale:<\/div>\n<div>&#8211; Ladekapazit\u00e4t pro Ladepunkt: 90 kW<\/div>\n<div>&#8211; Anzahl der Ladepunkte: 2<\/div>\n<div>&#8211; DC-Anschluss: CCS2<\/div>\n<div>&#8211; L\u00e4nge des Ladekabels: 5.0 m<\/div>\n<div>&#8211; Gleichstrom-\u00dcberschussladung: nein<\/div>\n<div>&#8211; AC-Anschluss: 400V, 3-Phasen<\/div>\n<div>&#8211; Zugangskontrolle: PTB \/ Eichgesetz<\/div>\n<div>&#8211; Kommunikation: Ethernet, 2G, 3G, 4G, Bluetooth<\/div>\n<div>&#8211; Protokoll: OCPP 2.0.1<\/div>\n<div>&#8211; Abmessungen: 2000 x 900 x 750 mm (HxBxT)<\/div>\n<div>&#8211; Schutzklasse: IP65<\/div>\n<div>&#8211; Gewicht: 450.0 kg<\/div>\n<div><\/div>\n<div><a href=\"https:\/\/chargingshop.eu\/wp-content\/uploads\/2024\/12\/DS_20241022_IDC180E_Datasheet_V3_EN.pdf\">DS_20241022_IDC180E_Datasheet_V3_EN<\/a><\/div>\n","protected":false},"excerpt":{"rendered":"<p>Mit dem IDC180E bietet Sungrow jetzt auch ein DC-Ladeger\u00e4t f\u00fcr die \u00f6ffentliche Nutzung an. Die beiden Ladepunkte mit flexiblem Kabelmanagement und einer Ladeleistung von bis zu 180 kW k\u00f6nnen je nach Version \u00fcber eine App, RFID oder das Bezahlterminal aktiviert werden. Es ist m\u00f6glich, die Leistungsmessung mit einem Messger\u00e4t durchzuf\u00fchren, das den gesetzlichen Vorschriften f\u00fcr das Messwesen entspricht. Das Ladeger\u00e4t ist mit allen aktuellen Fahrzeugmodellen kompatibel.   <\/p>\n","protected":false},"featured_media":0,"comment_status":"closed","ping_status":"closed","template":"","meta":[],"product_brand":[],"product_cat":[400],"product_tag":[],"class_list":{"0":"post-72290","1":"product","2":"type-product","3":"status-publish","5":"product_cat-dc-ladestation","6":"pa_brand-wallbox-de","8":"first","9":"instock","10":"sale","11":"taxable","12":"shipping-taxable","13":"purchasable","14":"product-type-simple"},"_links":{"self":[{"href":"https:\/\/chargingshop.eu\/de\/wp-json\/wp\/v2\/product\/72290","targetHints":{"allow":["GET"]}}],"collection":[{"href":"https:\/\/chargingshop.eu\/de\/wp-json\/wp\/v2\/product"}],"about":[{"href":"https:\/\/chargingshop.eu\/de\/wp-json\/wp\/v2\/types\/product"}],"replies":[{"embeddable":true,"href":"https:\/\/chargingshop.eu\/de\/wp-json\/wp\/v2\/comments?post=72290"}],"wp:attachment":[{"href":"https:\/\/chargingshop.eu\/de\/wp-json\/wp\/v2\/media?parent=72290"}],"wp:term":[{"taxonomy":"product_brand","embeddable":true,"href":"https:\/\/chargingshop.eu\/de\/wp-json\/wp\/v2\/product_brand?post=72290"},{"taxonomy":"product_cat","embeddable":true,"href":"https:\/\/chargingshop.eu\/de\/wp-json\/wp\/v2\/product_cat?post=72290"},{"taxonomy":"product_tag","embeddable":true,"href":"https:\/\/chargingshop.eu\/de\/wp-json\/wp\/v2\/product_tag?post=72290"}],"curies":[{"name":"wp","href":"https:\/\/api.w.org\/{rel}","templated":true}]}}