{"id":72273,"date":"2025-06-14T10:14:31","date_gmt":"2025-06-14T10:14:31","guid":{"rendered":"https:\/\/chargingshop.eu\/product\/byd-hvs-5-1-fronius-symo-gen24-10-0-plus-hybrid-wechselrichter\/"},"modified":"2025-06-14T10:14:34","modified_gmt":"2025-06-14T10:14:34","slug":"byd-hvs-5-1-fronius-symo-gen24-10-0-plus-hybrid-wechselrichter","status":"publish","type":"product","link":"https:\/\/chargingshop.eu\/de\/produkt\/byd-hvs-5-1-fronius-symo-gen24-10-0-plus-hybrid-wechselrichter\/","title":{"rendered":"BYD HVS 5.1 + Fronius Symo GEN24 10.0 Plus Hybrid-Wechselrichter"},"content":{"rendered":"<p>BYD HVS 5.1 + Fronius Symo GEN24 10.0 Plus Hybrid-Wechselrichter<\/p>\n<p>DAS SET ENTH\u00c4LT:<\/p>\n<p>1 x Fronius Symo GEN24 10.0 Plus Hybrid-Wechselrichter<\/p>\n<p>1 x BYD Premium HV BCU+Basis<\/p>\n<p>1 x BYD Batterie-Box Premium HVS (25Ah) &#8211; Modul<\/p>\n<p>1 x Fronius Smart Meter 63A-3<\/p>\n<p>BYD HVS 5.1<\/p>\n<p>Fronius Symo GEN24 10.0 Plus Hybrid Solar Inverter<br \/>\nHybrid-Wechselrichter mit individueller Notstromversorgung<\/p>\n<p>Dieser Hybrid-Wechselrichter kann mit oder ohne Batterie betrieben werden. Damit bietet der Fronius Symo GEN24 Plus ein H\u00f6chstma\u00df an Versorgungssicherheit f\u00fcr den Heimbereich. <\/p>\n<p>Der innovative Fronius Symo GEN24 10.0 Plus bietet erstmalig eine Basis-Notstromversorgung. Das bedeutet, dass Sie auch dann ein Backup haben, wenn Sie keinen Akku mitkaufen. F\u00fcr Kunden, die bereits eine Batterie besitzen, bietet Fronius Symo GEN24 jedoch eine vollst\u00e4ndige Backup-L\u00f6sung (eine bew\u00e4hrte), die den gesamten Haushalt mit Notstrom versorgen kann.<\/p>\n<div class=\"video video-fit mb\" style=\"padding-top:56.25%;\"><p><iframe title=\"Spotlight: Fronius GEN24 Plus - uniquely versatile\" width=\"1020\" height=\"574\" src=\"https:\/\/www.youtube.com\/embed\/fQ3dTXs3Q2U?feature=oembed\" frameborder=\"0\" allow=\"accelerometer; autoplay; clipboard-write; encrypted-media; gyroscope; picture-in-picture; web-share\" referrerpolicy=\"strict-origin-when-cross-origin\" allowfullscreen><\/iframe><\/p>\n<\/div>\n<p>Die Fronius GEN24 Plus Hybrid-Wechselrichter sind daher die ideale L\u00f6sung f\u00fcr unterschiedliche Anwendungsf\u00e4lle und Kundenanforderungen. Er ist f\u00fcr Kunden geeignet, die bereits vom ersten Tag an \u00fcber eine Batterie verf\u00fcgen. Das Fronius Ohmpilot-System erm\u00f6glicht die Nutzung von PV-Energie f\u00fcr die Warmwasserbereitung zu Hause. Sie k\u00f6nnen die PV-Anlage auch in ein Hausautomatisierungspaket integrieren. Fronius GEN24 Plus ist eine universelle L\u00f6sung und wird immer die richtige Wahl sein &#8211; sowohl f\u00fcr neue Systeme als auch bei der Aufr\u00fcstung und Erweiterung bestehender Solaranlagen.    <\/p>\n<p>Au\u00dferdem sind die Wechselrichter der Fronius GEN24 Serie sehr einfach und leicht zu installieren, in Betrieb zu nehmen und zu warten. Sie ist universell und kann in jeder Art von Anlage eingesetzt werden. Die Fronius GEN24 Serie unterst\u00fctzt bereits bew\u00e4hrte Fronius-Technologien, z.B. das SuperFlex Design, die auch in den Ger\u00e4ten Primo GEN24 Plus und Symo GEN24 Plus zu finden sind &#8211; Ger\u00e4te, die ideale Speicherl\u00f6sungen f\u00fcr einphasige und gro\u00dfe dreiphasige Systeme bieten.  <\/p>\n<p>Kompatible Batterien:<\/p>\n<p>BYD Battery-Box Premium HVS 5.1<br \/>\nBYD Battery-Box Premium HVS 7.7<br \/>\nBYD Battery-Box Premium HVS 10.2<br \/>\nBYD Battery-Box Premium HVM 11.0<br \/>\nBYD Battery-Box Premium HVM 13.8<br \/>\nBYD Battery-Box Premium HVM 16.6<br \/>\nBYD Battery-Box Premium HVM 19.3<br \/>\nBYD Battery-Box Premium HVM 22.1<\/p>\n<p><a href=\"https:\/\/chargingshop.eu\/wp-content\/uploads\/2022\/12\/Fronius_Symo_GEN24_Plus_Datasheet.pdf\">Fronius_Symo_GEN24_Plus_Datenblatt<\/a><\/p>\n<h3><strong>Hauptmerkmale:<\/strong><\/h3>\n<p>Netzanschluss (Spannungsbereich):3~NPE 400 V \/ 230 V oder 3~NPE 380 V \/ 220 V (+ 20 % \/ &#8211; 30%)<\/p>\n<p>Umgebungstemperatur 0 bis 50 Grad Celsius<\/p>\n<p>Max. Eingangsstrom (Idc max MPPT1 \/ MPPT2) 25 A \/ 12,5 A <\/p>\n<p>Frequenzbereich 50 Hz \/ 60 Hz (45 Hz &#8211; 66 Hz)<\/p>\n<p>Leistung 10 KW<\/p>\n<p>Nennausgangsleistung PV Point \/ Full Backup 3.000 VA \/ 10.000 VA <\/p>\n<p>IP Bewertung IP66<\/p>\n","protected":false},"excerpt":{"rendered":"<p>SUPERVERKAUF BIS ZUM 10. FEB 2025 ODER SOLANGE DER VORRAT H\u00c4LT!<\/p>\n<p>BYD HVS 5.1 + Fronius Symo GEN24 10.0 Plus Hybrid-Wechselrichter<\/p>\n<p>INHALT:<\/p>\n<p>1 x Fronius Symo GEN24 10.0 Plus Hybrid-Wechselrichter<\/p>\n<p>1 x BYD Premium HV BCU+Base<\/p>\n<p>1 x BYD Battery-Box Premium HVS (25Ah) &#8211; Modul<\/p>\n<p>1 x Fronius Smart Meter 63A-3<\/p>\n<p>&nbsp;<\/p>\n","protected":false},"featured_media":0,"comment_status":"open","ping_status":"closed","template":"","meta":[],"product_brand":[],"product_cat":[782],"product_tag":[],"class_list":{"0":"post-72273","1":"product","2":"type-product","3":"status-publish","5":"product_cat-solarplatten","6":"pa_brand-fronius-de","8":"first","9":"instock","10":"taxable","11":"shipping-taxable","12":"purchasable","13":"product-type-simple"},"_links":{"self":[{"href":"https:\/\/chargingshop.eu\/de\/wp-json\/wp\/v2\/product\/72273","targetHints":{"allow":["GET"]}}],"collection":[{"href":"https:\/\/chargingshop.eu\/de\/wp-json\/wp\/v2\/product"}],"about":[{"href":"https:\/\/chargingshop.eu\/de\/wp-json\/wp\/v2\/types\/product"}],"replies":[{"embeddable":true,"href":"https:\/\/chargingshop.eu\/de\/wp-json\/wp\/v2\/comments?post=72273"}],"wp:attachment":[{"href":"https:\/\/chargingshop.eu\/de\/wp-json\/wp\/v2\/media?parent=72273"}],"wp:term":[{"taxonomy":"product_brand","embeddable":true,"href":"https:\/\/chargingshop.eu\/de\/wp-json\/wp\/v2\/product_brand?post=72273"},{"taxonomy":"product_cat","embeddable":true,"href":"https:\/\/chargingshop.eu\/de\/wp-json\/wp\/v2\/product_cat?post=72273"},{"taxonomy":"product_tag","embeddable":true,"href":"https:\/\/chargingshop.eu\/de\/wp-json\/wp\/v2\/product_tag?post=72273"}],"curies":[{"name":"wp","href":"https:\/\/api.w.org\/{rel}","templated":true}]}}