{"id":72272,"date":"2025-06-14T10:14:30","date_gmt":"2025-06-14T10:14:30","guid":{"rendered":"https:\/\/chargingshop.eu\/product\/alfen-eve-single-pro-line-22kw-mit-steckdose\/"},"modified":"2025-06-14T10:14:33","modified_gmt":"2025-06-14T10:14:33","slug":"alfen-eve-single-pro-line-22kw-mit-steckdose","status":"publish","type":"product","link":"https:\/\/chargingshop.eu\/de\/produkt\/alfen-eve-single-pro-line-22kw-mit-steckdose\/","title":{"rendered":"Alfen Eve Single Pro Line 22kW mit Steckdose"},"content":{"rendered":"<div class=\"video video-fit mb\" style=\"padding-top:56.25%;\"><p><iframe title=\"Alfen installatievideo Eve Single Pro-line (Nederlands) - Alfen Charging Equipment\" width=\"1020\" height=\"574\" src=\"https:\/\/www.youtube.com\/embed\/iq98ee6rMCM?feature=oembed\" frameborder=\"0\" allow=\"accelerometer; autoplay; clipboard-write; encrypted-media; gyroscope; picture-in-picture; web-share\" referrerpolicy=\"strict-origin-when-cross-origin\" allowfullscreen><\/iframe><\/p>\n<\/div>\n<p><strong>Alfen Eve Single Pro Line 22kW mit Steckdose Hauptmerkmale:<\/strong><\/p>\n<ul data-rte-list=\"default\">\n<li>\n<p class=\"\">Liefert bis zu <strong> 22 kW AC-Leistung<\/strong><\/p>\n<\/li>\n<li><strong>DC-Leckschutz<\/strong> &#8211; Diese Station verf\u00fcgt \u00fcber einen eingebauten DC-Leckschutz, der Gleichstromlecks (DC) erkennt und sofort stoppt. Dies sch\u00fctzt sowohl das Elektroauto als auch das Stromnetz vor m\u00f6glichen elektrischen Fehlern oder Sch\u00e4den. <\/li>\n<li><strong>Anzeige<\/strong> &#8211; Die Benutzeroberfl\u00e4che, die mehrere Sprachen unterst\u00fctzt, ist einfach zu bedienen und bietet sowohl Einsteigern als auch fortgeschrittenen Benutzern alle notwendigen Informationen.<\/li>\n<li><strong>App-Steuerung<\/strong> &#8211; Mit der App k\u00f6nnen Sie den Ladevorgang aus der Ferne \u00fcberwachen, einen Ladeplan einrichten und den Ladeverlauf einsehen.<\/li>\n<li><strong>RFID<\/strong> &#8211; Die Ladestation ist mit einer Funktion zur Benutzeridentifikation mittels RFID (physischer Token) oder der Charged-App ausgestattet.<br \/>\nDas Pro-Line-Modell verf\u00fcgt au\u00dferdem \u00fcber ein integriertes Display an der Ladestation, um den Ladevorgang zu \u00fcberwachen.<\/li>\n<\/ul>\n<p>DATENBLATT:<\/p>\n<p><strong><a href=\"https:\/\/chargingshop.eu\/wp-content\/uploads\/2025\/01\/Alfen-Eve-Single-Pro-Line_DATASHEET.pdf\">Alfen-Eve-Einzel-Pro-Linie_DATASHEET<\/a><\/strong><\/p>\n","protected":false},"excerpt":{"rendered":"<div class=\"flex-shrink-0 flex flex-col relative items-end\">\n<div class=\"pt-0\">\n<div class=\"gizmo-bot-avatar flex h-8 w-8 items-center justify-center overflow-hidden rounded-full\">\n<div class=\"relative p-1 rounded-sm flex items-center justify-center bg-token-main-surface-primary text-token-text-primary h-8 w-8\">Alfen Eve Single Pro-line 22 kW 3-Phasen-Ladestation mit DISPLAY &#8211; eine erstklassige L\u00f6sung f\u00fcr ein sicheres und zuverl\u00e4ssiges Laden zu Hause oder an \u00f6ffentlichen Pl\u00e4tzen.<\/div>\n<div>OCPP-konforme Ger\u00e4te k\u00f6nnen daher mit der \u201eCharged\u201c-Online-Plattform (Back-End) verbunden werden und so \u00fcber eine mobile App gesteuert werden.<\/div>\n<\/div>\n<\/div>\n<\/div>\n<p>&nbsp;<\/p>\n","protected":false},"featured_media":0,"comment_status":"open","ping_status":"closed","template":"","meta":[],"product_brand":[],"product_cat":[384],"product_tag":[1488],"class_list":{"0":"post-72272","1":"product","2":"type-product","3":"status-publish","5":"product_cat-wallbox-ladestation-de","6":"product_tag-etrel-inch-pro-de","7":"pa_brand-alfen-de","9":"first","10":"instock","11":"sale","12":"taxable","13":"shipping-taxable","14":"purchasable","15":"product-type-simple"},"_links":{"self":[{"href":"https:\/\/chargingshop.eu\/de\/wp-json\/wp\/v2\/product\/72272","targetHints":{"allow":["GET"]}}],"collection":[{"href":"https:\/\/chargingshop.eu\/de\/wp-json\/wp\/v2\/product"}],"about":[{"href":"https:\/\/chargingshop.eu\/de\/wp-json\/wp\/v2\/types\/product"}],"replies":[{"embeddable":true,"href":"https:\/\/chargingshop.eu\/de\/wp-json\/wp\/v2\/comments?post=72272"}],"wp:attachment":[{"href":"https:\/\/chargingshop.eu\/de\/wp-json\/wp\/v2\/media?parent=72272"}],"wp:term":[{"taxonomy":"product_brand","embeddable":true,"href":"https:\/\/chargingshop.eu\/de\/wp-json\/wp\/v2\/product_brand?post=72272"},{"taxonomy":"product_cat","embeddable":true,"href":"https:\/\/chargingshop.eu\/de\/wp-json\/wp\/v2\/product_cat?post=72272"},{"taxonomy":"product_tag","embeddable":true,"href":"https:\/\/chargingshop.eu\/de\/wp-json\/wp\/v2\/product_tag?post=72272"}],"curies":[{"name":"wp","href":"https:\/\/api.w.org\/{rel}","templated":true}]}}