{"id":72254,"date":"2025-06-14T10:13:58","date_gmt":"2025-06-14T10:13:58","guid":{"rendered":"https:\/\/chargingshop.eu\/product\/v2c-trydan-22kw-pro-rfid-4g-sim-inkl-display-typ-2-spring-kabel-schwarz\/"},"modified":"2025-06-14T10:14:00","modified_gmt":"2025-06-14T10:14:00","slug":"v2c-trydan-22kw-pro-rfid-4g-sim-inkl-display-typ-2-spring-kabel-schwarz","status":"publish","type":"product","link":"https:\/\/chargingshop.eu\/de\/produkt\/v2c-trydan-22kw-pro-rfid-4g-sim-inkl-display-typ-2-spring-kabel-schwarz\/","title":{"rendered":"V2C Trydan 22kW PRO &#8211; RFID, 4G SIM inkl, Display, Typ 2 SPRING Kabel, Schwarz"},"content":{"rendered":"<div class=\"elementor-element elementor-element-6d87fa2 elementor-widget elementor-widget-heading\" data-id=\"6d87fa2\" data-element_type=\"widget\" data-widget_type=\"heading.default\">\n<div class=\"elementor-widget-container\">\n<p>V2C Trydan 22kW PRO mit SPRING CABLE &#8211; Innovatives und intelligentes Laden am Arbeitsplatz, zu Hause und die ultimative Benutzer- und Ladesteuerung mit App oder Webdashboard.<br \/>\n4G SIM-Karte f\u00fcr ununterbrochene Konnektivit\u00e4t im Lieferumfang enthalten!<br \/>\nRFID &#8211; Standard f\u00fcr die Benutzerzugangsverwaltung!<\/p>\n<h4 class=\"elementor-heading-title elementor-size-default\">Trydan ist ein Synonym f\u00fcr <b><i>Tri &#8211; <\/i>Verbindung<\/b><\/h4>\n<\/div>\n<\/div>\n<div class=\"elementor-element elementor-element-3efa5b8a elementor-position-left elementor-view-default elementor-vertical-align-top elementor-widget elementor-widget-icon-box\" data-id=\"3efa5b8a\" data-element_type=\"widget\" data-widget_type=\"icon-box.default\">\n<div class=\"elementor-widget-container\">\n<div class=\"elementor-icon-box-wrapper\">\n<div class=\"elementor-icon-box-content\">\n<h4 class=\"elementor-icon-box-title\"><em>Verbinden Sie sich mit Ihrem Telefon.<\/em><\/h4>\n<p>Genie\u00dfen Sie alle Vorteile der V2C Cloud App, die sich \u00fcber WiFi oder Bluetooth verbindet: Kontrollieren Sie den Ladevorgang, pr\u00fcfen Sie die Statistiken und planen Sie die Nutzung nach Ihren Bed\u00fcrfnissen.<\/p>\n<\/div>\n<\/div>\n<\/div>\n<\/div>\n<div class=\"elementor-element elementor-element-5f394a06 elementor-position-left elementor-view-default elementor-vertical-align-top elementor-widget elementor-widget-icon-box\" data-id=\"5f394a06\" data-element_type=\"widget\" data-widget_type=\"icon-box.default\">\n<div class=\"elementor-widget-container\">\n<div class=\"elementor-icon-box-wrapper\">\n<h4 class=\"elementor-icon-box-title\"><em>Verbinden Sie sich mit Alexa.<\/em><\/h4>\n<p class=\"elementor-icon-box-title\">Stellen Sie sich vor, Sie sagen \u201eAlexa, starte das Aufladen meines Elektroautos\u201c. Mit Trydan ist das Realit\u00e4t. Ihre Stimme gibt den Befehl und Alexa f\u00fchrt ihn aus.  <\/p>\n<\/div>\n<\/div>\n<\/div>\n<div class=\"elementor-element elementor-element-49f5b55a elementor-position-left elementor-view-default elementor-vertical-align-top elementor-widget elementor-widget-icon-box\" data-id=\"49f5b55a\" data-element_type=\"widget\" data-widget_type=\"icon-box.default\">\n<div class=\"elementor-widget-container\">\n<div class=\"elementor-icon-box-wrapper\">\n<h4 class=\"elementor-icon-box-title\"><strong><em>Verbinden Sie sich mit einem Solar-Wechselrichter und laden Sie den von der Sonne erzeugten Strom auf Ihr EV.<\/em><\/strong><\/h4>\n<div class=\"elementor-icon-box-content\">\n<p class=\"elementor-icon-box-description\">Trydan verf\u00fcgt \u00fcber das vollst\u00e4ndigste Photovoltaik-Integrationssystem, mit dem Sie direkt von der Solarstromanlage laden k\u00f6nnen.  <span style=\"font-size: 14.4px;\">Ein Solar-EV-Ladeger\u00e4t erm\u00f6glicht es Ihnen, Ihre \u00fcbersch\u00fcssige Solarenergie direkt zum Aufladen Ihres Fahrzeugs zu nutzen. Das bedeutet KOSTENLOSE Energie f\u00fcr Ihr Fahrzeug! <\/span><\/p>\n<p>  Der Solar EV Charger ist einfach zu installieren und zu verwenden und erh\u00f6ht den Return On Investment (ROI) f\u00fcr Ihre Module und Ihr Elektrofahrzeug. Aber keine Sorge, wenn Sie keine Solarmodule haben, denn der EV Charger funktioniert trotzdem wie ein herk\u00f6mmliches Ladeger\u00e4t, das mit Netzstrom betrieben wird. <\/p>\n<p>* Trydan ist mit allen Solar-Wechselrichtern kompatibel. Er stellt drahtlos eine direkte Verbindung zu <strong>GoodWe<\/strong>, <strong>Fronius<\/strong>, <strong>Huawei<\/strong>, <strong>Ingeteam<\/strong>, <strong>Kostal<\/strong>,<strong> SolarEdge<\/strong>,<strong> SolaX<\/strong>, <strong>Victron<\/strong> und <strong>Shelly <\/strong>und<strong> Wibeee<\/strong> Z\u00e4hlern her. <\/p>\n<\/div>\n<\/div>\n<\/div>\n<\/div>\n<p>&nbsp;<\/p>\n<div class=\"video video-fit mb\" style=\"padding-top:56.25%;\"><p><iframe title=\"Trydan Pro - The perfect evolution\" width=\"1020\" height=\"574\" src=\"https:\/\/www.youtube.com\/embed\/TSnKat2HRcU?feature=oembed\" frameborder=\"0\" allow=\"accelerometer; autoplay; clipboard-write; encrypted-media; gyroscope; picture-in-picture; web-share\" referrerpolicy=\"strict-origin-when-cross-origin\" allowfullscreen><\/iframe><\/p>\n<\/div>\n<p>&nbsp;<\/p>\n<h3><strong><em>Wesentliche Merkmale<\/em><\/strong><\/h3>\n<p class=\"elementor-icon-box-title\">Dynamisches Lastmanagement &#8211; Es identifiziert den Gesamtenergieverbrauch in Echtzeit und passt die Ladung an, um eine \u00dcberlastung zu vermeiden.<\/p>\n<p class=\"elementor-icon-box-title\">Home Assistant Integration &#8211; Hervorragendes Ladeerlebnis dank der Kompatibilit\u00e4t mit Hausautomatisierungssystemen.<\/p>\n<p class=\"elementor-icon-box-title\"><strong>Grenzenlose Konnektivit\u00e4t<\/strong> &#8211; Trydan ist das einzige e-Ladeger\u00e4t, das dank des V2C-Bots die volle Kontrolle \u00fcber die Telegram-App erm\u00f6glicht. Unterst\u00fctzt die Kommunikation \u00fcber <strong>OCPP<\/strong>. Trydan enth\u00e4lt auch eine <strong>OPEN API<\/strong> f\u00fcr Entwickler.  <\/p>\n<h3>V2C Wolke<\/h3>\n<p>Das Ladeerlebnis ist auf h\u00f6chstem Niveau.<\/p>\n<p>Programmieren Sie die Ladung in dem von Ihnen gew\u00e4hlten Zeitfenster, um die Einsparungen zu maximieren.<\/p>\n<p>Aktivieren oder deaktivieren Sie den Ladevorgang, w\u00e4hlen Sie seine Intensit\u00e4t, blockieren Sie die Nutzung des Ladeger\u00e4ts und rufen Sie alle Statistiken der V2C Cloud ab.<\/p>\n<h3><strong>Technische Daten &#8211; Modell TRY32-3-L5-M<\/strong><\/h3>\n<ul>\n<li>Montageort innen und au\u00dfen<\/li>\n<li>Ausgangsleistung: 22 kW (3-ph)<\/li>\n<li>Nennversorgungsspannung: 230V AC einphasig oder 400V AC 3-phasig (+\/- 10%)<\/li>\n<li>Netzfrequenz: 50\/60 Hz<\/li>\n<li>Farbe: Schwarz<\/li>\n<li>Typ 2 Ausgangskabel, 5m<\/li>\n<li>Nennstrom: 32 A max<\/li>\n<li>LED mit grafischem Display<\/li>\n<li>Stromverbrauch im Standby-Modus: 3W<\/li>\n<li>Betriebstemperatur: -25\u00b0C bis +50\u00b0C<\/li>\n<li>RFID f\u00fcr Benutzerzugangskontrolle<\/li>\n<\/ul>\n<p>&nbsp;<\/p>\n<p>&nbsp;<\/p>\n","protected":false},"excerpt":{"rendered":"<p>Der neue V2C Trydan PRO ist da!<\/p>\n<p>Inklusive 4G SIM-Karte f\u00fcr ununterbrochene Konnektivit\u00e4t!<br \/>\nRFID &#8211; Standard f\u00fcr die Verwaltung des Benutzerzugangs!<\/p>\n<p>Innovatives und intelligentes Laden zu Hause, gepaart mit elegantem und funktionellem Design.<\/p>\n<p>Eines DER intelligentesten EV-Ladeger\u00e4te auf dem Markt mit hervorragendem Design und zahlreichen Funktionen<\/p>\n<ul>\n<li>Verf\u00fcgt \u00fcber die M\u00f6glichkeit, Ihr EV mit Solarenergie zu laden, wenn diese \u00fcber einen Wechselrichter ausreichend zur Verf\u00fcgung steht.<\/li>\n<li>Dynamischer Energieausgleich &#8211; 3 CT-Klemmen inklusive!<\/li>\n<li>Smart &#8211; kann mit einer App gesteuert werden<\/li>\n<li>Hat Display<\/li>\n<li>kann mit Sprachbefehlen \u00fcber Alexa gesteuert werden!<\/li>\n<li>RFID f\u00fcr Benutzerzugangskontrolle<\/li>\n<\/ul>\n","protected":false},"featured_media":0,"comment_status":"open","ping_status":"closed","template":"","meta":[],"product_brand":[],"product_cat":[1370,384],"product_tag":[1423],"class_list":{"0":"post-72254","1":"product","2":"type-product","3":"status-publish","5":"product_cat-sale-angebote-rabatte","6":"product_cat-wallbox-ladestation-de","7":"product_tag-v2c-trydan-pro-de","8":"pa_brand-v2c-de","10":"first","11":"instock","12":"sale","13":"taxable","14":"shipping-taxable","15":"purchasable","16":"product-type-simple"},"_links":{"self":[{"href":"https:\/\/chargingshop.eu\/de\/wp-json\/wp\/v2\/product\/72254","targetHints":{"allow":["GET"]}}],"collection":[{"href":"https:\/\/chargingshop.eu\/de\/wp-json\/wp\/v2\/product"}],"about":[{"href":"https:\/\/chargingshop.eu\/de\/wp-json\/wp\/v2\/types\/product"}],"replies":[{"embeddable":true,"href":"https:\/\/chargingshop.eu\/de\/wp-json\/wp\/v2\/comments?post=72254"}],"wp:attachment":[{"href":"https:\/\/chargingshop.eu\/de\/wp-json\/wp\/v2\/media?parent=72254"}],"wp:term":[{"taxonomy":"product_brand","embeddable":true,"href":"https:\/\/chargingshop.eu\/de\/wp-json\/wp\/v2\/product_brand?post=72254"},{"taxonomy":"product_cat","embeddable":true,"href":"https:\/\/chargingshop.eu\/de\/wp-json\/wp\/v2\/product_cat?post=72254"},{"taxonomy":"product_tag","embeddable":true,"href":"https:\/\/chargingshop.eu\/de\/wp-json\/wp\/v2\/product_tag?post=72254"}],"curies":[{"name":"wp","href":"https:\/\/api.w.org\/{rel}","templated":true}]}}