{"id":72249,"date":"2025-06-14T10:13:49","date_gmt":"2025-06-14T10:13:49","guid":{"rendered":"https:\/\/chargingshop.eu\/product\/abb-smartmeter-d13-15-m-65-modbus\/"},"modified":"2025-06-14T10:13:49","modified_gmt":"2025-06-14T10:13:49","slug":"abb-smartmeter-d13-15-m-65-modbus","status":"publish","type":"product","link":"https:\/\/chargingshop.eu\/de\/produkt\/abb-smartmeter-d13-15-m-65-modbus\/","title":{"rendered":"ABB SmartMeter D13 15-M 65 Modbus"},"content":{"rendered":"<p>D13 15-M 65 Modbus ist ein dreiphasiger Energiez\u00e4hler mit Modbus RTU, direktem Anschluss bis zu 65 A, Vier-Quadranten-Messung, Klasse B Genauigkeit f\u00fcr Wirkenergie gem\u00e4\u00df MID-Richtlinie und Klasse 2 f\u00fcr Blindenergie gem\u00e4\u00df IEC 62053-23, einem digitalen Eingang und einem digitalen Ausgang, nur drei DIN-Module in der Breite und Geh\u00e4use aus recyceltem Kunststoff.<\/p>\n","protected":false},"excerpt":{"rendered":"<p>ABB SmartMeter D13 15-M 65 Modbus &#8211; ist ein dreiphasiger Energiez\u00e4hler mit Modbus RTU, Direktanschluss bis zu 65 A. Kompatibel mit allen ABB AC Terra Modellen.<\/p>\n","protected":false},"featured_media":0,"comment_status":"closed","ping_status":"closed","template":"","meta":[],"product_brand":[],"product_cat":[410,384],"product_tag":[],"class_list":{"0":"post-72249","1":"product","2":"type-product","3":"status-publish","5":"product_cat-accessories","6":"product_cat-wallbox-ladestation-de","8":"first","9":"instock","10":"sale","11":"taxable","12":"shipping-taxable","13":"purchasable","14":"product-type-simple"},"_links":{"self":[{"href":"https:\/\/chargingshop.eu\/de\/wp-json\/wp\/v2\/product\/72249","targetHints":{"allow":["GET"]}}],"collection":[{"href":"https:\/\/chargingshop.eu\/de\/wp-json\/wp\/v2\/product"}],"about":[{"href":"https:\/\/chargingshop.eu\/de\/wp-json\/wp\/v2\/types\/product"}],"replies":[{"embeddable":true,"href":"https:\/\/chargingshop.eu\/de\/wp-json\/wp\/v2\/comments?post=72249"}],"wp:attachment":[{"href":"https:\/\/chargingshop.eu\/de\/wp-json\/wp\/v2\/media?parent=72249"}],"wp:term":[{"taxonomy":"product_brand","embeddable":true,"href":"https:\/\/chargingshop.eu\/de\/wp-json\/wp\/v2\/product_brand?post=72249"},{"taxonomy":"product_cat","embeddable":true,"href":"https:\/\/chargingshop.eu\/de\/wp-json\/wp\/v2\/product_cat?post=72249"},{"taxonomy":"product_tag","embeddable":true,"href":"https:\/\/chargingshop.eu\/de\/wp-json\/wp\/v2\/product_tag?post=72249"}],"curies":[{"name":"wp","href":"https:\/\/api.w.org\/{rel}","templated":true}]}}