{"id":72235,"date":"2025-06-14T10:13:38","date_gmt":"2025-06-14T10:13:38","guid":{"rendered":"https:\/\/chargingshop.eu\/product\/abb-terra-ac-22-kw-typ-2-kabel-4g-rfid-abb-3p-smartmeter\/"},"modified":"2025-06-14T10:13:43","modified_gmt":"2025-06-14T10:13:43","slug":"abb-terra-ac-22-kw-typ-2-kabel-4g-rfid-abb-3p-smartmeter","status":"publish","type":"product","link":"https:\/\/chargingshop.eu\/de\/produkt\/abb-terra-ac-22-kw-typ-2-kabel-4g-rfid-abb-3p-smartmeter\/","title":{"rendered":"ABB Terra AC 22 kW, Typ 2 Kabel, 4G, RFID + ABB 3P SmartMeter"},"content":{"rendered":"<p><em><strong>ABB Terra AC 22kW mit Kabel, Typ 2 Kabel, 4G, RFID + ABB 3P SmartMeter f\u00fcr Lastausgleich (regul\u00e4rer Preis &#8211; 145eur)<\/strong><\/em><\/p>\n<p>&nbsp;<\/p>\n<p>Ein SET f\u00fcr DYNAMIC LOAD BALANCING Funktionalit\u00e4t. Dies verhindert einen \u00fcberm\u00e4\u00dfigen Stromverbrauch beim Laden Ihres EV. <\/p>\n<p><strong>Hochwertige Qualit\u00e4t  <\/strong><\/p>\n<p>&#8211; Eines der g\u00fcnstigsten Ladeger\u00e4te auf dem Markt<\/p>\n<p>&#8211; Breite Palette an Konnektivit\u00e4tsoptionen<\/p>\n<p>&#8211; Platzsparendes und einfach zu installierendes Design<\/p>\n<p>&nbsp;<\/p>\n<p><strong>Sicherheit und Schutz<\/strong><\/p>\n<p>&#8211; Bewertet und getestet von unabh\u00e4ngigen Dritten, um die h\u00f6chsten Standards zu erf\u00fcllen<\/p>\n<p>&#8211; Der Strombegrenzungsschutz verhindert unerw\u00fcnschte Ausl\u00f6sungen und \u00dcberstrom in der Anlage<\/p>\n<p>&#8211; Integrierte Schutzfunktionen wie DC-Erdschluss und \u00dcberspannung<\/p>\n<p>&nbsp;<\/p>\n<p><img decoding=\"async\" class=\"alignleft wp-image-3224\" src=\"https:\/\/chargingshop.eu\/wp-content\/uploads\/2020\/07\/ABB-Terra-AC-dynamic-load-management-307x400.png\" alt=\"ABB Terra AC dynamisches Lastmanagement\" width=\"470\" height=\"612\" srcset=\"https:\/\/chargingshop.eu\/wp-content\/uploads\/2020\/07\/ABB-Terra-AC-dynamic-load-management-307x400.png 307w, https:\/\/chargingshop.eu\/wp-content\/uploads\/2020\/07\/ABB-Terra-AC-dynamic-load-management.png 422w\" sizes=\"(max-width: 470px) 100vw, 470px\" \/><\/p>\n<p><strong>Lastmanagement<\/strong><\/p>\n<p>&#8211; Eingebauter Energiez\u00e4hler<\/p>\n<p>&#8211; Manuelles oder automatisiertes (dynamisches) Lastmanagement<\/p>\n<p>&#8211; Einrichtung f\u00fcr die Integration externer Energiez\u00e4hler f\u00fcr dynamisches Lastmanagement<\/p>\n<p>&#8211; Bereit f\u00fcr die Integration in ein fortschrittliches intelligentes Geb\u00e4ude-Energiesystem<\/p>\n<p><strong>Zukunftssichere Flexibilit\u00e4t<\/strong><\/p>\n<p>&#8211; Intelligente Funktionen f\u00fcr optimiertes Laden<\/p>\n<p>&#8211; Integration von Energiez\u00e4hlern f\u00fcr dynamisches Lastmanagement<\/p>\n<p>&#8211; Dedizierte App f\u00fcr Steuerung und Konfiguration<\/p>\n<p>&#8211; Software-Fernaktualisierung aktiviert<\/p>\n<p>&nbsp;<\/p>\n<p>&nbsp;<\/p>\n<div>\n<p>&nbsp;<\/p>\n<p>&nbsp;<\/p>\n<\/div>\n<p>&nbsp;<\/p>\n<p>&nbsp;<\/p>\n<p><strong>Pr\u00e4sentation aller Smart-Funktionen:<\/strong><\/p>\n<p><a href=\"https:\/\/chargingshop.eu\/wp-content\/uploads\/2020\/12\/chargersync-APP.pdf\">Chargersync APP<\/a><\/p>\n<p>&nbsp;<\/p>\n<div>\n<p><strong>Geb\u00fchrenplanung \u201ePeak Shaving<\/strong>\u201c<\/p>\n<p>&#8211; Legen Sie Ihre Ladezeiten fest (Zeitplan), um Stromspitzen zu vermeiden, z.B. den Abendtarif<\/p>\n<p>&#8211; M\u00f6gliche Einsparungen bei der Stromrechnung von 100-300 eur pro Jahr* (abh\u00e4ngig von den lokalen Strompreisen)<\/p>\n<p>&nbsp;<\/p>\n<\/div>\n<p><strong>ChargeSync Benutzer-App f\u00fcr Terra AC Kontrolle, Status und Konfiguration<\/strong><\/p>\n<p>Einrichtung der Station:<\/p>\n<div class=\"video video-fit mb\" style=\"padding-top:56.25%;\"><p><iframe title=\"ABB Terra AC station setup\" width=\"1020\" height=\"574\" src=\"https:\/\/www.youtube.com\/embed\/9tBaVWj7mHI?feature=oembed\" frameborder=\"0\" allow=\"accelerometer; autoplay; clipboard-write; encrypted-media; gyroscope; picture-in-picture; web-share\" referrerpolicy=\"strict-origin-when-cross-origin\" allowfullscreen><\/iframe><\/p>\n<\/div>\n<p>Status der Aufladung:<\/p>\n<div class=\"video video-fit mb\" style=\"padding-top:56.25%;\"><p><iframe title=\"ABB Terra AC APP charging process\" width=\"1020\" height=\"574\" src=\"https:\/\/www.youtube.com\/embed\/ZDbrLx06yh0?feature=oembed\" frameborder=\"0\" allow=\"accelerometer; autoplay; clipboard-write; encrypted-media; gyroscope; picture-in-picture; web-share\" referrerpolicy=\"strict-origin-when-cross-origin\" allowfullscreen><\/iframe><\/p>\n<\/div>\n<p>&nbsp;<\/p>\n<p><strong>ABB Terra AC 22kW Modell &#8211; (TAC-W22-G5-R-C-0<\/strong> \/ <strong>6AGC082157) Funktionalit\u00e4ten:<\/strong><\/p>\n<p>-Typ -Wallbox mit Kabel Typ 2<br \/>\n-Leistung 22 kW<br \/>\n-Dreiphasig<br \/>\n-Maximalstrom 32A<\/p>\n<p>-Ethernet (RJ45)<br \/>\n-Wifi<br \/>\n-OCPP 1.6<br \/>\n-Bluetooth<br \/>\n-Modbus RTU (RS485)<\/p>\n<p><strong><a href=\"https:\/\/new.abb.com\/products\/2CMA290881R1000\/ev3-012-100\" target=\"_blank\" rel=\"noopener\">EV3 012-100 SmartMeter Modell<\/a> &#8211; 2CMA290881R1000<\/strong><\/p>\n<p>&nbsp;<\/p>\n<p><em>Terra AC Produktbrosch\u00fcre:<\/em><\/p>\n<p><a href=\"https:\/\/chargingshop.eu\/?attachment_id=2067\" target=\"_blank\" rel=\"attachment noopener wp-att-2067 noreferrer\">ABB_Terra_AC_wallbox_Brosch\u00fcre_A4<\/a><\/p>\n<p>&nbsp;<\/p>\n<p>* Netzbetreiber verlangen in der Regel 25-40% Aufschlag f\u00fcr Strom, der in den Abendstunden von 6-10 Uhr verbraucht wird. Dies unterliegt dem Vertrag mit dem Anbieter. In einigen L\u00e4ndern kann kein Abend-\/Nachttarif angeboten werden.  <\/p>\n<p>&nbsp;<\/p>\n","protected":false},"excerpt":{"rendered":"<p><a href=\"https:\/\/www.adac.de\/rund-ums-fahrzeug\/tests\/elektromobilitaet\/wallboxen\/\">ADAC Wallbox Testsieger &#8211; 05\/2021<\/a><\/p>\n<p><em>ABB Terra AC 22kW Wallbox mit Kabel + <strong><a href=\"https:\/\/new.abb.com\/products\/2CMA290881R1000\/ev3-012-100\">EV3 012-100 SmartMeter Modell<\/a> &#8211; 2CMA290881R1000<\/strong> Mit diesem Set k\u00f6nnen Sie die dynamische Lastausgleichsfunktion f\u00fcr eine Phase nutzen.<\/em><\/p>\n<p>Au\u00dfergew\u00f6hnliche Qualit\u00e4t vom Weltmarktf\u00fchrer &#8211; ABB. Eine intelligente und zukunftssichere Station zum Preis einer normalen Station. <\/p>\n<ul>\n<li>Status und Kontrolle \u00fcber die App<\/li>\n<li>Vollst\u00e4ndiger Schutz: \u00dcberstrom, \u00dcberspannung, Unterspannung, Erdschluss, integrierter Blitzschutz<\/li>\n<li>Geb\u00fchrenplanung \u201ePeak Shaving\u201c<\/li>\n<li>Lastausgleich<\/li>\n<li>M\u00f6glichkeit, nur photovoltaische Energie vom lokalen Wechselrichter zu laden<\/li>\n<li>und vieles mehr<\/li>\n<\/ul>\n<p>&nbsp;<\/p>\n","protected":false},"featured_media":0,"comment_status":"open","ping_status":"closed","template":"","meta":[],"product_brand":[],"product_cat":[1370,384],"product_tag":[1397],"class_list":{"0":"post-72235","1":"product","2":"type-product","3":"status-publish","5":"product_cat-sale-angebote-rabatte","6":"product_cat-wallbox-ladestation-de","7":"product_tag-abb-terra-ac-7-de","8":"pa_brand-abb-de","10":"first","11":"instock","12":"sale","13":"taxable","14":"shipping-taxable","15":"purchasable","16":"product-type-simple"},"_links":{"self":[{"href":"https:\/\/chargingshop.eu\/de\/wp-json\/wp\/v2\/product\/72235","targetHints":{"allow":["GET"]}}],"collection":[{"href":"https:\/\/chargingshop.eu\/de\/wp-json\/wp\/v2\/product"}],"about":[{"href":"https:\/\/chargingshop.eu\/de\/wp-json\/wp\/v2\/types\/product"}],"replies":[{"embeddable":true,"href":"https:\/\/chargingshop.eu\/de\/wp-json\/wp\/v2\/comments?post=72235"}],"wp:attachment":[{"href":"https:\/\/chargingshop.eu\/de\/wp-json\/wp\/v2\/media?parent=72235"}],"wp:term":[{"taxonomy":"product_brand","embeddable":true,"href":"https:\/\/chargingshop.eu\/de\/wp-json\/wp\/v2\/product_brand?post=72235"},{"taxonomy":"product_cat","embeddable":true,"href":"https:\/\/chargingshop.eu\/de\/wp-json\/wp\/v2\/product_cat?post=72235"},{"taxonomy":"product_tag","embeddable":true,"href":"https:\/\/chargingshop.eu\/de\/wp-json\/wp\/v2\/product_tag?post=72235"}],"curies":[{"name":"wp","href":"https:\/\/api.w.org\/{rel}","templated":true}]}}