{"id":6410,"date":"2022-01-23T13:53:42","date_gmt":"2022-01-23T13:53:42","guid":{"rendered":"https:\/\/chargingshop.eu\/product\/solarcarport\/"},"modified":"2025-02-07T07:19:01","modified_gmt":"2025-02-07T07:19:01","slug":"solarcarport","status":"publish","type":"product","link":"https:\/\/chargingshop.eu\/de\/produkt\/solarcarport\/","title":{"rendered":"Solarcarport"},"content":{"rendered":"<p>Wenn Sie ein Autobesitzer sind oder jemand, der schon immer ein PV-Fanatiker ist und den neuesten technologischen Trends folgen m\u00f6chte, m\u00fcssen Sie auf die neueste Erg\u00e4nzung in der Kategorie Solarmodule gesto\u00dfen sein &#8211; ein Solar-Carport. Eine fortschrittlichere Version der traditionellen Carports und Freifl\u00e4chen-Solaranlagen.<\/p>\n<h2>Was kostet ein Carport zur Solarstromerzeugung?<\/h2>\n<p>Es wurde mit der Technologie zum Einfangen von Photonen (Lichtteilchen) entwickelt und deckt einen Parkplatz ab. Der Trend, einen Carport zur Solarstromerzeugung zu nutzen und Fahrzeuge mit <a href=\"http:\/\/chrgsolar.lt\/\" target=\"_blank\" rel=\"noopener\">Solarenergie<\/a> aufzuladen, boomt heutzutage. Entweder Sie schauen auf eine private Autoveranda oder einen \u00f6ffentlichen Parkplatz in gro\u00dfen Einkaufszentren oder Stadtzentren, Sie k\u00f6nnen es sehen. Nat\u00fcrlich ist ein Solar-Carport speziell zum Laden von Elektrofahrzeugen gedacht, aber seine Funktion ist nicht eingeschr\u00e4nkt. Au\u00dferdem sch\u00fctzt es vor UV-Strahlen und Niederschlag. Dar\u00fcber hinaus liefert ein Solarstrom erzeugender Hafen auch Energie an nahe gelegene Unternehmen, Haushalte oder das \u00f6rtliche Versorgungsnetz.<\/p>\n<h3>Wie funktioniert es?<\/h3>\n<p>Die Funktionsweise eines Solar-Carports unterscheidet sich nicht mehr als die typischer Boden- oder Dach-Solarmodule. Es funktioniert mit der gleichen Technologie. Es wandelt die Energie von Photonen durch den Prozess des photovoltaischen Effekts in Elektrizit\u00e4t um. Wenn ein Solarpanel von einem Photon getroffen wird, erzeugt seine Energie Elektronen, die durch die Solarpanels flie\u00dfen und einen elektrischen Strom erzeugen. Play <a href=\"https:\/\/plinko-australia.com\" target=\"_blank\" rel=\"noopener\">plinko<\/a> in Australia<\/p>\n<h3>Kosten f\u00fcr Carport mit Sonnenkollektoren<\/h3>\n<p>Die Kosten mit Solarmodulen h\u00e4ngen von der Art und Gr\u00f6\u00dfe des von Ihnen gew\u00e4hlten Solarmoduls ab. Die Gesamtkosten h\u00e4ngen von diesen Fragen ab: 1. Wie viel Strom m\u00f6chten Sie produzieren? 2. Was ist die Gesamtfl\u00e4che, die Sie abdecken m\u00f6chten? 3. Typ\/Modell des verwendeten <a href=\"https:\/\/chargingshop.eu\/product\/solar-inverter-huawei-sun2000-5ktl-m0\/\">Wechselrichters<\/a> Ein typischer Carport kann 4 bis 10 kW Solar aufnehmen Tafeln. Es kann 5000 bis 20000 kWh im Jahr erzeugen (abh\u00e4ngig von der Anzahl der Sonnentage im Jahr)<\/p>\n","protected":false},"excerpt":{"rendered":"<p>Erzeugen Sie Solarstrom in Ihrem privaten Garten.<\/p>\n<ul>\n<li>Sch\u00fctzt Ihr Auto vor Sonne, Regen und Schnee<\/li>\n<li>erzeugt Energie f\u00fcr Ihr Haus oder Ihr Elektrofahrzeug<\/li>\n<\/ul>\n","protected":false},"featured_media":6034,"comment_status":"open","ping_status":"closed","template":"","meta":[],"product_brand":[],"product_cat":[837,782],"product_tag":[],"class_list":{"0":"post-6410","1":"product","2":"type-product","3":"status-publish","4":"has-post-thumbnail","6":"product_cat-solar-carports-de","7":"product_cat-solarplatten","9":"first","10":"instock","11":"taxable","12":"shipping-taxable","13":"product-type-simple"},"_links":{"self":[{"href":"https:\/\/chargingshop.eu\/de\/wp-json\/wp\/v2\/product\/6410","targetHints":{"allow":["GET"]}}],"collection":[{"href":"https:\/\/chargingshop.eu\/de\/wp-json\/wp\/v2\/product"}],"about":[{"href":"https:\/\/chargingshop.eu\/de\/wp-json\/wp\/v2\/types\/product"}],"replies":[{"embeddable":true,"href":"https:\/\/chargingshop.eu\/de\/wp-json\/wp\/v2\/comments?post=6410"}],"wp:featuredmedia":[{"embeddable":true,"href":"https:\/\/chargingshop.eu\/de\/wp-json\/wp\/v2\/media\/6034"}],"wp:attachment":[{"href":"https:\/\/chargingshop.eu\/de\/wp-json\/wp\/v2\/media?parent=6410"}],"wp:term":[{"taxonomy":"product_brand","embeddable":true,"href":"https:\/\/chargingshop.eu\/de\/wp-json\/wp\/v2\/product_brand?post=6410"},{"taxonomy":"product_cat","embeddable":true,"href":"https:\/\/chargingshop.eu\/de\/wp-json\/wp\/v2\/product_cat?post=6410"},{"taxonomy":"product_tag","embeddable":true,"href":"https:\/\/chargingshop.eu\/de\/wp-json\/wp\/v2\/product_tag?post=6410"}],"curies":[{"name":"wp","href":"https:\/\/api.w.org\/{rel}","templated":true}]}}