{"id":6323,"date":"2022-01-20T17:06:20","date_gmt":"2022-01-20T17:06:20","guid":{"rendered":"https:\/\/chargingshop.eu\/product\/huawei-sun2000-8kw-8ktl-solarwechselrichter\/"},"modified":"2022-01-20T17:06:20","modified_gmt":"2022-01-20T17:06:20","slug":"huawei-sun2000-8kw-8ktl-solarwechselrichter","status":"publish","type":"product","link":"https:\/\/chargingshop.eu\/de\/produkt\/huawei-sun2000-8kw-8ktl-solarwechselrichter\/","title":{"rendered":"Huawei SUN2000 8kW (8KTL) &#8211; Solarwechselrichter"},"content":{"rendered":"<p>Der Netzanschluss-Wechselrichter<\/p>\n<p><strong>Huawei SUN2000-8KTL-M0 8kW<\/strong> ist f\u00fcr die Installation in Haushalten vorbereitet, die mit Drehstrom versorgt werden. Dieser Wechselrichter ist ein Zwischenmodell innerhalb der neuen Netzanschluss-Reihe f\u00fcr Privathaushalte. Das Solarpanel verf\u00fcgt \u00fcber eine DC-Isolationserkennung und eine Restintensit\u00e4ts\u00fcberwachungseinheit. Die effizientesten Solarstromsysteme, die unsere Ger\u00e4te betreiben, erfordern einen hochwertigen Wechselrichter mit einem robusten Konvektionsk\u00fchlsystem. <strong>SUN2000-8KTL-M0 8kW-Wechselrichter <\/strong>ist f\u00fcr den Betrieb an dreiphasigen Netzanschlusseinrichtungen vorbereitet. Es wird die M\u00f6glichkeit geschaffen, dass Batterien ihren Eigenverbrauchsgrad erh\u00f6hen.<\/p>\n<h2>Huawei SUN2000-8KTL-M0-Funktionen:<\/h2>\n<p><span data-spm-anchor-id=\"a2g0o.detail.1000023.i1.76d84c51JufCUg\">Der Huawei SUN2000-8KTL-M0 8kW-Wechselrichter verf\u00fcgt \u00fcber 2 MPPT, die die Installation von Panels in zwei Formgruppen erm\u00f6glichen, die jeweils die Gruppen k\u00f6nnen mit unterschiedlicher Neigung, Ausrichtung oder unterschiedlichen elektrischen Eigenschaften installiert werden. <b>Der Wechselrichter SUN20008KTL<\/b> maximiert die Effizienz von <a href=\"https:\/\/chargingshop.eu\/de\/produkt-kategorie\/solarplatten\/\"><strong>Solarmodulen<\/strong><\/a> damit dem Haus jederzeit eine maximale Energie von bis zu 99 % zur Verf\u00fcgung steht.<\/span> Der neueste 8-kW-Solar-Wechselrichter von Huawei wird auf dem Markt sehr gesch\u00e4tzt, da die folgenden Spezifikationen eine Investition wert sind. <strong>Spezifikationen:<\/strong><\/p>\n<ul>\n<li>Aktive AC-Nennleistung 8.000 W max.<\/li>\n<li>AC-Scheinleistung 8.800 VA<\/li>\n<li>Maximale Eingangsspannung (Vmax) 1.100 V<\/li>\n<li>Maximale Intensit\u00e4t pro MPPT 11A<\/li>\n<li>max. Kurzschlussst\u00e4rke pro MPPT 15A<\/li>\n<li>Minimale Eingangsspannung 200 V<\/li>\n<li>Spannungsbereich in MPP 380V-850V<\/li>\n<li>Nennspannung des maximalen Potenzials 600 V max.<\/li>\n<\/ul>\n<h4><strong>Effizienz:<\/strong><\/h4>\n<ul>\n<li><strong>Maximaler Wirkungsgrad des Wechselrichters:<\/strong> 98,6\u00a0%<\/li>\n<li><strong>Europ\u00e4ischer gewichteter Wirkungsgrad:<\/strong> 98,0\u00a0%<\/li>\n<\/ul>\n<h4><strong>Eingabe:<\/strong><\/h4>\n<ul>\n<li><strong>Max. Eingangsspannung:<\/strong> 1.100 V<\/li>\n<li><strong>Mini Eingangsspannung:<\/strong> 200V<\/li>\n<li><strong>MpPT-Spannungsbereich:<\/strong> 140\u00a0V\u00a0\u2013 980\u00a0V<\/li>\n<li><strong>Nennpanel-Eingangsspannung:<\/strong> 600\u00a0V<\/li>\n<li><strong>Maximaler Eingangsstrom pro MPPT:<\/strong> 11A<\/li>\n<li><strong>Maximale Intensit\u00e4t:<\/strong> 15A<\/li>\n<li><strong>MPPT-Zahl:<\/strong> 2<\/li>\n<li><strong>MPPT-Eing\u00e4nge:<\/strong> 1<\/li>\n<\/ul>\n<h4><strong>Ausgabe:<\/strong><\/h4>\n<ul>\n<li>Dreiphasen-Wechselausgang<\/li>\n<li>Nennausgangsleistung: 8 kW &#8211; 8,8 kVA<\/li>\n<li>Ausgangsspannung: 220\/380V, 230\/400V, 3W+N+PE<\/li>\n<li>Nennnetzfrequenz: 50\u00a0Hz\/60\u00a0Hz<\/li>\n<li>Maximaler Ausgangsstrom 13,5A<\/li>\n<\/ul>\n","protected":false},"excerpt":{"rendered":"<p>Der Huawei SUN2000-8KTL-M0 ist sicher, zuverl\u00e4ssig und effizient. Dieser Solarerfinder verspricht eines der besten Solarerlebnisse da drau\u00dfen.<\/p>\n<ul>\n<li>Wechselrichtertopologie mit hohem Wirkungsgrad<\/li>\n<li>Integrierte Batterieschnittstelle<\/li>\n<li>KI-basierte Lichtbogenerkennung AFCI<\/li>\n<li>Eingebaute Batterieschnittstelle<\/li>\n<li>Schnelle Installation<\/li>\n<li>WLAN-Dongle im Wechselrichterpaket<\/li>\n<\/ul>\n","protected":false},"featured_media":0,"comment_status":"open","ping_status":"closed","template":"","meta":[],"product_brand":[],"product_cat":[782],"product_tag":[],"class_list":{"0":"post-6323","1":"product","2":"type-product","3":"status-publish","5":"product_cat-solarplatten","6":"pa_brand-huawei-de","8":"first","9":"instock","10":"taxable","11":"shipping-taxable","12":"purchasable","13":"product-type-simple"},"_links":{"self":[{"href":"https:\/\/chargingshop.eu\/de\/wp-json\/wp\/v2\/product\/6323","targetHints":{"allow":["GET"]}}],"collection":[{"href":"https:\/\/chargingshop.eu\/de\/wp-json\/wp\/v2\/product"}],"about":[{"href":"https:\/\/chargingshop.eu\/de\/wp-json\/wp\/v2\/types\/product"}],"replies":[{"embeddable":true,"href":"https:\/\/chargingshop.eu\/de\/wp-json\/wp\/v2\/comments?post=6323"}],"wp:attachment":[{"href":"https:\/\/chargingshop.eu\/de\/wp-json\/wp\/v2\/media?parent=6323"}],"wp:term":[{"taxonomy":"product_brand","embeddable":true,"href":"https:\/\/chargingshop.eu\/de\/wp-json\/wp\/v2\/product_brand?post=6323"},{"taxonomy":"product_cat","embeddable":true,"href":"https:\/\/chargingshop.eu\/de\/wp-json\/wp\/v2\/product_cat?post=6323"},{"taxonomy":"product_tag","embeddable":true,"href":"https:\/\/chargingshop.eu\/de\/wp-json\/wp\/v2\/product_tag?post=6323"}],"curies":[{"name":"wp","href":"https:\/\/api.w.org\/{rel}","templated":true}]}}