{"id":5935,"date":"2021-08-20T14:54:44","date_gmt":"2021-08-20T14:54:44","guid":{"rendered":"https:\/\/chargingshop.eu\/product\/efacec-qc45-fast-charging-station\/"},"modified":"2021-08-20T14:54:44","modified_gmt":"2021-08-20T14:54:44","slug":"efacec-qc45-fast-charging-station","status":"publish","type":"product","link":"https:\/\/chargingshop.eu\/de\/produkt\/efacec-qc45-fast-charging-station\/","title":{"rendered":"EFACEC QC45 Schnelllade station"},"content":{"rendered":"<div class=\"fusion-text fusion-text-1\">\n<h2 class=\"eshop-detail-title cf\"><span class=\"product-title\"><span class=\"product-title-content\">Efacec\u00a0<\/span><\/span>QC45 ist die beste Ladestation Station, kompatibel mit allen Marken von Elektrofahrzeugen<\/h2>\n<\/div>\n<p>Die QC45-Schnellladestation bietet eine schnelle Akkuladung und unterst\u00fctzt das gleichzeitige Laden von 2 Elektrofahrzeugen mit Wechselstrom und Gleichstrom mit mehreren Leistungsausgangsoptionen. Alle kombinierten Ausg\u00e4nge sind in einem einzigen Schrank untergebracht, um alle geeigneten Elektroautos sicher und einfach aufzuladen.<\/p>\n<p>Die CHAdeMO-, CCS- und AC-Typ-2-kompatiblen Ladeanschl\u00fcsse des Schnellladeger\u00e4ts bieten eine Ladeleistung von bis zu 50 kW. Ein AC-Ladeanschluss ben\u00f6tigt kein festes Kabel und kann bis zu 22 kW laden. QC45 wurde entwickelt, um Ihrem Elektrofahrzeug die maximale Ladung bei minimalem Zeitaufwand zu geben.<\/p>\n<h3><strong>Funktionen der QC45-Schnellladestation<\/strong><\/h3>\n<ul>\n<li>Schnelles Aufladen bis zu 80\u00a0% in weniger als 30\u00a0Minuten<\/li>\n<li>AC und DC gleichzeitiges Laden<\/li>\n<li>Mehrere Standards (CHAdeMO, CCS und AC Type-2-kompatibel)<\/li>\n<li>Hohe Effizienz &gt; 93\u00a0%<\/li>\n<li>Hoher Leistungsfaktor 0,98<\/li>\n<li>Integrierte Kommunikation (3G; LAN; WLAN)<\/li>\n<li>Gleichstrom bis 50 kW<\/li>\n<li>Wechselstrom bis zu 43 kVA<\/li>\n<li>Hohe Zuverl\u00e4ssigkeit<\/li>\n<li>Einfacher Stecker &amp; Play-Installation<\/li>\n<\/ul>\n<h4><strong>Schnellladen:<\/strong><\/h4>\n<p>Jedes Ger\u00e4t, das in weniger als 30 Minuten von null auf 80 Prozent aufgeladen werden kann, kann strategisch als Teil eines Schnellladeinfrastrukturnetzes platziert werden. Unsere Produkte werden mit Blick auf die starke Produktion, Haltbarkeit und Sicherheit entwickelt. Die Hauptlinien und die Form des Ladeger\u00e4ts passen sich der Umgebung und der Landschaft an, und das Design soll den Kunden die Gewissheit geben, dass das Aufladen im Auto sowohl unkompliziert als auch sicher ist.<\/p>\n<h4><strong>Netzwerkintegration<\/strong><\/h4>\n<p>Die QC45 ist eine flexible und offene Ladestation, die im Stand-Alone-Modus geladen oder in jedes Netzwerk mit jedem Zentralsystem integriert werden kann.<\/p>\n<h4><strong>Anpassung &amp; Anlage<\/strong><\/h4>\n<p>Der QC45 verf\u00fcgt \u00fcber ein hochwertiges und langlebiges Geh\u00e4use mit einem Korrosionsschutz vergleichbar mit Edelstahl, der eine lange Lebensdauer der Ger\u00e4te gew\u00e4hrleistet. Um dem Gesamtauftritt Ihrer Marke zu entsprechen, k\u00f6nnen Sie sie mit benutzerdefinierten Bildern, Logos und Farben anpassen.<\/p>\n<h4><strong>Einfache Installation<\/strong><\/h4>\n<p>Dieses leistungsstarke QC45-Schnellladeger\u00e4t ist in verschiedenen Farben erh\u00e4ltlich. Es ist einfach zu installieren und einfach zu bedienen. Die Ger\u00e4te werden mit allen kompatiblen Elektroautos getestet und verifiziert. Das Schnellladeger\u00e4t QC45 bietet eine Ausgangsleistung von bis zu 50 kW DC und 43 kW AC.<\/p>\n<h4><strong>Software verf\u00fcgbar<\/strong><\/h4>\n<p>Der QC45 ist mit Charge Lab, EV Connect und den Ladesoftwaresystemen f\u00fcr Nutzfahrzeuge von Green Lots kompatibel. Kundenabrechnung, Flottenmanagement, Ladeger\u00e4t\u00fcberwachung und sogar iPhone- und Android-Anwendungen, mit denen Verbraucher Ihre Ladeger\u00e4te finden k\u00f6nnen, sind mit diesen Softwarepaketen m\u00f6glich.<\/p>\n<p>&nbsp;<\/p>\n","protected":false},"excerpt":{"rendered":"<p>Efacec hat eine neue Ladestation eingef\u00fchrt, die alle Elektrofahrzeuge im Stand-alone-Modus mit minimalem Zeitaufwand aufl\u00e4dt. Sein Design ist einzigartig und l\u00e4dt mit dem besten Leistungsfaktor.<\/p>\n<ul>\n<li>Schnellladung bis zu 80\u00a0%<\/li>\n<li>Hohe Effizienz &gt;93\u00a0%<\/li>\n<li>Hoher Leistungsfaktor 0,98<\/li>\n<li>Hohe Zuverl\u00e4ssigkeit<\/li>\n<li>Gleichstrom bis 50 KW<\/li>\n<li>Wechselstrom bis zu 43Kva<\/li>\n<li>Einfach zu installieren<\/li>\n<li>Korrosionsschutz<\/li>\n<\/ul>\n<p>~2-3 Monate Vorlaufzeit.<\/p>\n","protected":false},"featured_media":5850,"comment_status":"open","ping_status":"closed","template":"","meta":[],"product_brand":[],"product_cat":[400],"product_tag":[725,724,722,723],"class_list":{"0":"post-5935","1":"product","2":"type-product","3":"status-publish","4":"has-post-thumbnail","6":"product_cat-dc-ladestation","7":"product_tag-50kw-schnellladegerat","8":"product_tag-efacec-qc45-preis","9":"product_tag-qc45-schnelllade-station","10":"product_tag-qc45-schnellladegerat","11":"pa_brand-efacec-de","13":"first","14":"instock","15":"taxable","16":"shipping-taxable","17":"purchasable","18":"product-type-simple"},"_links":{"self":[{"href":"https:\/\/chargingshop.eu\/de\/wp-json\/wp\/v2\/product\/5935","targetHints":{"allow":["GET"]}}],"collection":[{"href":"https:\/\/chargingshop.eu\/de\/wp-json\/wp\/v2\/product"}],"about":[{"href":"https:\/\/chargingshop.eu\/de\/wp-json\/wp\/v2\/types\/product"}],"replies":[{"embeddable":true,"href":"https:\/\/chargingshop.eu\/de\/wp-json\/wp\/v2\/comments?post=5935"}],"wp:featuredmedia":[{"embeddable":true,"href":"https:\/\/chargingshop.eu\/de\/wp-json\/wp\/v2\/media\/5850"}],"wp:attachment":[{"href":"https:\/\/chargingshop.eu\/de\/wp-json\/wp\/v2\/media?parent=5935"}],"wp:term":[{"taxonomy":"product_brand","embeddable":true,"href":"https:\/\/chargingshop.eu\/de\/wp-json\/wp\/v2\/product_brand?post=5935"},{"taxonomy":"product_cat","embeddable":true,"href":"https:\/\/chargingshop.eu\/de\/wp-json\/wp\/v2\/product_cat?post=5935"},{"taxonomy":"product_tag","embeddable":true,"href":"https:\/\/chargingshop.eu\/de\/wp-json\/wp\/v2\/product_tag?post=5935"}],"curies":[{"name":"wp","href":"https:\/\/api.w.org\/{rel}","templated":true}]}}