{"id":5924,"date":"2021-08-25T14:08:34","date_gmt":"2021-08-25T14:08:34","guid":{"rendered":"https:\/\/chargingshop.eu\/product\/efacec-qc24s-schnellladegerat\/"},"modified":"2021-08-25T14:08:34","modified_gmt":"2021-08-25T14:08:34","slug":"efacec-qc24s-schnellladegerat","status":"publish","type":"product","link":"https:\/\/chargingshop.eu\/de\/produkt\/efacec-qc24s-schnellladegerat\/","title":{"rendered":"Efacec QC24S Schnellladeger\u00e4t"},"content":{"rendered":"<p>Efacec QC24S Quick Charger ist ein neues kompaktes Schnellladeger\u00e4t mit einer Steckdose, das Ihr Elektroauto innerhalb einer Stunde zu 80 % aufl\u00e4dt. Konform mit allen branchen\u00fcblichen Ladeprotokollen und Schnittstellen. Sein leichtes Design l\u00e4sst sich leicht an der Wand montieren, wenn der Platz knapp ist. Die QC24S ist eine Schnellladestation, die alle CCS-kompatiblen Elektrofahrzeuge aufladen kann. Es stehen verschiedene Ausgangsoptionen zur Verf\u00fcgung, wie der grundlegende Einzel-DC-Ausgang mit 24 KW mit CCS- oder CHadeMO-Anschluss an einem angebundenen Kabel, das mit allen kompatiblen Fahrzeugen getestet und akkreditiert wurde.<\/p>\n<h2><strong>Hauptmerkmale und Vorteile des Efacec QC24S-Ladeger\u00e4ts<\/strong><\/h2>\n<ul>\n<li>Elektroauto in 1 Stunde laden Hohe Effizienz &gt; 94\u00a0%<\/li>\n<li>Mehrere Anwendungen und einfache Wartung<\/li>\n<li>Gleichstrom bis 24 kW<\/li>\n<li>Benutzerfreundliche Oberfl\u00e4che mit optionalem Farbdisplay<\/li>\n<li>Status LED Farbe Kabelhalter<\/li>\n<li>Hoher Leistungsfaktor 0,99<\/li>\n<li>Lokale und Fern\u00fcberwachungssteuerung<\/li>\n<li>Unabh\u00e4ngige oder Netzwerkintegration<\/li>\n<li>Optionale integrierte Kommunikation (3G; LAN; Wi-Fi)<\/li>\n<li>Angepasst und Branding ist verf\u00fcgbar<\/li>\n<\/ul>\n<h3><strong>\u00a0Zu den Funktionen des QC24S-Schnellladeger\u00e4ts geh\u00f6ren:<\/strong><\/h3>\n<h4><strong>Schnellladen:<\/strong><\/h4>\n<p>Jedes Ger\u00e4t, das innerhalb von 60 Minuten von null auf 80 geladen werden kann, kann strategisch als Teil eines Schnellladeinfrastrukturnetzes platziert werden. Es kostet betroffene Wandmontage, wenn Platz ein Problem ist.<\/p>\n<h4><strong>Anpassung &amp; Anlage<\/strong><\/h4>\n<p>Der QC24S verf\u00fcgt \u00fcber ein hochwertiges und langlebiges Geh\u00e4use mit einem Korrosionsschutz vergleichbar mit Edelstahl, der eine lange Lebensdauer der Ger\u00e4te gew\u00e4hrleistet. Personalisieren Sie es mit benutzerdefinierten Grafiken, Logos und Farben, um das Gesamtbild Ihrer Marke zu erhalten.<\/p>\n<h4><strong>Einfache Installation<\/strong><\/h4>\n<p>Dieses leistungsstarke, mehradrige QC24S ist ein Schnellladeger\u00e4t mit integrierter 3G- und LAN-Kommunikation und ist in verschiedenen Farben erh\u00e4ltlich. Es ist einfach zu installieren und an ein bestehendes Ladeinfrastrukturnetz anzuschlie\u00dfen.<\/p>\n<h4><strong>Software verf\u00fcgbar<\/strong><\/h4>\n<p>Das Kern-CPMS ist die End-to-End-Plattform f\u00fcr das Lademanagement von Elektrofahrzeugen. Es besteht aus einer Reihe einzigartiger und leistungsstarker Softwaretools, die effektiv auf die Anforderungen des Markt\u00f6kosystems f\u00fcr Elektrofahrzeuge reagieren.<\/p>\n<h5><strong>\u00a0 \u00a0 ANWENDUNGEN:<\/strong><\/h5>\n<ul>\n<li>Car-Share-, Taxi- und Rent-a-Car-Flotten<\/li>\n<li>EV-H\u00e4ndler und -Dienstleister<\/li>\n<li>Mitarbeiterparkpl\u00e4tze<\/li>\n<li>EV-Flotten (privat und \u00f6ffentlich)<\/li>\n<li>Einkaufszentren<\/li>\n<li>Private EV-Infrastruktur und Betreiber<\/li>\n<\/ul>\n","protected":false},"excerpt":{"rendered":"<p class=\"fusion-responsive-typography-calculated\" data-fontsize=\"24\" data-lineheight=\"36px\">Eine wirtschaftliche und schnelle Ladestation. Laden Sie jede Art von Elektrofahrzeug mit einer Rate von 24 kW pro Stunde auf.<\/p>\n<ul>\n<li>Wandmontiert<\/li>\n<li>Hohe Effizienz &gt; 94\u00a0%<\/li>\n<li>Gleichstrom bis 24 kW<\/li>\n<li>Benutzerfreundliche Oberfl\u00e4che<\/li>\n<li>Integrierte Kommunikation (3G; LAN; WLAN)<\/li>\n<li>Hoher Leistungsfaktor 0,99<\/li>\n<\/ul>\n","protected":false},"featured_media":5878,"comment_status":"open","ping_status":"closed","template":"","meta":[],"product_brand":[],"product_cat":[400],"product_tag":[],"class_list":{"0":"post-5924","1":"product","2":"type-product","3":"status-publish","4":"has-post-thumbnail","6":"product_cat-dc-ladestation","7":"pa_brand-efacec-de","9":"first","10":"instock","11":"sale","12":"taxable","13":"shipping-taxable","14":"purchasable","15":"product-type-simple"},"_links":{"self":[{"href":"https:\/\/chargingshop.eu\/de\/wp-json\/wp\/v2\/product\/5924","targetHints":{"allow":["GET"]}}],"collection":[{"href":"https:\/\/chargingshop.eu\/de\/wp-json\/wp\/v2\/product"}],"about":[{"href":"https:\/\/chargingshop.eu\/de\/wp-json\/wp\/v2\/types\/product"}],"replies":[{"embeddable":true,"href":"https:\/\/chargingshop.eu\/de\/wp-json\/wp\/v2\/comments?post=5924"}],"wp:featuredmedia":[{"embeddable":true,"href":"https:\/\/chargingshop.eu\/de\/wp-json\/wp\/v2\/media\/5878"}],"wp:attachment":[{"href":"https:\/\/chargingshop.eu\/de\/wp-json\/wp\/v2\/media?parent=5924"}],"wp:term":[{"taxonomy":"product_brand","embeddable":true,"href":"https:\/\/chargingshop.eu\/de\/wp-json\/wp\/v2\/product_brand?post=5924"},{"taxonomy":"product_cat","embeddable":true,"href":"https:\/\/chargingshop.eu\/de\/wp-json\/wp\/v2\/product_cat?post=5924"},{"taxonomy":"product_tag","embeddable":true,"href":"https:\/\/chargingshop.eu\/de\/wp-json\/wp\/v2\/product_tag?post=5924"}],"curies":[{"name":"wp","href":"https:\/\/api.w.org\/{rel}","templated":true}]}}