{"id":5740,"date":"2021-07-23T13:01:37","date_gmt":"2021-07-23T13:01:37","guid":{"rendered":"https:\/\/chargingshop.eu\/product\/juice-booster-2-mobiles-ev-ladegerat-32-a-22-kw-52-m-kabel\/"},"modified":"2021-08-02T09:51:47","modified_gmt":"2021-08-02T09:51:47","slug":"juice-booster-2-mobiles-ev-ladegerat-32-a-22-kw-52-m-kabel","status":"publish","type":"product","link":"https:\/\/chargingshop.eu\/de\/produkt\/juice-booster-2-mobiles-ev-ladegerat-32-a-22-kw-52-m-kabel\/","title":{"rendered":"JUICE BOOSTER 2 Mobiles EV-Ladeger\u00e4t 32 A, 22 kW, 5,2 m Kabel"},"content":{"rendered":"<h2><strong>JUICE BOOSTER 2\u00a0<\/strong>ist eine erstaunliche mobile Ladestation, die mit mehreren Adaptern zum Aufladen von Elektrofahrzeugen an jedem auf dem Markt erh\u00e4ltlichen Terminal und jeder Steckdose geliefert wird.<\/h2>\n<p>Der JUICE BOOSTER 2 aus Aluminiumlegierung ist ein hochwertiges tragbares Ladeger\u00e4t und sehr robust. Die Anschl\u00fcsse dieses Ger\u00e4ts werden aus Materialien hergestellt, die in der Raumfahrttechnik verwendet werden.<\/p>\n<p>Beweis der Robustheit &#8211; Ladeger\u00e4t funktioniert auch nach \u00dcberfahren durch einen Milit\u00e4rpanzer noch!<\/p>\n<p><iframe src=\"https:\/\/www.youtube.com\/embed\/46I5NwEnRfo?t=28 rel=0\" width=\"640\" height=\"360\" frameborder=\"0\" allowfullscreen=\"allowfullscreen\"><\/iframe><\/p>\n<h3><strong>JUICE BOOSTER 2 Mobiles EV-Ladeger\u00e4t<\/strong><\/h3>\n<p>Es bietet eine hervorragende Ladeleistung f\u00fcr Elektrofahrzeuge. Sie k\u00f6nnen Ihr Fahrzeug entweder in einer <strong>einphasigen\u00a0<\/strong> oder in\u00a0<strong>drei Phasen<\/strong> aufladen, bis zu einer Leistung von\u00a0<strong>22 kW <\/strong>(bedeutet, dass Sie 100 km zur\u00fccklegen k\u00f6nnen, wenn Sie Ihr Fahrzeug eine Stunde lang aufladen).<\/p>\n<p>Die mobile <strong><em>JUICE BOOSTER 2<\/em><\/strong> Ladestation ist sehr n\u00fctzlich, da sie automatisch den Typ des eingesteckten Adapters erkennt und am gro\u00dfartigen <a href=\"https: \/\/chargingshop.eu\/product\/duosida-7-kw-portable-charging-connector-adjustable-8-32a-type-2-to-cee-plug-copy\/\">Ladeleistung<\/a>. Sie m\u00fcssen nicht herausfinden, wie viele Kilowattstunden Sie aufladen k\u00f6nnen, damit Sie Ihr Ger\u00e4t sicher aufladen und wertvolle Zeit sparen k\u00f6nnen.<\/p>\n<h3><strong>Spezifikationen und Funktionen<\/strong><\/h3>\n<ul>\n<li>Abmessungen (Durchmesser und L\u00e4nge): 7 cm &amp; 22,5 cm bzw.<\/li>\n<li>Eingangsstromversorgung: einphasig\/ dreiphasig &#8211; alternierend &#8211; 6 bis 32A<\/li>\n<li>Ausgangsleistung: 1,4 bis 22kW (abh\u00e4ngig von der Eingangsleistung)<\/li>\n<li>Kabel- und Steckerl\u00e4nge: 5m<\/li>\n<li>Gewicht (mit Stecker und Kabel): 3,2 kg<\/li>\n<li>Gewicht (ohne Kabel): 1Kg<\/li>\n<li>Farbe: schwarzes Kabel, Metallic-Anthrazit<\/li>\n<li>Sto\u00dffestigkeit: IK10 \u2013 beginnt zu widerstehen, selbst wenn ein 3t-Fahrzeug dar\u00fcber rollt<\/li>\n<li>Betriebstemperatur: -25 \u00b0C bis +45 \u00b0C<\/li>\n<li>Konformit\u00e4t: CE 62196, 62752, 61851, CEM, Mode 2\/3 und RoHS<\/li>\n<li>Leckstromerkennung: ja (30mA)<\/li>\n<li>Versiegelung: IP67 (wasserdicht)<\/li>\n<li>Integrierte Schutzschalter: ja<\/li>\n<\/ul>\n<h4><strong>Kompatibel mit allen Elektrofahrzeugen mit Typ\u00a02-Stecker<\/strong><\/h4>\n<p>Was auch immer das Modell Ihres Typ-2-Fahrzeugs ist, Sie werden feststellen, dass die <strong>Typ-2-Steckdose<\/strong> des JUICE BOOSTER 2 vollst\u00e4ndig kompatibel ist.<\/p>\n<h4><strong>Best\u00e4ndig und wasserdicht<\/strong><\/h4>\n<p>Der JUICE BOOSTER 2 ist zusammen mit seinen Komponenten wetterfest und sto\u00dffest. Auch bei einer Belastung von mehr als drei T\u00f6nen bleibt die Elektronik gut gesch\u00fctzt.<\/p>\n<h4><strong>Schnelleres Laden<\/strong><\/h4>\n<p>Im Vergleich zu einer normalen Haushaltssteckdose bietet es <strong>10-mal schnelleres Laden<\/strong>. Schauen Sie sich einfach an, wie schnell die Batterie vollst\u00e4ndig geladen ist, damit das Elektrofahrzeug im Handumdrehen fahrbereit ist.<\/p>\n<h4><strong>Automatische Leistungsanpassung<\/strong><\/h4>\n<p>Der JUICE BOOSTER 2 ist sehr einfach zu bedienen! Schlie\u00dfen Sie einfach einen <a href=\"https:\/\/chargingshop.eu\/product\/adapter-cee-16a-to-cee-32a\/\">Adapter<\/a> an das tragbare Terminal an und die Ladeleistung wird automatisch angepasst auf die maximal m\u00f6gliche Ladeleistung. Der Ladevorgang wird automatisch beendet, sobald das Auto vollst\u00e4ndig aufgeladen ist.<\/p>\n<p>Sie m\u00fcssen sich nicht um eine Smartphone-Anwendung k\u00fcmmern. Der JUICE BOOSTER 2 wird mit einer einzigen Stromst\u00e4rke-Auswahltaste geliefert: einfach, sicher und zuverl\u00e4ssig.<\/p>\n<h4><strong>Einfache Auswahl der Ladeintensit\u00e4t (6A-32A)<\/strong><\/h4>\n<p>Wenn Sie die <strong>SELECT\u00a0<\/strong>-Taste dr\u00fccken, verringert die Station die Ladeleistung, ohne jemals die maximale Ladeleistung des verwendeten Adapters zu erh\u00f6hen.<\/p>\n<p>Wenn Sie die Taste \u201eSELECT\u201c dr\u00fccken, k\u00f6nnen Sie die folgenden Stromst\u00e4rken w\u00e4hlen: 32A, 25A, 20A, 16A, 13A, 10A, 8A und 6A. Durch diese Stromst\u00e4rken k\u00f6nnen Sie eine Ladeleistung zwischen 1,3 und 22 kW erreichen.<\/p>\n<h4><strong>T2-T2-Kabel ist nicht erforderlich<\/strong><\/h4>\n<p>Es wird kein T2-T2-Kabel ben\u00f6tigt, da der JUICE BOOSTER 2 selbst ein 3-phasiges 32A 22kW T2-T2-Kabel ersetzt. Sobald der T2-T2-Adapter an Ihrem JUICE BOOSTER angeschlossen ist, funktioniert er wie ein 32A 22kW dreiphasiges T2-T2-Kabel.<\/p>\n<h4><strong>Laden an einer Haushaltssteckdose wird sicher<\/strong><\/h4>\n<p>Bei mangelhafter Installation oder sogar fehlerhafter Verkabelung erh\u00f6ht sich die Gefahr eines Kabelbrandes, wenn Sie l\u00e4ngere Zeit \u00fcber eine Haushaltssteckdose aufladen. Der JUICE-Adapter verf\u00fcgt \u00fcber eine Haushaltssteckdose sowie zwei Temperatursensoren, die Ihr Kabel auch bei \u00dcberhitzung sch\u00fctzen. Bei \u00dcberhitzung stoppt die tragbare Ladestation den Ladevorgang.<\/p>\n<h4><strong>Sicherheit durch integrierten Differenzialschutzschalter<\/strong><\/h4>\n<p>Der JUICE BOOSTER 2 ist hervorragend geeignet, um den aktuellen IEC62752-Standard zu erf\u00fcllen. Die tragbare Ladestation verwendet einen Differenzialschutzschalter f\u00fcr AC- und DC-Str\u00f6me (RCD DC 6mA, AC \/ DC 30 mA).<\/p>\n<h4><strong>Schutz vor Diebstahl und falscher Handhabung<\/strong><\/h4>\n<p>Der JUICE BOOSTER 2 verf\u00fcgt \u00fcber die neuesten Sicherheitsfunktionen. Sie k\u00f6nnen es nur entfernen, wenn der Stecker von Ihrem Elektrofahrzeug abgezogen wurde. Es gibt ein modernes Schloss, das Ihren Adapter vor Diebstahl sch\u00fctzt. Um ein ungewolltes Verstellen zu verhindern, wird die Ladeleistung nach 30 Sekunden gesperrt.<\/p>\n<h4><strong>Swiss made<\/strong><\/h4>\n<p>Der JUICE BOOSTER 2 ist ein bekanntes Produkt des Schweizer Unternehmens, das als <a href=\"https:\/\/en.juice-world.com\/\" target=\"_blank\" rel=\"noopener\">Juice Technology AG<\/a> bezeichnet wird. Das Unternehmen stellt Qualit\u00e4tsprodukte mit innovativem Design her und entwickelt und fertigt alle seine Ger\u00e4te in Europa, um den lokalen Anforderungen gerecht zu werden. Die Marke ist sehr bekannt, die in der Lage ist, neuen Trends zu folgen, und ist sogar ihren Konkurrenten einen Schritt voraus.<\/p>\n<h4><strong>Einfache Aufbewahrung<\/strong><\/h4>\n<p>Das rechteckige Etui besteht aus allen Komponenten des JUICE BOOSTER 2-Packs. Zum Zwecke einer optimalen Lage im Staufach Ihres Elektrofahrzeugs erhalten Sie zus\u00e4tzlich ein Klebe-Klettband mit der Abdeckung.<\/p>\n","protected":false},"excerpt":{"rendered":"<p>Der JUICE BOOSTER ist 3 Ger\u00e4te in einer L\u00f6sung:<\/p>\n<ul>\n<li>kann als Wallbox arbeiten<\/li>\n<li>ist ein tragbares Ladeger\u00e4t<\/li>\n<li>kann als Typ-2-Kabel verwendet werden<\/li>\n<\/ul>\n<p>Es ist die robusteste mobile Ladestation. Sie k\u00f6nnen an jeder Steckdose oder \u00f6ffentlichen Ladestation laden. Es ist unglaublich einfach zu bedienen, wetterbest\u00e4ndig, diebstahlsicher und unterst\u00fctzt bis zu 10-mal schnellere Ladegeschwindigkeit im Vergleich zur Steckdose. Ein Qualit\u00e4tsprodukt der Schweiz.<\/p>\n","protected":false},"featured_media":5284,"comment_status":"open","ping_status":"closed","template":"","meta":[],"product_brand":[],"product_cat":[410,494,384],"product_tag":[],"class_list":{"0":"post-5740","1":"product","2":"type-product","3":"status-publish","4":"has-post-thumbnail","6":"product_cat-accessories","7":"product_cat-ladekabel-fur-elektroautos","8":"product_cat-wallbox-ladestation-de","9":"pa_brand-saft","11":"first","12":"outofstock","13":"taxable","14":"shipping-taxable","15":"purchasable","16":"product-type-simple"},"_links":{"self":[{"href":"https:\/\/chargingshop.eu\/de\/wp-json\/wp\/v2\/product\/5740","targetHints":{"allow":["GET"]}}],"collection":[{"href":"https:\/\/chargingshop.eu\/de\/wp-json\/wp\/v2\/product"}],"about":[{"href":"https:\/\/chargingshop.eu\/de\/wp-json\/wp\/v2\/types\/product"}],"replies":[{"embeddable":true,"href":"https:\/\/chargingshop.eu\/de\/wp-json\/wp\/v2\/comments?post=5740"}],"wp:featuredmedia":[{"embeddable":true,"href":"https:\/\/chargingshop.eu\/de\/wp-json\/wp\/v2\/media\/5284"}],"wp:attachment":[{"href":"https:\/\/chargingshop.eu\/de\/wp-json\/wp\/v2\/media?parent=5740"}],"wp:term":[{"taxonomy":"product_brand","embeddable":true,"href":"https:\/\/chargingshop.eu\/de\/wp-json\/wp\/v2\/product_brand?post=5740"},{"taxonomy":"product_cat","embeddable":true,"href":"https:\/\/chargingshop.eu\/de\/wp-json\/wp\/v2\/product_cat?post=5740"},{"taxonomy":"product_tag","embeddable":true,"href":"https:\/\/chargingshop.eu\/de\/wp-json\/wp\/v2\/product_tag?post=5740"}],"curies":[{"name":"wp","href":"https:\/\/api.w.org\/{rel}","templated":true}]}}