{"id":5730,"date":"2021-07-24T14:11:33","date_gmt":"2021-07-24T14:11:33","guid":{"rendered":"https:\/\/chargingshop.eu\/product\/saftladegerat-me-11-kw-5m-kabel-rfid\/"},"modified":"2021-07-24T14:11:33","modified_gmt":"2021-07-24T14:11:33","slug":"saftladegerat-me-11-kw-5m-kabel-rfid","status":"publish","type":"product","link":"https:\/\/chargingshop.eu\/de\/produkt\/saftladegerat-me-11-kw-5m-kabel-rfid\/","title":{"rendered":"SAFTLADEGER\u00c4T me, 11 KW, 5m Kabel, RFID"},"content":{"rendered":"<h2><strong>JUICE CHARGER me <\/strong>ist eine intelligente Wandladestation mit einer Ladeleistung von bis zu 11 kW<\/h2>\n<p>Der JUICE CHARGER me ist werkseitig vorkonfiguriert und kann sofort vor Ort eingesetzt werden. Es sind keine zus\u00e4tzlichen Einstellungen erforderlich.<\/p>\n<p><b>JUICE CHARGER <\/b>ist eine der ersten wandmontierten Ladeboxen, die als &#8220;Plug and Play&#8221;-Standard, dem zuk\u00fcnftigen Ladestandard f\u00fcr alle europ\u00e4ischen L\u00e4nder und andere Regionen, dienen soll.<\/p>\n<p>JUICE CHARGER wird von der KfW (Deutschland) gef\u00f6rdert und ist ideal f\u00fcr Garagen, Privatparkpl\u00e4tze oder Carports. Als Einzelladestation im privaten Bereich werden lediglich elektrische Anschl\u00fcsse ben\u00f6tigt. Als kleine, einfache und preiswerte Variante eignet er sich auch f\u00fcr Hotels, Golf-\/Tennis-\/Sportparkpl\u00e4tze. Ihre Flexibilit\u00e4t im Einsatz macht sie auch f\u00fcr Garagen und Parkh\u00e4user attraktiv. \/ Ladekontrollmodus, <strong>JUICE CHARGER<\/strong> ben\u00f6tigt nur eine LAN-Verbindung.<b> <\/b><\/p>\n<p>Aufstehen, einstecken, laden: An \u00f6ffentlichen Orten kann das Auto per RFID entriegelt werden, ohne dass &#8220;Plug and Charge&#8221; erforderlich ist.<\/p>\n<h3>SAFTLADEGER\u00c4T Ich bin:<\/h3>\n<ul>\n<li><strong>Ein\u00a0Plug-and-Play-Ger\u00e4t:<\/strong> Die Ladestation ist ab Werk fertig konfiguriert und kann ohne weitere Einstellungen sofort verwendet werden.<\/li>\n<li>Ausgestattet mit der <strong>\u201eConnect and Charge\u201c<\/strong>-Funktion des Autos gem\u00e4\u00df ISO 15118. Nach dem Einstecken des Ladeger\u00e4ts in die KFZ-Steckdose wird <strong>JUICE CHARGER<\/strong> aktiviert und die Ladevorgang beginnt.<\/li>\n<li>Ausgestattet mit einem <strong>RFID-Leseger\u00e4t<\/strong> passend f\u00fcr alle anderen Fahrzeuge und ausgestattet mit zwei vorprogrammierten RFID-Karten.<\/li>\n<li>Entwickelt f\u00fcr den Betrieb von 2 bis 250 Master- und Slave-Einheiten. In diesem Fall ist ein Ger\u00e4t daf\u00fcr verantwortlich, die verf\u00fcgbare Leistung gleichm\u00e4\u00dfig auf alle anderen Stationen zu verteilen. Die omnidirektionale Ladesteuerung von smart JUICE bietet jedoch mehr Flexibilit\u00e4t, beispielsweise k\u00f6nnen einzelne Fahrzeuge priorisiert werden.<\/li>\n<li>Sie sind bereits mit standardisierten Schnittstellen (Modbus\/TCP, Modbus\/RTU, EEBUS) f\u00fcr Smart Homes der neuesten Generation ausgestattet und k\u00f6nnen beispielsweise aus haushalts\u00fcblichen Photovoltaik-Anlagen gespeist werden. Dank IP54 muss das Management externer Lasten nicht kontrolliert werden.<\/li>\n<li>es ist f\u00fcr den Innen- und Au\u00dfenbereich geeignet.<\/li>\n<li>Es kann allein an der Wand oder auf einem einzeln oder paarweise zug\u00e4nglichen Sockel installiert werden. Zur Wandmontage ist die Andockhalterung f\u00fcr Typ-2-Fahrzeuge im Lieferumfang enthalten; die freistehende Halterung kann separat geliefert werden.<b> <\/b><\/li>\n<\/ul>\n<h3>Spezifikation:<\/h3>\n<section class=\"content-main container block-group\">\n<table border=\"0\">\n<tbody>\n<tr>\n<td><strong>Abmessungen<\/strong><\/td>\n<td>240 x 240 x 120 mm (H x B x T)<\/td>\n<\/tr>\n<tr>\n<td><strong>Kabell\u00e4nge<\/strong><\/td>\n<td>5 m<\/td>\n<\/tr>\n<tr>\n<td><strong>Gewicht<\/strong><\/td>\n<td>ca. 6,5 kg (inkl. Ladekabel)<\/td>\n<\/tr>\n<tr>\n<td><strong>Eingangsstrom<\/strong><\/td>\n<td>230 V, 6 &#8211; 32 A (1-phasig) AC oder 400 V, 6 &#8211; 32 A (3-phasig) AC<\/td>\n<\/tr>\n<tr>\n<td><strong>Leistungsabgabe<\/strong><\/td>\n<td>22 kW (32 A, dreiphasig); regulierte Variante f\u00fcr KfW-F\u00f6rderung: max. 11 kW (16 A, dreiphasig)<\/td>\n<\/tr>\n<tr>\n<td><strong>Material, Farbe<\/strong><\/td>\n<td>Rahmen Edelstahl geb\u00fcrstet, Frontscheibe schwarzes UV-best\u00e4ndiges Polycarbonatglas<\/td>\n<\/tr>\n<tr>\n<td><strong>Verbindung<\/strong><\/td>\n<td>Behoben<\/td>\n<\/tr>\n<tr>\n<td><strong>CE-Konformit\u00e4t<\/strong><\/td>\n<td>IEC 61851, IEC 61439-7, EMC RoHS \/ IEC EN 50470, EMC RoHS (f\u00fcr optionales MID-konformes Messger\u00e4t)<\/td>\n<\/tr>\n<tr>\n<td><strong>Schutzklasse<\/strong><\/td>\n<td>IP54<\/td>\n<\/tr>\n<tr>\n<td><strong>RCD-Sicherheit<\/strong><\/td>\n<td>RCD DC 6 mA, AC 30 mA &#8211; Temperatur\u00fcberwachung<\/td>\n<\/tr>\n<tr>\n<td><strong>Fahrzeugseitige Kupplung<\/strong><\/td>\n<td>Typ 2 (IEC 62196)<\/td>\n<\/tr>\n<\/tbody>\n<\/table>\n<div>\u00a0<\/div>\n<div class=\"product--info\"><strong style=\"font-size: 14.4px;\">JUICE CHARGER me ist die beste Wahl f\u00fcr:<\/strong><\/div>\n<\/section>\n<ol>\n<li>F\u00fcr preisbewusste Nutzer, die bei Design und Funktionalit\u00e4t keine Kompromisse eingehen m\u00f6chten.<\/li>\n<li>Verwenden Sie aktuelle und zuk\u00fcnftige Ladestandards &#8220;Plug and Play&#8221;, um das Laden zu vereinfachen.<\/li>\n<li>Arbeiten Sie drinnen und drau\u00dfen. Der Bildschirm ist nicht verzerrt, aber drei leuchtende Farbsymbole zeigen den aktuellen Status an.<b> <\/b><\/li>\n<\/ol>\n<p>Haben Sie eine Frage? <a href=\"https:\/\/chargingshop.eu\/de\/wissenszentrum\/\">Unser Wissenscenter<\/a>\u00a0enth\u00e4lt alles, was Sie zum Laden Ihres Elektroautos wissen m\u00fcssen.<\/p>\n","protected":false},"excerpt":{"rendered":"<p>Der JUICE CHARGER me ist mit einer Kantenl\u00e4nge von 24 cm und einer Tiefe von 12 cm besonders kompakt und mit einem Gewicht von nur 6,5 kg (inkl. Kabel) zudem sehr leicht.<\/p>\n<ul>\n<li>KFW finanzierte 11-kW-Wallbox<\/li>\n<li>Aktivierung \u00fcber RFID<\/li>\n<li>Plug and Charge &#8211; MADE in GERMANY<\/li>\n<\/ul>\n","protected":false},"featured_media":5421,"comment_status":"open","ping_status":"closed","template":"","meta":[],"product_brand":[],"product_cat":[384],"product_tag":[],"class_list":{"0":"post-5730","1":"product","2":"type-product","3":"status-publish","4":"has-post-thumbnail","6":"product_cat-wallbox-ladestation-de","7":"pa_brand-saft","9":"first","10":"outofstock","11":"sale","12":"taxable","13":"shipping-taxable","14":"purchasable","15":"product-type-simple"},"_links":{"self":[{"href":"https:\/\/chargingshop.eu\/de\/wp-json\/wp\/v2\/product\/5730","targetHints":{"allow":["GET"]}}],"collection":[{"href":"https:\/\/chargingshop.eu\/de\/wp-json\/wp\/v2\/product"}],"about":[{"href":"https:\/\/chargingshop.eu\/de\/wp-json\/wp\/v2\/types\/product"}],"replies":[{"embeddable":true,"href":"https:\/\/chargingshop.eu\/de\/wp-json\/wp\/v2\/comments?post=5730"}],"wp:featuredmedia":[{"embeddable":true,"href":"https:\/\/chargingshop.eu\/de\/wp-json\/wp\/v2\/media\/5421"}],"wp:attachment":[{"href":"https:\/\/chargingshop.eu\/de\/wp-json\/wp\/v2\/media?parent=5730"}],"wp:term":[{"taxonomy":"product_brand","embeddable":true,"href":"https:\/\/chargingshop.eu\/de\/wp-json\/wp\/v2\/product_brand?post=5730"},{"taxonomy":"product_cat","embeddable":true,"href":"https:\/\/chargingshop.eu\/de\/wp-json\/wp\/v2\/product_cat?post=5730"},{"taxonomy":"product_tag","embeddable":true,"href":"https:\/\/chargingshop.eu\/de\/wp-json\/wp\/v2\/product_tag?post=5730"}],"curies":[{"name":"wp","href":"https:\/\/api.w.org\/{rel}","templated":true}]}}