{"id":5232,"date":"2021-07-05T06:39:07","date_gmt":"2021-07-05T06:39:07","guid":{"rendered":"https:\/\/chargingshop.eu\/product\/kostad-tx-1000-11kw-wifi-rfid-mit-kabel\/"},"modified":"2021-07-06T10:53:53","modified_gmt":"2021-07-06T10:53:53","slug":"kostad-tx-1000-11kw-wifi-rfid-mit-kabel","status":"publish","type":"product","link":"https:\/\/chargingshop.eu\/de\/produkt\/kostad-tx-1000-11kw-wifi-rfid-mit-kabel\/","title":{"rendered":"Kostad TX-1000 11kW, Wifi, RFID, mit Kabel"},"content":{"rendered":"<p>Kostad TX-1000 11kW ist Gewinner des ADAC Wallbox Tests Mai \/ 2021. Die wahrscheinlich beste Preis-Leistungs-Ladestation auf dem Markt.<\/p>\n<p>Die neue AC Wallbox Ladestation Kostad TX-1000 ist bekannt f\u00fcr ihre smarten Funktionalit\u00e4ten, hohe Qualit\u00e4t, einfache Handhabung und Installation.<\/p>\n<p>Die Wallbox-Ladestation ist eine intelligente L\u00f6sung f\u00fcr jedes Unternehmen, Zuhause und jeden Standort. Das kompakte Design der Wallbox erm\u00f6glicht die Installation auf kleinstem Raum und besticht zudem durch ein ansprechendes und minimalistisches Design.<\/p>\n<div>Kostad TX-1000 11kW Hauptfunktionen:<\/div>\n<div><\/div>\n<ul>\n<li>Wand- oder Sockelmontage<\/li>\n<li>Bereit f\u00fcr Remote-Software-Updates<\/li>\n<li>Diverse Konnektivit\u00e4tsoptionen (Wifi, Bluetooth, Ethernet)<\/li>\n<li>Integrierte Dosierung<\/li>\n<li>Smarte Features zur Stromregulierung<\/li>\n<li>Benutzerfreundliche App<\/li>\n<li>11kW Ladeleistung<\/li>\n<\/ul>\n<div>Darstellung aller Smart-Funktionalit\u00e4ten:<\/div>\n<div><\/div>\n<div>Chargersync-APP<\/div>\n<div><\/div>\n<div>Ladezeitplanung \u201eSpitzenrasur\u201c<\/div>\n<div><\/div>\n<div>\u2022 Vermeiden Sie Spitzenstrompreise z.B. Abendtarif, indem Sie Ihren Ladezeit-Slot-Zeitplan festlegen<\/div>\n<div><\/div>\n<div>\u2022 Sparen Sie ~ 100-300 EUR pro Jahr* bei der Stromrechnung, indem Sie Spitzenstrompreise vermeiden (abh\u00e4ngig von den lokalen Strompreisen)<\/div>\n<div><\/div>\n<div>\n<div>Lastmanagement<\/div>\n<div><\/div>\n<div>\u2022 Eingebauter Energiez\u00e4hler<\/div>\n<div><\/div>\n<div>\u2022 Manuelles oder automatisiertes (dynamisches) Lastmanagement mit ChargerSync App<\/div>\n<div><\/div>\n<div>\u2022 Einrichtung zur Integration externer Energiez\u00e4hler f\u00fcr dynamisches Lastmanagement<\/div>\n<div><\/div>\n<div>\u2022 Bereit f\u00fcr die Integration in ein fortschrittliches intelligentes Geb\u00e4udeenergiesystem<\/div>\n<\/div>\n<div><\/div>\n<div>\n<div>Sicherheitsschutz<\/div>\n<div><\/div>\n<div>\u2022 Getestet und bewertet von unabh\u00e4ngigen Dritten, um die h\u00f6chsten Industriestandards zu erf\u00fcllen<\/div>\n<div><\/div>\n<div>\u2022 Strombegrenzungsschutz verhindert Fehlausl\u00f6sungen und \u00dcberstrom in der Anlage<\/div>\n<div><\/div>\n<div>\u2022 Integrierter Schutz, einschlie\u00dflich DC-Erdschluss und \u00dcberspannung<\/div>\n<\/div>\n","protected":false},"excerpt":{"rendered":"<div>Kostad TX-1000 ist Gewinner des ADAC Wallbox Tests Mai \/ 2021.<\/div>\n<div><\/div>\n<div>Obwohl wir Kostad TX-1000 nicht auf Lager haben. Wir k\u00f6nnen <a href=\"https:\/\/chargingshop.eu\/de\/produkt\/abb-terra-ac-11-kw-type-2-kabel-wifi\/\">ABB TerraAC 11kW<\/a> anbieten<\/div>\n<div><\/div>\n<div>Kostad TX-1000 11kW ist ein White-Label-Produkt basierend auf ABB Terra 11kW. Der einzige Unterschied zwischen den beiden ist die \u00e4u\u00dfere Abdeckung und der Produktname.<\/div>\n<div><\/div>\n<div>Kostad TX-1000 = <a href=\"https:\/\/chargingshop.eu\/de\/produkt\/abb-terra-ac-11-kw-type-2-kabel-wifi\/\">ABB Terra AC 11kW<\/a>.<\/div>\n","protected":false},"featured_media":5220,"comment_status":"open","ping_status":"closed","template":"","meta":[],"product_brand":[],"product_cat":[384],"product_tag":[],"class_list":{"0":"post-5232","1":"product","2":"type-product","3":"status-publish","4":"has-post-thumbnail","6":"product_cat-wallbox-ladestation-de","7":"pa_brand-abb-de","9":"first","10":"outofstock","11":"taxable","12":"shipping-taxable","13":"purchasable","14":"product-type-simple"},"_links":{"self":[{"href":"https:\/\/chargingshop.eu\/de\/wp-json\/wp\/v2\/product\/5232","targetHints":{"allow":["GET"]}}],"collection":[{"href":"https:\/\/chargingshop.eu\/de\/wp-json\/wp\/v2\/product"}],"about":[{"href":"https:\/\/chargingshop.eu\/de\/wp-json\/wp\/v2\/types\/product"}],"replies":[{"embeddable":true,"href":"https:\/\/chargingshop.eu\/de\/wp-json\/wp\/v2\/comments?post=5232"}],"wp:featuredmedia":[{"embeddable":true,"href":"https:\/\/chargingshop.eu\/de\/wp-json\/wp\/v2\/media\/5220"}],"wp:attachment":[{"href":"https:\/\/chargingshop.eu\/de\/wp-json\/wp\/v2\/media?parent=5232"}],"wp:term":[{"taxonomy":"product_brand","embeddable":true,"href":"https:\/\/chargingshop.eu\/de\/wp-json\/wp\/v2\/product_brand?post=5232"},{"taxonomy":"product_cat","embeddable":true,"href":"https:\/\/chargingshop.eu\/de\/wp-json\/wp\/v2\/product_cat?post=5232"},{"taxonomy":"product_tag","embeddable":true,"href":"https:\/\/chargingshop.eu\/de\/wp-json\/wp\/v2\/product_tag?post=5232"}],"curies":[{"name":"wp","href":"https:\/\/api.w.org\/{rel}","templated":true}]}}