{"id":4776,"date":"2021-03-01T10:19:28","date_gmt":"2021-03-01T10:19:28","guid":{"rendered":"https:\/\/chargingshop.eu\/product\/ladekabel-fur-elektrofahrzeuge-typ-1-bis-typ-2-16a-1-phase-5m\/"},"modified":"2021-03-01T11:29:32","modified_gmt":"2021-03-01T11:29:32","slug":"ladekabel-fur-elektrofahrzeuge-typ-1-bis-typ-2-16a-1-phase-5m","status":"publish","type":"product","link":"https:\/\/chargingshop.eu\/de\/produkt\/ladekabel-fur-elektrofahrzeuge-typ-1-bis-typ-2-16a-1-phase-5m\/","title":{"rendered":"Ladekabel f\u00fcr Elektrofahrzeuge Typ 1 bis Typ 2 16A 1 Phase 5m"},"content":{"rendered":"<h1>Ladekabel f\u00fcr Elektrofahrzeuge Typ 1 bis Typ 2 16A 1 Phase 5m<\/h1>\n<p>Mit diesem Kabel k\u00f6nnen Sie Ihr EV \/ PHEV mit Typ-1-Anschluss (Auto-Steckdose) mit einer EV-Ladestation mit Typ-2-Buchse aufladen. Das Kabel ist einphasig mit 16 Ampere und kann Ihren EV bis zu 3,6 kW aufladen. Das Produkt ist einfach zu bedienen und l\u00e4sst sich leicht anschlie\u00dfen. Die Arbeitsl\u00e4nge betr\u00e4gt 5 Meter und besteht aus thermoplastischem Material. Es hat die Schutzart IP55, ist flammhemmend, druckbest\u00e4ndig, abriebfest und schlagfest.<\/p>\n<p><strong>So lagern Sie:<\/strong><\/p>\n<p>Wir empfehlen, das Kabel an einem trockenen Ort aufzubewahren. Es wird empfohlen, es in einem Aufbewahrungsbeutel aufzubewahren. Wenn das Kabel Feuchtigkeit in die Kontakte bekommt, f\u00fchrt dies zu einem Fehler. In diesem Fall legen Sie Ihr Kabel 24-36 Stunden lang an einen warmen und trockenen Ort. Lassen Sie das Kabel nicht im Freien, wo Sonne, Wind, Staub oder Regen eindringen k\u00f6nnen. Staub und Schmutz in den Kontakten k\u00f6nnen dazu f\u00fchren, dass das Kabel nicht aufgeladen wird. Stellen Sie f\u00fcr eine lange Lebensdauer sicher, dass Ihr EV-Ladekabel w\u00e4hrend der Lagerung nicht verdreht oder \u00fcberm\u00e4\u00dfig verbogen wird.<\/p>\n<p>EV-Ladekabel Typ 1 bis Typ 2 16A 1 Phase 5m ist sehr einfach zu bedienen und zu lagern. Das Kabel ist sowohl f\u00fcr das Laden im Au\u00dfen- als auch f\u00fcr den Innenbereich ausgelegt und hat die Schutzart IP55 (Ingress Protection). Dies bedeutet, dass es vor Staub und Spritzwasser aus jeder Richtung gesch\u00fctzt ist.<\/p>\n","protected":false},"excerpt":{"rendered":"<p>Ladekabel f\u00fcr Elektroautos Typ 1 bis Typ 2 16A, 5 Meter L\u00e4nge<br \/>\nLeicht und ultra-flexibel, sehr einfach zu bedienen, zu lagern und zu transportieren. Schutzart IP55.<\/p>\n","protected":false},"featured_media":4767,"comment_status":"open","ping_status":"closed","template":"","meta":[],"product_brand":[],"product_cat":[494],"product_tag":[],"class_list":{"0":"post-4776","1":"product","2":"type-product","3":"status-publish","4":"has-post-thumbnail","6":"product_cat-ladekabel-fur-elektroautos","8":"first","9":"instock","10":"sale","11":"taxable","12":"shipping-taxable","13":"purchasable","14":"product-type-simple"},"_links":{"self":[{"href":"https:\/\/chargingshop.eu\/de\/wp-json\/wp\/v2\/product\/4776","targetHints":{"allow":["GET"]}}],"collection":[{"href":"https:\/\/chargingshop.eu\/de\/wp-json\/wp\/v2\/product"}],"about":[{"href":"https:\/\/chargingshop.eu\/de\/wp-json\/wp\/v2\/types\/product"}],"replies":[{"embeddable":true,"href":"https:\/\/chargingshop.eu\/de\/wp-json\/wp\/v2\/comments?post=4776"}],"wp:featuredmedia":[{"embeddable":true,"href":"https:\/\/chargingshop.eu\/de\/wp-json\/wp\/v2\/media\/4767"}],"wp:attachment":[{"href":"https:\/\/chargingshop.eu\/de\/wp-json\/wp\/v2\/media?parent=4776"}],"wp:term":[{"taxonomy":"product_brand","embeddable":true,"href":"https:\/\/chargingshop.eu\/de\/wp-json\/wp\/v2\/product_brand?post=4776"},{"taxonomy":"product_cat","embeddable":true,"href":"https:\/\/chargingshop.eu\/de\/wp-json\/wp\/v2\/product_cat?post=4776"},{"taxonomy":"product_tag","embeddable":true,"href":"https:\/\/chargingshop.eu\/de\/wp-json\/wp\/v2\/product_tag?post=4776"}],"curies":[{"name":"wp","href":"https:\/\/api.w.org\/{rel}","templated":true}]}}