{"id":3600,"date":"2021-01-07T08:39:06","date_gmt":"2021-01-07T08:39:06","guid":{"rendered":"https:\/\/chargingshop.eu\/?post_type=product&#038;p=3600"},"modified":"2021-07-09T20:44:35","modified_gmt":"2021-07-09T20:44:35","slug":"abb-terra-ac-anzeige-22-kw-type-2-steckdose-rfid-mid-wifi-copy","status":"publish","type":"product","link":"https:\/\/chargingshop.eu\/de\/produkt\/abb-terra-ac-anzeige-22-kw-type-2-steckdose-rfid-mid-wifi-copy\/","title":{"rendered":"ABB Terra AC Anzeige 22 kW, Type 2 Kabel, RFID, MID, 4G, Wifi"},"content":{"rendered":"<div class=\"video video-fit mb\" style=\"padding-top:56.25%;\"><p><iframe title=\"Terra AC wallbox -  High value quality\" width=\"1020\" height=\"574\" src=\"https:\/\/www.youtube.com\/embed\/ZapL_pinxY0?feature=oembed\" frameborder=\"0\" allow=\"accelerometer; autoplay; encrypted-media; gyroscope; picture-in-picture\" allowfullscreen><\/iframe><\/p>\n<\/div>\n<p><strong>ABB Terra AC Anzeige 22 kW, Type 2 Kabel mit <em>RFID, MID Meter, 4G Modem + Wifi\/LAN<\/em><\/strong><\/p>\n<div>\n<p><strong>Hochwertige Qualit\u00e4t<\/strong><\/p>\n<p>\u2022 Eines der preisg\u00fcnstigsten Ladeger\u00e4te auf dem Markt<\/p>\n<p>\u2022 Breites Spektrum an Konnektivit\u00e4tsoptionen<\/p>\n<p>\u2022 Platzsparende und leicht zu installierende Konstruktion<\/p>\n<p>&nbsp;<\/p>\n<p><strong>Sicherheit und Schutz<\/strong><\/p>\n<p>\u2022 Von einer unabh\u00e4ngigen Drittpartei evaluiert und getestet, um die h\u00f6chsten Standards zu erf\u00fcllen<\/p>\n<p>\u2022 Strombegrenzender Schutz verhindert st\u00f6rendes Ausl\u00f6sen und \u00dcberstrom in der Anlage<\/p>\n<p>\u2022 Integrierter Schutz einschlie\u00dflich DC-Erdschluss und \u00dcberspannung<\/p>\n<p>&nbsp;<\/p>\n<p><img decoding=\"async\" class=\"alignleft wp-image-3224\" src=\"https:\/\/chargingshop.eu\/wp-content\/uploads\/2020\/07\/ABB-Terra-AC-dynamic-load-management-307x400.png\" alt=\"ABB Terra AC dynamic load management\" width=\"490\" height=\"638\" srcset=\"https:\/\/chargingshop.eu\/wp-content\/uploads\/2020\/07\/ABB-Terra-AC-dynamic-load-management-307x400.png 307w, https:\/\/chargingshop.eu\/wp-content\/uploads\/2020\/07\/ABB-Terra-AC-dynamic-load-management.png 422w\" sizes=\"(max-width: 490px) 100vw, 490px\" \/> <strong>Lastmanagement<\/strong><\/p>\n<p>\u2022 Eingebauter Energiez\u00e4hler<\/p>\n<p>\u2022 Manuelle oder dynamische (automatisierte) Lastverwaltung<\/p>\n<p>\u2022 Einrichtung zur Integration externer Energiez\u00e4hler f\u00fcr dynamisches Lastmanagement<\/p>\n<p>\u2022 Bereit f\u00fcr die Integration in ein fortschrittliches Energiesystem f\u00fcr intelligente Geb\u00e4ude<\/p>\n<p><strong>Zukunftssichere Flexibilit\u00e4t<\/strong><\/p>\n<p>\u2022 Intelligente Funktionalit\u00e4t f\u00fcr optimierte Aufladung<\/p>\n<p>\u2022 Energiez\u00e4hler integration f\u00fcr dynamisches Lastmanagement<\/p>\n<p>\u2022 Dedizierte App zur Steuerung und Konfiguration<\/p>\n<p>\u2022 Fern-Software-Update aktiviert<\/p>\n<div><\/div>\n<div><\/div>\n<div><\/div>\n<\/div>\n<div><\/div>\n<div><\/div>\n<div><\/div>\n<div><\/div>\n<div><\/div>\n<div><\/div>\n<div><\/div>\n<div><\/div>\n<div><\/div>\n<div><\/div>\n<div><\/div>\n<div>\n<p>&nbsp;<\/p>\n<p>&nbsp;<\/p>\n<p><strong>Pr\u00e4sentation aller Smart-Funktionen:<\/strong><\/p>\n<p><a href=\"https:\/\/chargingshop.eu\/wp-content\/uploads\/2020\/12\/chargersync-APP.pdf\">Chargersync APP<\/a><\/p>\n<p>&nbsp;<\/p>\n<p><strong>Geb\u00fchrenplanung\u00a0<\/strong><strong>\u2018Spitzenbelastungen\u2019<\/strong><\/p>\n<p>\u2022 Legen Sie Ihre Ladezeitfenster (Zeitplan) fest, um Spitzenstrompreise zu vermeiden, z.B. Abendtarif<\/p>\n<p>\u2022 M\u00f6glichkeit, 100-300 eur pro Jahr* auf der Stromrechnung einzusparen (abh\u00e4ngig von der lokalen Strompreisgestaltung)<\/p>\n<p><strong>ChargeSync-Anwendung f\u00fcr die Steuerung, den Status und die Konfiguration von Terra AC<\/strong><\/p>\n<p>Einrichtung der Station:<\/p>\n<div class=\"video video-fit mb\" style=\"padding-top:56.25%;\"><p><iframe title=\"ABB Terra AC station setup\" width=\"1020\" height=\"574\" src=\"https:\/\/www.youtube.com\/embed\/9tBaVWj7mHI?feature=oembed\" frameborder=\"0\" allow=\"accelerometer; autoplay; encrypted-media; gyroscope; picture-in-picture\" allowfullscreen><\/iframe><\/p>\n<\/div>\n<\/div>\n<p>Ladestatus:<\/p>\n<div class=\"video video-fit mb\" style=\"padding-top:56.25%;\"><p><iframe title=\"ABB Terra AC APP charging process\" width=\"1020\" height=\"574\" src=\"https:\/\/www.youtube.com\/embed\/ZDbrLx06yh0?feature=oembed\" frameborder=\"0\" allow=\"accelerometer; autoplay; encrypted-media; gyroscope; picture-in-picture\" allowfullscreen><\/iframe><\/p>\n<\/div>\n<p><strong>ABB Terra AC Anzeige 22 kW model &#8211; TAC-W22-G5-RD-MC-0 \/ 6AGC081285) <\/strong><\/p>\n<p><strong>Funktionen:<\/strong><\/p>\n<p>-Type &#8211; Wallbox with socket<br \/>\n-Power 22kW<br \/>\n-Three-phase<br \/>\n-Max current 32A<br \/>\n-Type 2<\/p>\n<p>-Anzeige<\/p>\n<p>-MID certified energy meter<br \/>\n&#8211; 4G Modem, LAN &amp;Wifi<br \/>\n-Wifi<br \/>\n-OCPP 1.6<br \/>\n-Bluetooth<br \/>\n-Modbus RTU (RS485)<\/p>\n<p><em>Terra AC Produktbrosch\u00fcre:<\/em><\/p>\n<p><a href=\"https:\/\/chargingshop.eu\/de\/?attachment_id=2067\" target=\"_blank\" rel=\"attachment noopener wp-att-2067 noreferrer\">ABB_Terra_AC_wallbox_Brochure_A4<\/a><\/p>\n<p>* Netzbetreiber berechnen normalerweise 25-40% Pr\u00e4mie f\u00fcr den Stromverbrauch in den Abendstunden von 18 bis 22 Uhr. Dies unterliegt einem Vertrag mit dem Anbieter. In einigen L\u00e4ndern kann kein Abend- \/ Nachttarif angeboten werden.<\/p>\n<p>BITTE BEACHTEN SIE &#8211; f\u00fcr Terra AC-Modelle mit Anzeige ZWEI WOCHEN Lieferzeit<\/p>\n<p>Hier bewerben<strong>\u00a0\u2013\u00a0<a href=\"https:\/\/www.kfw.de\/inlandsfoerderung\/Privatpersonen\/Bestehende-Immobilie\/F%C3%B6rderprodukte\/Ladestationen-f%C3%BCr-Elektroautos-Wohngeb%C3%A4ude-(440)\/\" target=\"_blank\" rel=\"noopener noreferrer\">KFW<\/a><\/strong> <strong>Wir stellen eine KFW-geeignete Rechnung in deutscher Sprache aus.<\/strong><\/p>\n<p>&nbsp;<\/p>\n","protected":false},"excerpt":{"rendered":"<div>\n<div><strong>Terra AC ist f\u00fcr 900eur KFW-Zusch\u00fcsse zust\u00e4ndig\u00a0 &#8211; <a href=\"https:\/\/www.kfw.de\/inlandsfoerderung\/Privatpersonen\/Bestehende-Immobilie\/F%C3%B6rderprodukte\/Ladestationen-f%C3%BCr-Elektroautos-Wohngeb%C3%A4ude-(440)\/\" target=\"_blank\" rel=\"noopener noreferrer\">KFW<\/a><\/strong><\/div>\n<div><\/div>\n<\/div>\n<div><\/div>\n<div>Au\u00dfergew\u00f6hnliche Qualit\u00e4t vom Weltmarktf\u00fchrer &#8211; ABB. Intelligente und zukunftssichere Station zum Preis einer regul\u00e4ren Station.<\/div>\n<div><\/div>\n<ul>\n<li>Status und Kontrolle \u00fcber App<\/li>\n<li>Anzeige, RFID, MID-meter<\/li>\n<li><em>4G Modem + Wifi\/LAN<\/em><\/li>\n<li>Kompletter Schutz: \u00dcberstrom, \u00dcberspannung, Unterspannung, Erdschluss, integrierter Blitzschutz<\/li>\n<li>Geb\u00fchrenplanung \u201ePeak Shaving\u201c<\/li>\n<li>Lastverteilung<\/li>\n<li>und vieles mehr<\/li>\n<\/ul>\n<p>&nbsp;<\/p>\n","protected":false},"featured_media":5251,"comment_status":"open","ping_status":"closed","template":"","meta":[],"product_brand":[],"product_cat":[384,983],"product_tag":[],"class_list":{"0":"post-3600","1":"product","2":"type-product","3":"status-publish","4":"has-post-thumbnail","6":"product_cat-wallbox-ladestation-de","7":"product_cat-sale-offers","8":"pa_brand-abb-de","10":"first","11":"instock","12":"sale","13":"featured","14":"taxable","15":"shipping-taxable","16":"purchasable","17":"product-type-simple"},"_links":{"self":[{"href":"https:\/\/chargingshop.eu\/de\/wp-json\/wp\/v2\/product\/3600","targetHints":{"allow":["GET"]}}],"collection":[{"href":"https:\/\/chargingshop.eu\/de\/wp-json\/wp\/v2\/product"}],"about":[{"href":"https:\/\/chargingshop.eu\/de\/wp-json\/wp\/v2\/types\/product"}],"replies":[{"embeddable":true,"href":"https:\/\/chargingshop.eu\/de\/wp-json\/wp\/v2\/comments?post=3600"}],"wp:featuredmedia":[{"embeddable":true,"href":"https:\/\/chargingshop.eu\/de\/wp-json\/wp\/v2\/media\/5251"}],"wp:attachment":[{"href":"https:\/\/chargingshop.eu\/de\/wp-json\/wp\/v2\/media?parent=3600"}],"wp:term":[{"taxonomy":"product_brand","embeddable":true,"href":"https:\/\/chargingshop.eu\/de\/wp-json\/wp\/v2\/product_brand?post=3600"},{"taxonomy":"product_cat","embeddable":true,"href":"https:\/\/chargingshop.eu\/de\/wp-json\/wp\/v2\/product_cat?post=3600"},{"taxonomy":"product_tag","embeddable":true,"href":"https:\/\/chargingshop.eu\/de\/wp-json\/wp\/v2\/product_tag?post=3600"}],"curies":[{"name":"wp","href":"https:\/\/api.w.org\/{rel}","templated":true}]}}