{"id":3457,"date":"2020-12-17T15:26:11","date_gmt":"2020-12-17T15:26:11","guid":{"rendered":"https:\/\/chargingshop.eu\/?post_type=product&#038;p=3457"},"modified":"2020-12-20T21:03:40","modified_gmt":"2020-12-20T21:03:40","slug":"webasto-live-22kw-mit-typ-2-kabel","status":"publish","type":"product","link":"https:\/\/chargingshop.eu\/de\/produkt\/webasto-live-22kw-mit-typ-2-kabel\/","title":{"rendered":"Webasto Live22kW, 4G mit Typ 2 Kabel"},"content":{"rendered":"<p><strong>Webasto Live 22kW mit Typ 2 Kabel<\/strong> <strong>Eigenschaften:<\/strong><\/p>\n<div>um Ihr Elektrofahrzeug (einstellbar) mit Leistungen von 3,7 kW bis 22 kW aufzuladen.<\/div>\n<div>\u00a0<\/div>\n<div>Es verf\u00fcgt \u00fcber eine intelligente Konnektivit\u00e4t (4G LTE-Modem) und einen MID-kompatiblen Z\u00e4hler.<\/div>\n<div>Dank OCPP besteht auch die M\u00f6glichkeit der Abrechnung \u00fcber Backend-Systeme.<\/div>\n<div>\u00a0<\/div>\n<div>\n<div><strong>Webasto Live bietet folgende Vorteile:<\/strong><\/div>\n<div>\u00a0<\/div>\n<ul>\n<li>Typ 2 Kabel, bis zu 22 kW Ladeleistung<\/li>\n<li>Optional mit 4,5 m Kabel als Stecker (Typ 2)<\/li>\n<li>Kosteng\u00fcnstige Installation dank integrierter DC-Fehlererkennung (\u2265 6mA)<\/li>\n<li>Integriertes 4G-Modem f\u00fcr hohe Daten\u00fcbertragungsraten<\/li>\n<li>Unterst\u00fctzung f\u00fcr solares und tarifoptimiertes Laden durch dynamische Anpassung der Ladeleistung<\/li>\n<li>MID-konformes Messger\u00e4t f\u00fcr eine kalibrierte Messung<\/li>\n<li>Zukunftssicher durch Online-Updates<\/li>\n<li>Einfache Authentifizierung dank Plug &amp; Charge (ISO 15118)<\/li>\n<li>Maximale Sicherheit bei Verwendung von RFID durch DESFire-Unterst\u00fctzung<\/li>\n<li>Kompatibel mit Standard-Backend-Systemen mit OCPP 1.6<\/li>\n<li>Hohe Verarbeitungsqualit\u00e4t \u201eMade in Germany\u201c<\/li>\n<\/ul>\n<\/div>\n<p>&nbsp;<\/p>\n","protected":false},"excerpt":{"rendered":"<p>Deutsche Qualit\u00e4t zu erschwinglichen Preisen. Integriertes 4G-Modem f\u00fcr hohe Daten\u00fcbertragungsraten.\u00a0 Einstellbare Ladekapazit\u00e4t von 3,7 kW bis 22 kW sowie 4,5 m fest angeschlossenes Ladekabel. Einfache und bequeme Bedienung und bis zu zehnmal schnellere Aufladung im Vergleich zur Haushaltssteckdose. H\u00f6chste elektrische Sicherheit dank eigenem Sicherungsschutz.<\/p>\n","protected":false},"featured_media":2937,"comment_status":"open","ping_status":"closed","template":"","meta":[],"product_brand":[],"product_cat":[384],"product_tag":[],"class_list":{"0":"post-3457","1":"product","2":"type-product","3":"status-publish","4":"has-post-thumbnail","6":"product_cat-wallbox-ladestation-de","7":"pa_brand-webasto-de","9":"first","10":"instock","11":"taxable","12":"shipping-taxable","13":"purchasable","14":"product-type-simple"},"_links":{"self":[{"href":"https:\/\/chargingshop.eu\/de\/wp-json\/wp\/v2\/product\/3457","targetHints":{"allow":["GET"]}}],"collection":[{"href":"https:\/\/chargingshop.eu\/de\/wp-json\/wp\/v2\/product"}],"about":[{"href":"https:\/\/chargingshop.eu\/de\/wp-json\/wp\/v2\/types\/product"}],"replies":[{"embeddable":true,"href":"https:\/\/chargingshop.eu\/de\/wp-json\/wp\/v2\/comments?post=3457"}],"wp:featuredmedia":[{"embeddable":true,"href":"https:\/\/chargingshop.eu\/de\/wp-json\/wp\/v2\/media\/2937"}],"wp:attachment":[{"href":"https:\/\/chargingshop.eu\/de\/wp-json\/wp\/v2\/media?parent=3457"}],"wp:term":[{"taxonomy":"product_brand","embeddable":true,"href":"https:\/\/chargingshop.eu\/de\/wp-json\/wp\/v2\/product_brand?post=3457"},{"taxonomy":"product_cat","embeddable":true,"href":"https:\/\/chargingshop.eu\/de\/wp-json\/wp\/v2\/product_cat?post=3457"},{"taxonomy":"product_tag","embeddable":true,"href":"https:\/\/chargingshop.eu\/de\/wp-json\/wp\/v2\/product_tag?post=3457"}],"curies":[{"name":"wp","href":"https:\/\/api.w.org\/{rel}","templated":true}]}}