{"id":3358,"date":"2020-07-05T11:32:32","date_gmt":"2020-07-05T11:32:32","guid":{"rendered":"https:\/\/chargingshop.eu\/product\/etrel-inch-duo-ladesaeule\/"},"modified":"2023-11-16T13:44:34","modified_gmt":"2023-11-16T13:44:34","slug":"etrel-inch-duo-ladesaeule","status":"publish","type":"product","link":"https:\/\/chargingshop.eu\/de\/produkt\/etrel-inch-duo-ladesaeule\/","title":{"rendered":"ETREL INCH DUO Lades\u00e4ule 2 x 22 kW, Type2 socket,"},"content":{"rendered":"<div class=\"wpb_text_column wpb_content_element \">\n<div class=\"wpb_wrapper\">\n<p><strong>ETREL INCH DUO<\/strong> Lades\u00e4ule &#8211; Type2 socket, 2 x 22 kW (3 x 32 A pro Stecker) einstellbar Interaktive Ladetechnologie<\/p>\n<p>Angezeigtes Modell &#8211; mit Standard-Ethernet-Konnektivit\u00e4t (G-DC3ZFBY40)<\/p>\n<div><strong>Optionen:<\/strong><\/div>\n<div><\/div>\n<div>Kommunikation:<\/div>\n<div>&#8211; MID meter<\/div>\n<div>&#8211; RCD-A + dc Leak Schutz<\/div>\n<div><\/div>\n<div>&#8211; LTE-Modem + inbegriffen<\/div>\n<p>Farbe &#8211; Grau + inbegriffen<\/p>\n<div>Interaktive Ladetechnologie<\/div>\n<div><\/div>\n<div>Etrel-Ladeger\u00e4te laufen auf einer interaktiven Ladeplattform. Die interaktive Ladetechnologie sorgt f\u00fcr ein Gleichgewicht zwischen Fahrzeug-, Geb\u00e4ude- und Netzanforderungen. Innerhalb der Plattform bieten eine Reihe von Leitprinzipien, die durch k\u00fcnstliche Intelligenz und Systemkommunikationsfunktionen erm\u00f6glicht werden, unter bestimmten Umst\u00e4nden das schnellste umweltfreundliche Laden ohne \u00dcberlastung der Netzanschlusspunkte.<\/div>\n<div><\/div>\n<div>ETREL INCH DUO Lades\u00e4ule Funktionen:<\/div>\n<div><\/div>\n<ul>\n<li>Kontaktlose Kreditkartenzahlung und unkomplizierte Benutzeroberfl\u00e4che sorgen f\u00fcr ein vereinfachtes Ladeerlebnis (optional)<\/li>\n<li>Das dynamische Power Management in Clustern tr\u00e4gt zur Skalierbarkeit der Ladeinfrastruktur bei und senkt die Anfangsinvestition.<\/li>\n<li>Einfache Installation mit einer Weitwinkel-T\u00fcr\u00f6ffnung und modularen Komponenten verk\u00fcrzt die Feldzeit und vereinfacht die Wartung.<\/li>\n<\/ul>\n<div class=\"wpb_text_column wpb_content_element \">\n<div class=\"wpb_wrapper\">\n<div class=\"wpb_text_column wpb_content_element \">\n<div class=\"wpb_wrapper\">\n<div class=\"wpb_text_column wpb_content_element \">\n<div class=\"wpb_wrapper\">\n<p><a href=\"https:\/\/chargingshop.eu\/wp-content\/uploads\/2020\/07\/2020_04_06-INCH-DUO-brochure-2.pdf\">Product Brochure<\/a><\/p>\n<p><strong>Wir stellen eine f\u00fcr KFW geeignete Rechnung aus<\/strong><\/p>\n<\/div>\n<\/div>\n<\/div>\n<\/div>\n<\/div>\n<\/div>\n<\/div>\n<\/div>\n","protected":false},"excerpt":{"rendered":"<div>\n<div><\/div>\n<\/div>\n<div><\/div>\n<div>INCH Duo ist eine langlebige Ladestation, die f\u00fcr den Dauerbetrieb an anspruchsvollen \u00f6ffentlichen Orten bereit ist. Ergonomisches Design und ein gro\u00dfes Display mit einfachen Ladeanweisungen in Kombination mit einer Ad-hoc-Zahlungsoption bieten Komfort f\u00fcr neue Benutzer. Die optionale Integration in externe Sensorger\u00e4te wie Parksensoren verbessert die Zug\u00e4nglichkeit der Infrastruktur und optimiert die Nutzungsmuster.<\/div>\n<div><\/div>\n<div><\/div>\n<div><\/div>\n<div><\/div>\n<div>Mehrstufige Lastausgleichsfunktionen mit Cluster-Konnektivit\u00e4t sorgen f\u00fcr eine gerechte Verteilung der Ladeleistung auf angeschlossene Fahrzeuge unter Ber\u00fccksichtigung der Einschr\u00e4nkungen der Netzanschlusspunkte.<\/div>\n","protected":false},"featured_media":8629,"comment_status":"open","ping_status":"closed","template":"","meta":[],"product_brand":[],"product_cat":[467],"product_tag":[],"class_list":{"0":"post-3358","1":"product","2":"type-product","3":"status-publish","4":"has-post-thumbnail","6":"product_cat-ladesaeulen","7":"pa_brand-etrel-de","9":"first","10":"instock","11":"taxable","12":"shipping-taxable","13":"purchasable","14":"product-type-simple"},"_links":{"self":[{"href":"https:\/\/chargingshop.eu\/de\/wp-json\/wp\/v2\/product\/3358","targetHints":{"allow":["GET"]}}],"collection":[{"href":"https:\/\/chargingshop.eu\/de\/wp-json\/wp\/v2\/product"}],"about":[{"href":"https:\/\/chargingshop.eu\/de\/wp-json\/wp\/v2\/types\/product"}],"replies":[{"embeddable":true,"href":"https:\/\/chargingshop.eu\/de\/wp-json\/wp\/v2\/comments?post=3358"}],"wp:featuredmedia":[{"embeddable":true,"href":"https:\/\/chargingshop.eu\/de\/wp-json\/wp\/v2\/media\/8629"}],"wp:attachment":[{"href":"https:\/\/chargingshop.eu\/de\/wp-json\/wp\/v2\/media?parent=3358"}],"wp:term":[{"taxonomy":"product_brand","embeddable":true,"href":"https:\/\/chargingshop.eu\/de\/wp-json\/wp\/v2\/product_brand?post=3358"},{"taxonomy":"product_cat","embeddable":true,"href":"https:\/\/chargingshop.eu\/de\/wp-json\/wp\/v2\/product_cat?post=3358"},{"taxonomy":"product_tag","embeddable":true,"href":"https:\/\/chargingshop.eu\/de\/wp-json\/wp\/v2\/product_tag?post=3358"}],"curies":[{"name":"wp","href":"https:\/\/api.w.org\/{rel}","templated":true}]}}