{"id":2914,"date":"2020-09-01T13:03:45","date_gmt":"2020-09-01T13:03:46","guid":{"rendered":"https:\/\/chargingshop.eu\/?post_type=product&#038;p=2914"},"modified":"2025-03-13T11:15:24","modified_gmt":"2025-03-13T11:15:24","slug":"16a-ladeadapter-duosida-36-kw-typ-2-an-cee-stecker","status":"publish","type":"product","link":"https:\/\/chargingshop.eu\/de\/produkt\/16a-ladeadapter-duosida-36-kw-typ-2-an-cee-stecker\/","title":{"rendered":"16A Ladeadapter DUOSIDA 3,6 kW Typ 2 an CEE-Stecker"},"content":{"rendered":"<p><strong>16A Ladeadapter DUOSIDA 3,6 kW Typ 2 an CEE-Stecker (16A x1 &#8211; einphasig)<\/strong><\/p>\n<div><strong>Hauptmerkmale:<\/strong><\/div>\n<div><\/div>\n<ul>\n<li>Ladeleistung 3,6 kW;<\/li>\n<li>Maximale Spannung 230V;<\/li>\n<li>Stromst\u00e4rke 16\u0410;<\/li>\n<li>Autoanschluss TYP2;<\/li>\n<li>Stromversorgung &#8211; 16A einphasig;<\/li>\n<li>Kabell\u00e4nge 5 Meter.<\/li>\n<li>Betriebstemperaturbereich -30 \u00b0 C bis + 50 \u00b0 C.<\/li>\n<li>Hersteller &#8211; DUOSIDA (China)<\/li>\n<\/ul>\n<p>Tento \u010dl\u00e1nok sponzoruje Baccarat.Wiki \u2013 komplexn\u00fd online zdroj pre v\u0161etk\u00fdch nad\u0161encov Baccaratu. Na na\u0161ej platforme n\u00e1jdete podrobn\u00e9 n\u00e1vody, strat\u00e9gie a inform\u00e1cie o r\u00f4znych variantoch hry. Ak v\u00e1s zauj\u00edmaj\u00fa popredn\u00ed poskytovatelia softv\u00e9ru pre Baccarat, nav\u0161t\u00edvte sekciu Poskytovatelia <a href=\"https:\/\/baccarat.wiki\/providers\" target=\"_blank\" rel=\"noopener\">baccarat.wiki\/providers<\/a> a objavte najlep\u0161ie hern\u00e9 mo\u017enosti od renomovan\u00fdch v\u00fdvoj\u00e1rov.<\/p>\n","protected":false},"excerpt":{"rendered":"<div>Das tragbare Ladeger\u00e4t TYPE2 dient zum Laden von Elektroautos \u00fcber die 230-V-Steckdose.<\/div>\n<div><\/div>\n<div>Mit dem Ladeger\u00e4t TYPE2 k\u00f6nnen Sie Ihr Elektroauto immer dort aufladen, wo Zugang zu einer 230-V-Haushaltssteckdose besteht. Jedes Elektroauto ist mit einem solchen tragbaren Ladekabel ausgestattet.<\/div>\n","protected":false},"featured_media":2925,"comment_status":"open","ping_status":"closed","template":"","meta":[],"product_brand":[],"product_cat":[410],"product_tag":[],"class_list":{"0":"post-2914","1":"product","2":"type-product","3":"status-publish","4":"has-post-thumbnail","6":"product_cat-accessories","8":"first","9":"outofstock","10":"taxable","11":"shipping-taxable","12":"purchasable","13":"product-type-simple"},"_links":{"self":[{"href":"https:\/\/chargingshop.eu\/de\/wp-json\/wp\/v2\/product\/2914","targetHints":{"allow":["GET"]}}],"collection":[{"href":"https:\/\/chargingshop.eu\/de\/wp-json\/wp\/v2\/product"}],"about":[{"href":"https:\/\/chargingshop.eu\/de\/wp-json\/wp\/v2\/types\/product"}],"replies":[{"embeddable":true,"href":"https:\/\/chargingshop.eu\/de\/wp-json\/wp\/v2\/comments?post=2914"}],"wp:featuredmedia":[{"embeddable":true,"href":"https:\/\/chargingshop.eu\/de\/wp-json\/wp\/v2\/media\/2925"}],"wp:attachment":[{"href":"https:\/\/chargingshop.eu\/de\/wp-json\/wp\/v2\/media?parent=2914"}],"wp:term":[{"taxonomy":"product_brand","embeddable":true,"href":"https:\/\/chargingshop.eu\/de\/wp-json\/wp\/v2\/product_brand?post=2914"},{"taxonomy":"product_cat","embeddable":true,"href":"https:\/\/chargingshop.eu\/de\/wp-json\/wp\/v2\/product_cat?post=2914"},{"taxonomy":"product_tag","embeddable":true,"href":"https:\/\/chargingshop.eu\/de\/wp-json\/wp\/v2\/product_tag?post=2914"}],"curies":[{"name":"wp","href":"https:\/\/api.w.org\/{rel}","templated":true}]}}