{"id":2895,"date":"2020-09-01T06:38:28","date_gmt":"2020-09-01T06:38:28","guid":{"rendered":"https:\/\/chargingshop.eu\/?post_type=product&#038;p=2895"},"modified":"2020-09-01T07:04:10","modified_gmt":"2020-09-01T07:04:10","slug":"duosida-7-kw-tragbarer-ladestecker-einstellbar-8-32a-typ-2-an-cee-stecker","status":"publish","type":"product","link":"https:\/\/chargingshop.eu\/de\/produkt\/duosida-7-kw-tragbarer-ladestecker-einstellbar-8-32a-typ-2-an-cee-stecker\/","title":{"rendered":"DUOSIDA 7 kW tragbarer Ladestecker einstellbar 8- 32A Typ 2 an CEE-Stecker"},"content":{"rendered":"<p><strong>DUOSIDA 7 kW tragbarer Ladestecker einstellbar 8- 32A Typ 2 an CEE-Stecker (32A x1)\u00a0<\/strong><\/p>\n<div><strong>Hauptmerkmale<\/strong><\/div>\n<div><\/div>\n<ul>\n<li>Ladeleistung von 2 kW bis 7,2 kW (einstellbar);<\/li>\n<li>Maximale Spannung 230V;<\/li>\n<li>Stromst\u00e4rke 8\u0410, 10\u0410, 13\u0410, 16\u0410, 32\u0410 (kann auf dem Adapter-Display eingestellt werden);<\/li>\n<li>Autoanschluss TYPE2;<\/li>\n<li>Umweltschutzklasse &#8211; IP55 Gummi \/ Kunststoffabdeckung;<\/li>\n<li>Stromversorgung &#8211; 32A einphasig;<\/li>\n<li>Temperatursensor des Netzteilsteckers (Temperatur kann auf dem Display angezeigt werden);<\/li>\n<li>Ladegeschwindigkeit (auf dem Display angezeigt);<\/li>\n<li>Kabell\u00e4nge 5 Meter.<\/li>\n<li>Betriebstemperaturbereich -30 \u00b0 C bis + 50 \u00b0 C.<\/li>\n<li>Hersteller &#8211; DUOSIDA (China)<\/li>\n<\/ul>\n","protected":false},"excerpt":{"rendered":"<p>DUOSIDA 7 kW tragbarer und einstellbarer Ladeanschluss TYP1. Erm\u00f6glicht das Laden des Elektroautos aus der 32A-Haushaltssteckdose in einer Phase. Bei Bedarf kann der Ladestrom bei unzureichender Stromversorgung am elektrischen Eingang oder bei alter und unzuverl\u00e4ssiger Elektroinstallation reduziert werden. Wenn beispielsweise alle Elektroger\u00e4te im Haushalt verwendet werden (w\u00e4hrend der Sto\u00dfzeiten), kann der Ladestrom reduziert werden. Wenn Sie ein Elektroauto schnell aufladen m\u00fcssen, k\u00f6nnen Sie dieses Ladeger\u00e4t mit einem Ladestrom von bis zu 7,2 kW und 32 A verwenden.<\/p>\n","protected":false},"featured_media":2904,"comment_status":"open","ping_status":"closed","template":"","meta":[],"product_brand":[],"product_cat":[410],"product_tag":[],"class_list":{"0":"post-2895","1":"product","2":"type-product","3":"status-publish","4":"has-post-thumbnail","6":"product_cat-accessories","8":"first","9":"instock","10":"taxable","11":"shipping-taxable","12":"purchasable","13":"product-type-simple"},"_links":{"self":[{"href":"https:\/\/chargingshop.eu\/de\/wp-json\/wp\/v2\/product\/2895","targetHints":{"allow":["GET"]}}],"collection":[{"href":"https:\/\/chargingshop.eu\/de\/wp-json\/wp\/v2\/product"}],"about":[{"href":"https:\/\/chargingshop.eu\/de\/wp-json\/wp\/v2\/types\/product"}],"replies":[{"embeddable":true,"href":"https:\/\/chargingshop.eu\/de\/wp-json\/wp\/v2\/comments?post=2895"}],"wp:featuredmedia":[{"embeddable":true,"href":"https:\/\/chargingshop.eu\/de\/wp-json\/wp\/v2\/media\/2904"}],"wp:attachment":[{"href":"https:\/\/chargingshop.eu\/de\/wp-json\/wp\/v2\/media?parent=2895"}],"wp:term":[{"taxonomy":"product_brand","embeddable":true,"href":"https:\/\/chargingshop.eu\/de\/wp-json\/wp\/v2\/product_brand?post=2895"},{"taxonomy":"product_cat","embeddable":true,"href":"https:\/\/chargingshop.eu\/de\/wp-json\/wp\/v2\/product_cat?post=2895"},{"taxonomy":"product_tag","embeddable":true,"href":"https:\/\/chargingshop.eu\/de\/wp-json\/wp\/v2\/product_tag?post=2895"}],"curies":[{"name":"wp","href":"https:\/\/api.w.org\/{rel}","templated":true}]}}