{"id":2841,"date":"2020-05-06T12:01:06","date_gmt":"2020-05-06T12:01:06","guid":{"rendered":"https:\/\/chargingshop.eu\/product\/abb-terra-dc-wallbox-24-kw-ccs2-chademo\/"},"modified":"2025-02-07T07:17:52","modified_gmt":"2025-02-07T07:17:52","slug":"abb-terra-dc-wallbox-24-kw-ccs2-chademo","status":"publish","type":"product","link":"https:\/\/chargingshop.eu\/de\/produkt\/abb-terra-dc-wallbox-24-kw-ccs2-chademo\/","title":{"rendered":"ABB Terra DC Wallbox 24 kW CCS2 + Chademo"},"content":{"rendered":"<p><strong>ABB Terra DC Wallbox 24 kW mit zwei Anschl\u00fcssen &#8211; CCS2 + Chademo mit 3,5 m Kabel (Modell &#8211; 6AGC077814)<\/strong><\/p>\n<h3>DC-Wallbox gegen\u00fcber AC-Wallbox bevorzugt<\/h3>\n<p class=\"p1\">Beim Laden mit Wechselstromger\u00e4ten wird die Ladeleistung h\u00e4ufig durch den integrierten Konverter des Elektrofahrzeugs begrenzt. Bordwandler haben normalerweise eine Nennleistung von 3 bis 7 kW. Jegliche zus\u00e4tzliche Energie, die die Wechselstrom-Ladestation liefern k\u00f6nnte, bleibt ungenutzt. Mit der DC-Wallbox wird die Batterie direkt mit 24 kW Gleichstrom versorgt, wobei die Einschr\u00e4nkungen des Bordwandlers des Elektrofahrzeugs umgangen werden. Mit der Terra DC Wallbox k\u00f6nnen Sie eine Leistung von 24 kW sicherstellen, unabh\u00e4ngig davon, welches EV-Modell aufgeladen wird und ob es \u00fcber einen Wechselrichter verf\u00fcgt oder nicht.<\/p>\n<h3 class=\"p1\">Intelligentes Design: kompakt, bequem, verbunden<\/h3>\n<p>\u2022 Platzersparnis durch einfach zu installierendes Design<\/p>\n<p>\u2022 Benutzerfreundliche Oberfl\u00e4che zum bequemen Aufladen mit 7-Zoll-LCD-Touchscreen-Display<\/p>\n<p>\u2022 Gro\u00dfe Auswahl an Konnektivit\u00e4tsoptionen<\/p>\n<h3>Zukunftssicher: ROI maximiert<\/h3>\n<p>\u2022 Voll kompatibel mit aktuellen und zuk\u00fcnftigen Elektrofahrzeugen<\/p>\n<p>\u2022 Remote-Software-Updates<\/p>\n<p>\u2022 Intelligente Funktionalit\u00e4t bedeutet optimiertes und kosteng\u00fcnstiges Laden<\/p>\n<h3>Sicherheit: eingebauter Schutz<\/h3>\n<p>\u2022 Bewertet und getestet nach h\u00f6chsten unabh\u00e4ngigen Standards<\/p>\n<p>\u2022 Sicher f\u00fcr den Einsatz in Wohngebieten<\/p>\n<p>\u2022 Integrierter Erdschluss- und Ausl\u00f6seschutz<\/p>\n<p>\u2022 Au\u00dfen- und Inneninstallation NEMA 3 &amp; IP54<\/p>\n<h3>Lastmanagement<\/h3>\n<p>\u2022 Intelligentes Laden \u00fcber OCPP<\/p>\n<p>\u2022 Einrichtung f\u00fcr die Integration externer Energiez\u00e4hler f\u00fcr ein dynamisches Lastmanagement<\/p>\n<p>\u2022 Bereit zur Integration in ein fortschrittliches intelligentes Geb\u00e4udeenergiesystem<\/p>\n<h3>Eingebaute Sicherheit<\/h3>\n<p>\u2022 \u00dcberstrom<\/p>\n<p>\u2022 \u00dcber- und Unterspannung<\/p>\n<p>\u2022 Grundfehler<\/p>\n<p>\u2022 \u00dcberspannungsschutz<\/p>\n<p>\u2022 PE-Durchgangs\u00fcberwachung (Schutzerde)<\/p>\n<p>\u2022 Leckstrom\u00fcberwachungsschutz<\/p>\n<h3>Konnektivit\u00e4t<\/h3>\n<p>\u2022 GSM \/ 3G \/ 4G<\/p>\n<p>\u2022 Ethernet<\/p>\n<p>\u2022 RFID<\/p>\n<h3>Leistung<\/h3>\n<p>\u2022 0\u201322,5 kW, 24 kW (Spitze) \/ 60 A.<\/p>\n<p>\u2022 Ladespannung: CCS: 150 &#8211; 920 V DC<\/p>\n<p>Lieferzeit: 8 Wochen nach Bestellung<\/p>\n<p>Bitte beachten Sie, dass der Steckerhalter (siehe Produktbild) nicht im Lieferumfang enthalten ist und hier separat bestellt werden sollte.<\/p>\n<p>Sockel zur Montage kann separat bestellt werden.<\/p>\n<p>Produktbrosch\u00fcren:<\/p>\n<ul>\n<li><a href=\"https:\/\/chargingshop.eu\/wp-content\/uploads\/2020\/05\/9AKK107680A3888_Terra_DC_wallbox_A5_technical_Leaflet_screen.pdf\">ABB Terra DC Wallbox brochure<\/a><\/li>\n<li><a href=\"https:\/\/chargingshop.eu\/wp-content\/uploads\/2020\/05\/9AKK107680A4480_Terra_DC_wallbox_Brochure_A4-Rev-A_screen.pdf\">ABB Terra DC Wallbox brochure 2<\/a><\/li>\n<li><a href=\"https:\/\/chargingshop.eu\/wp-content\/uploads\/2020\/05\/9AKK107680A3889_ABB_Infographic_DC_Wallbox_english_screen.pdf\">ABB Terra DC Wallbox Infographic<\/a><\/li>\n<\/ul>\n<p>&nbsp;<br \/>\nBefore you start trading, make sure to read the latest platform reviews on <a href=\"https:\/\/mytradereview.com\/\" target=\"_blank\" rel=\"noopener\">mytradereview.com<\/a> . It\u2019s always better to trade with confidence!<\/p>\n","protected":false},"excerpt":{"rendered":"<p>ABB Terra DC Wallbox 24 kW CCS + Chademo &#8211; entwickelt mit f\u00fchrenden Herstellern von Elektrofahrzeugen, denen Energieversorger und Regierungen vertrauen. Die Terra DC Wallbox macht schnelles Laden sicher, intelligent und zukunftsf\u00e4hig. Dank 130 Jahren Innovation und einem Jahrzehnt Elektromobilit\u00e4t unterst\u00fctzt die DC-Wallbox den kontinuierlichen Fortschritt von Elektrofahrzeugen.<\/p>\n","protected":false},"featured_media":2842,"comment_status":"open","ping_status":"closed","template":"","meta":[],"product_brand":[],"product_cat":[400,384],"product_tag":[],"class_list":{"0":"post-2841","1":"product","2":"type-product","3":"status-publish","4":"has-post-thumbnail","6":"product_cat-dc-ladestation","7":"product_cat-wallbox-ladestation-de","8":"pa_brand-abb-de","10":"first","11":"outofstock","12":"sale","13":"taxable","14":"shipping-taxable","15":"purchasable","16":"product-type-simple"},"_links":{"self":[{"href":"https:\/\/chargingshop.eu\/de\/wp-json\/wp\/v2\/product\/2841","targetHints":{"allow":["GET"]}}],"collection":[{"href":"https:\/\/chargingshop.eu\/de\/wp-json\/wp\/v2\/product"}],"about":[{"href":"https:\/\/chargingshop.eu\/de\/wp-json\/wp\/v2\/types\/product"}],"replies":[{"embeddable":true,"href":"https:\/\/chargingshop.eu\/de\/wp-json\/wp\/v2\/comments?post=2841"}],"wp:featuredmedia":[{"embeddable":true,"href":"https:\/\/chargingshop.eu\/de\/wp-json\/wp\/v2\/media\/2842"}],"wp:attachment":[{"href":"https:\/\/chargingshop.eu\/de\/wp-json\/wp\/v2\/media?parent=2841"}],"wp:term":[{"taxonomy":"product_brand","embeddable":true,"href":"https:\/\/chargingshop.eu\/de\/wp-json\/wp\/v2\/product_brand?post=2841"},{"taxonomy":"product_cat","embeddable":true,"href":"https:\/\/chargingshop.eu\/de\/wp-json\/wp\/v2\/product_cat?post=2841"},{"taxonomy":"product_tag","embeddable":true,"href":"https:\/\/chargingshop.eu\/de\/wp-json\/wp\/v2\/product_tag?post=2841"}],"curies":[{"name":"wp","href":"https:\/\/api.w.org\/{rel}","templated":true}]}}