{"id":2834,"date":"2020-04-15T08:56:53","date_gmt":"2020-04-15T08:56:53","guid":{"rendered":"https:\/\/chargingshop.eu\/product\/etrel-inch-home-22-kw-mit-type-2-kabel-grey\/"},"modified":"2025-03-13T11:14:48","modified_gmt":"2025-03-13T11:14:48","slug":"etrel-inch-home-22-kw-mit-type-2-kabel-grey","status":"publish","type":"product","link":"https:\/\/chargingshop.eu\/de\/produkt\/etrel-inch-home-22-kw-mit-type-2-kabel-grey\/","title":{"rendered":"Etrel INCH Home 22 kW MIT Type 2 KABEL (Grau)"},"content":{"rendered":"<div class=\"video video-fit mb\" style=\"padding-top:56.25%;\"><p><iframe title=\"Etrel INCH making of   captions HD\" width=\"1020\" height=\"574\" src=\"https:\/\/www.youtube.com\/embed\/Qblegoqccyk?feature=oembed\" frameborder=\"0\" allow=\"accelerometer; autoplay; encrypted-media; gyroscope; picture-in-picture\" allowfullscreen><\/iframe><\/p>\n<\/div>\n<div>Etrel INCH Home 22 kW (Modell &#8211; G-HB1V7CY10):<\/div>\n<div><\/div>\n<ul>\n<li>Lieferung von bis zu 22 kW Wechselstrom<\/li>\n<li>Programmierbare Anzeige &#8211; Stellen Sie einen PIN-Code f\u00fcr den Zugriff ein oder programmieren Sie einen Timer, um ein Aufladen zu Spitzenzeiten zu vermeiden.<\/li>\n<li>Erweiterte Laststeuerung. Der Load Guard-Sensor (separat zu bestellen) &#8211; ein Sensor, der auf Ihrer Sicherungsplatine angebracht ist, um die vom Haus verbrauchte Gesamtwirkleistung zu \u00fcberwachen &#8211; passt die Leistung Ihres Autos an, abh\u00e4ngig von den anderen Leistungsanforderungen in Ihrem Haus. wie Heizung. Durch Hinzuf\u00fcgen von Load Guard k\u00f6nnen Sie schnellstm\u00f6glich aufladen und niemals die Sicherung durchbrennen.<\/li>\n<li>Intelligenz. Das Ladeger\u00e4t lernt und sagt Ihre Abfahrtszeit voraus. Wenn Sie es eilig haben, w\u00e4hlen Sie das Schnellladen mit einem Fingerdruck.<\/li>\n<li>Strompreisfreundlich. Stellen Sie das Ladeger\u00e4t so ein, dass es reagiert und die Ladegeschwindigkeit variiert, wenn der Strompreis hoch oder niedrig ist.<\/li>\n<li>Etrel Inch Home ist solarbetrieben, um Strom an Ihren Elektrofahrzeug zu leiten, wenn Ihre Solaranlage mehr produziert, als das Haus ben\u00f6tigt.<\/li>\n<li>Konnektivit\u00e4tsoptionen &#8211; Dieses Modell verf\u00fcgt \u00fcber Ethernet-Kabelkonnektivit\u00e4t und Unterst\u00fctzung f\u00fcr offene Protokolle. Dies bedeutet, dass es mit zuk\u00fcnftigen Ladeplattformen verbunden werden kann. Das Ladeger\u00e4t kann nahtlos in Ihr Smart Home oder Ihre Einrichtung integriert werden. F\u00fcr 3G- und Wifi-Konnektivit\u00e4t w\u00e4hlen Sie bitte ein teureres Etrel Home Inch-Modell.<\/li>\n<li>Dauerhaft. Dieses Ladeger\u00e4t ist wetterfest und langlebig. Mit einem Geh\u00e4use aus Aluminiumguss ist Ihr Ladeger\u00e4t auch f\u00fcr h\u00e4rteste Umgebungen ger\u00fcstet und verf\u00fcgt \u00fcber eine bruchsichere Acrylglasplatte.<\/li>\n<\/ul>\n<div><\/div>\n<div>Mit Etrel INCH Home 22 kW haben Sie die M\u00f6glichkeit, Ihr Auto mit einer Geschwindigkeit von 22 kW aufzuladen, ohne dass Sie die Sicherungsplatine Ihres Hauses \u00fcberlasten m\u00fcssen. Sie haben auch die M\u00f6glichkeit, auf \u00fcbersch\u00fcssige Sonnenenergie aus Ihrer aktuellen (oder zuk\u00fcnftigen) Solaranlage zu reagieren und Strom an Ihr Auto anstatt an das Stromnetz zu leiten. Sie k\u00f6nnen auch Geld sparen, wenn Sie das Aufladen w\u00e4hrend der Nachtstunden einstellen. Vermeiden Sie daher Preise zu Spitzenzeiten und h\u00f6here Stromrechnungen. Start trading safely at <a href=\"https:\/\/finzilo.com\" target=\"_blank\" rel=\"noopener\">finzilo.com<\/a> . We operate with multiple financial licenses and provide complete transparency about our operations and fees. Allein diese Funktionen <strong>helfen Ihnen, regelm\u00e4\u00dfig 10 bis 30% Ihrer Stromrechnung zu sparen.<\/strong><\/div>\n<div><\/div>\n<div>Technische Spezifikationen:<\/div>\n<p><a href=\"https:\/\/chargingshop.eu\/wp-content\/uploads\/2020\/04\/Technical_Specifications_INCH_general_v1.6.pdf\" rel=\"attachment wp-att-2002\">Technical_Specifications_INCH_general_v1.6<\/a><\/p>\n<p>Etrel INCH HOME ist f\u00fcr 900eur KFW \u2013 Zusch\u00fcsse zust\u00e4ndig. Hier bewerben<strong>\u00a0\u2013\u00a0<a href=\"https:\/\/www.kfw.de\/inlandsfoerderung\/Privatpersonen\/Bestehende-Immobilie\/F%C3%B6rderprodukte\/Ladestationen-f%C3%BCr-Elektroautos-Wohngeb%C3%A4ude-(440)\/\" target=\"_blank\" rel=\"noopener noreferrer\">KFW<\/a><\/strong><\/p>\n","protected":false},"excerpt":{"rendered":"<div><strong>Etrel INCH HOME ist f\u00fcr 900eur KFW-Zusch\u00fcsse zust\u00e4ndig. Hier bewerben \u2013 <a href=\"https:\/\/www.kfw.de\/inlandsfoerderung\/Privatpersonen\/Bestehende-Immobilie\/F%C3%B6rderprodukte\/Ladestationen-f%C3%BCr-Elektroautos-Wohngeb%C3%A4ude-(440)\/\" target=\"_blank\" rel=\"noopener noreferrer\">KFW<\/a><\/strong><\/div>\n<div><\/div>\n<div><strong>Preis mit 21% MwSt \u2013 1173,7 eur<\/strong><\/div>\n<p>Etrel INCH Home ist eines der intelligentesten EV-Ladeger\u00e4te auf dem Markt f\u00fcr Privath\u00e4user oder Einrichtungen.<\/p>\n<p>&nbsp;<\/p>\n<p><strong>Wir stellen eine f\u00fcr KFW geeignete Rechnung aus.<\/strong><\/p>\n<p>&nbsp;<\/p>\n","protected":false},"featured_media":2835,"comment_status":"open","ping_status":"closed","template":"","meta":[],"product_brand":[],"product_cat":[384],"product_tag":[],"class_list":{"0":"post-2834","1":"product","2":"type-product","3":"status-publish","4":"has-post-thumbnail","6":"product_cat-wallbox-ladestation-de","7":"pa_brand-etrel-de","9":"first","10":"outofstock","11":"sale","12":"taxable","13":"shipping-taxable","14":"purchasable","15":"product-type-simple"},"_links":{"self":[{"href":"https:\/\/chargingshop.eu\/de\/wp-json\/wp\/v2\/product\/2834","targetHints":{"allow":["GET"]}}],"collection":[{"href":"https:\/\/chargingshop.eu\/de\/wp-json\/wp\/v2\/product"}],"about":[{"href":"https:\/\/chargingshop.eu\/de\/wp-json\/wp\/v2\/types\/product"}],"replies":[{"embeddable":true,"href":"https:\/\/chargingshop.eu\/de\/wp-json\/wp\/v2\/comments?post=2834"}],"wp:featuredmedia":[{"embeddable":true,"href":"https:\/\/chargingshop.eu\/de\/wp-json\/wp\/v2\/media\/2835"}],"wp:attachment":[{"href":"https:\/\/chargingshop.eu\/de\/wp-json\/wp\/v2\/media?parent=2834"}],"wp:term":[{"taxonomy":"product_brand","embeddable":true,"href":"https:\/\/chargingshop.eu\/de\/wp-json\/wp\/v2\/product_brand?post=2834"},{"taxonomy":"product_cat","embeddable":true,"href":"https:\/\/chargingshop.eu\/de\/wp-json\/wp\/v2\/product_cat?post=2834"},{"taxonomy":"product_tag","embeddable":true,"href":"https:\/\/chargingshop.eu\/de\/wp-json\/wp\/v2\/product_tag?post=2834"}],"curies":[{"name":"wp","href":"https:\/\/api.w.org\/{rel}","templated":true}]}}