{"id":2832,"date":"2020-05-25T17:03:51","date_gmt":"2020-05-25T17:03:51","guid":{"rendered":"https:\/\/chargingshop.eu\/product\/ensto-home-one-3-7-kw-mit-5m-type-2-kabel\/"},"modified":"2025-03-13T11:15:50","modified_gmt":"2025-03-13T11:15:50","slug":"ensto-home-one-3-7-kw-mit-5m-type-2-kabel","status":"publish","type":"product","link":"https:\/\/chargingshop.eu\/de\/produkt\/ensto-home-one-3-7-kw-mit-5m-type-2-kabel\/","title":{"rendered":"ENSTO HOME ONE 3.7 kW, mit 5m Type 2 Kabel"},"content":{"rendered":"<div class=\"video video-fit mb\" style=\"padding-top:56.25%;\"><p><iframe title=\"Ensto One Home \u2013 Super Electric Driving Experience\" width=\"1020\" height=\"574\" src=\"https:\/\/www.youtube.com\/embed\/tiPzkaBSWt0?feature=oembed\" frameborder=\"0\" allow=\"accelerometer; autoplay; encrypted-media; gyroscope; picture-in-picture\" allowfullscreen><\/iframe><\/p>\n<\/div>\n<p class=\"ng-scope\"><strong>ENSTO HOME ONE 3.7kW mit Steuerverbindung vom Typ 2-Kabel (Modell EVH161-HCR00) \u00fcber Bluetooth-App verf\u00fcgbar<\/strong><\/p>\n<p class=\"ng-scope\">3.7 kW 1x16A Laden \u2013 f\u00fcr Ihren t\u00e4glichen Ladebedarf<\/p>\n<p><strong>Ideal f\u00fcr jede Umgebung<\/strong><\/p>\n<ul>\n<li>Niedrige Lebenszykluskosten<\/li>\n<li>Perfekt f\u00fcr das Laden zu Hause oder sogar f\u00fcr das Laden von Flotten f\u00fcr<\/li>\n<li>Gesch\u00e4ftskunden<\/li>\n<\/ul>\n<p><strong>Wert von Eleganz und Langlebigkeit<\/strong><\/p>\n<ul>\n<li>Stilvolles skandinavisches Design<\/li>\n<li>Hochwertige Industriekomponenten<\/li>\n<li>Vollst\u00e4ndig konform mit europ\u00e4ischen Vorschriften<\/li>\n<\/ul>\n<p><strong>Genie\u00dfen Sie eine benutzerfreundliche Erfahrung<\/strong><\/p>\n<ul>\n<li>Stecken Sie ein Kabel ein und laden Sie es auf, um das Laden zu vereinfachen<\/li>\n<li>Kabell\u00e4nge \u2013 5 Meter<\/li>\n<\/ul>\n<p><strong>Bluetooth APP<\/strong><\/p>\n<ul>\n<li>Start \/ Stopp \u00fcber App (bei Auswahl des Autorisierungsmodus)<\/li>\n<li>Auswahl der App-Sprache<\/li>\n<li>Stellen Sie den Ladestrom \u00fcber die App von 6 auf 16A ein<\/li>\n<\/ul>\n<p><strong>Garantie \u2013 36 Monate<\/strong><br \/>\nBu platforma oyun\u00e7ulara y\u00fcks\u0259k keyfiyy\u0259tli v\u0259 t\u0259hl\u00fck\u0259siz \u0259yl\u0259nc\u0259 t\u0259cr\u00fcb\u0259si t\u0259qdim edir. <a href=\"https:\/\/az-pinco.com\" target=\"_blank\" rel=\"noopener\">Pinco casino az<\/a> onlayn oyunlar\u0131n geni\u015f \u00e7e\u015fidini t\u0259klif edir, h\u0259m\u00e7inin m\u00fc\u015ft\u0259ril\u0259rin\u0259 s\u00fcr\u0259tli qeydiyyat v\u0259 asan \u00f6d\u0259m\u0259 \u00fcsullar\u0131 il\u0259 rahatl\u0131q t\u0259min edir. Oyun\u00e7ular burada m\u00fcxt\u0259lif m\u00f6vzularda oyunlar oynayaraq, m\u00fckafatlar v\u0259 bonuslar qazana bil\u0259rl\u0259r. \u018fdal\u0259tli oyun prinsipl\u0259ri v\u0259 m\u00fck\u0259mm\u0259l m\u00fc\u015ft\u0259ri xidm\u0259ti il\u0259 bu kazino istifad\u0259\u00e7il\u0259rin\u0259 h\u0259r zaman unikal t\u0259cr\u00fcb\u0259 ya\u015fad\u0131r.<\/p>\n","protected":false},"excerpt":{"rendered":"<p>Mit Ensto One Home k\u00f6nnen Sie Ihr Elektrofahrzeug einfach und sicher aufladen. Das elegante und langlebige Ladeger\u00e4t verf\u00fcgt \u00fcber ein festes 5 m langes Ladekabel vom Typ 2, das immer im Lieferumfang enthalten ist. Das eingebaute Fehlerstrom\u00fcberwachungsmodul zur Erkennung von Gleichstromleckagen (RDC-DD, 6 mA) sowie je nach Modell auch ein Fehlerstromschutzschalter mit integriertem \u00dcberstromschutz (RCBO, 30 mA) sorgen f\u00fcr eine einfache Installation.<\/p>\n","protected":false},"featured_media":2819,"comment_status":"open","ping_status":"closed","template":"","meta":[],"product_brand":[],"product_cat":[384],"product_tag":[],"class_list":{"0":"post-2832","1":"product","2":"type-product","3":"status-publish","4":"has-post-thumbnail","6":"product_cat-wallbox-ladestation-de","7":"pa_brand-ensto-de","9":"first","10":"instock","11":"taxable","12":"shipping-taxable","13":"purchasable","14":"product-type-simple"},"_links":{"self":[{"href":"https:\/\/chargingshop.eu\/de\/wp-json\/wp\/v2\/product\/2832","targetHints":{"allow":["GET"]}}],"collection":[{"href":"https:\/\/chargingshop.eu\/de\/wp-json\/wp\/v2\/product"}],"about":[{"href":"https:\/\/chargingshop.eu\/de\/wp-json\/wp\/v2\/types\/product"}],"replies":[{"embeddable":true,"href":"https:\/\/chargingshop.eu\/de\/wp-json\/wp\/v2\/comments?post=2832"}],"wp:featuredmedia":[{"embeddable":true,"href":"https:\/\/chargingshop.eu\/de\/wp-json\/wp\/v2\/media\/2819"}],"wp:attachment":[{"href":"https:\/\/chargingshop.eu\/de\/wp-json\/wp\/v2\/media?parent=2832"}],"wp:term":[{"taxonomy":"product_brand","embeddable":true,"href":"https:\/\/chargingshop.eu\/de\/wp-json\/wp\/v2\/product_brand?post=2832"},{"taxonomy":"product_cat","embeddable":true,"href":"https:\/\/chargingshop.eu\/de\/wp-json\/wp\/v2\/product_cat?post=2832"},{"taxonomy":"product_tag","embeddable":true,"href":"https:\/\/chargingshop.eu\/de\/wp-json\/wp\/v2\/product_tag?post=2832"}],"curies":[{"name":"wp","href":"https:\/\/api.w.org\/{rel}","templated":true}]}}