{"id":2816,"date":"2020-06-08T08:03:35","date_gmt":"2020-06-08T08:03:35","guid":{"rendered":"https:\/\/chargingshop.eu\/product\/ensto-efiller-11kw-3x16a\/"},"modified":"2020-08-28T08:46:00","modified_gmt":"2020-08-28T08:46:00","slug":"ensto-efiller-11kw-3x16a","status":"publish","type":"product","link":"https:\/\/chargingshop.eu\/de\/produkt\/ensto-efiller-11kw-3x16a\/","title":{"rendered":"ENSTO eFiller 11kW (3x16A) mit 380V Wandstecker"},"content":{"rendered":"<p><strong>ENSTO eFiller 11kW (3x16A) mit 380V Wandstecker<\/strong><\/p>\n<div class=\"block comtextblock col-xs-12 col-sm-6 col-md-6 col-half\">\n<div class=\"text-block clearfix\"><\/div>\n<\/div>\n<div class=\"block comtextblock col-xs-12 col-sm-6 col-md-6 col-half\">\n<div class=\"text-block clearfix\">\n<div>Bei 380 V 5-poliger Steckdose ist keine elektrische Installation erforderlich! (Siehe Produktbild)<\/div>\n<div><\/div>\n<div><strong>Ideal f\u00fcr jede Umgebung<\/strong><\/div>\n<div><\/div>\n<ul>\n<li>Leistungsstarkes (11 kW) dreiphasiges Laden<\/li>\n<li>Niedrige Lebenszykluskosten<\/li>\n<li>Perfekt f\u00fcr das Laden zu Hause oder sogar f\u00fcr das Laden von Flotten f\u00fcr Gesch\u00e4ftskunden<\/li>\n<\/ul>\n<div><\/div>\n<div><strong>Wert von Eleganz und Langlebigkeit<\/strong><\/div>\n<div><\/div>\n<ul>\n<li>Stilvolles skandinavisches Design<\/li>\n<li>Hochwertige Industriekomponenten mit eleganter und robuster Aluminiumstruktur<\/li>\n<li>Vollst\u00e4ndig konform mit europ\u00e4ischen Vorschriften<\/li>\n<\/ul>\n<div><\/div>\n<div><strong>Genie\u00dfen Sie eine benutzerfreundliche Erfahrung<\/strong><\/div>\n<div><\/div>\n<ul>\n<li>Stecken Sie ein Kabel ein und laden Sie es auf, um das Laden zu vereinfachen<\/li>\n<li>Kabell\u00e4nge &#8211; 4,5 Meter<\/li>\n<\/ul>\n<p>Garantie &#8211; 36 Monate<\/p>\n<\/div>\n<\/div>\n","protected":false},"excerpt":{"rendered":"<p>ENSTO eFiller 11kW (Modell mit 380-V-Stecker) &#8211; bei 380-V-5-Pin-Buchse ist keine elektrische Installation erforderlich! Ein kompakter Wandladepunkt mit festem Ladekabel. Stilvolles und langlebiges Design, das sich besonders zum einfachen Laden zu Hause eignet, wenn kein eingebauter \u00dcberstrom- und Fehlerstromschutz oder keine Verbindung zu Backend-Systemen erforderlich ist.<\/p>\n","protected":false},"featured_media":2817,"comment_status":"open","ping_status":"closed","template":"","meta":[],"product_brand":[],"product_cat":[384],"product_tag":[],"class_list":{"0":"post-2816","1":"product","2":"type-product","3":"status-publish","4":"has-post-thumbnail","6":"product_cat-wallbox-ladestation-de","7":"pa_brand-ensto-de","9":"first","10":"instock","11":"taxable","12":"shipping-taxable","13":"purchasable","14":"product-type-simple"},"_links":{"self":[{"href":"https:\/\/chargingshop.eu\/de\/wp-json\/wp\/v2\/product\/2816","targetHints":{"allow":["GET"]}}],"collection":[{"href":"https:\/\/chargingshop.eu\/de\/wp-json\/wp\/v2\/product"}],"about":[{"href":"https:\/\/chargingshop.eu\/de\/wp-json\/wp\/v2\/types\/product"}],"replies":[{"embeddable":true,"href":"https:\/\/chargingshop.eu\/de\/wp-json\/wp\/v2\/comments?post=2816"}],"wp:featuredmedia":[{"embeddable":true,"href":"https:\/\/chargingshop.eu\/de\/wp-json\/wp\/v2\/media\/2817"}],"wp:attachment":[{"href":"https:\/\/chargingshop.eu\/de\/wp-json\/wp\/v2\/media?parent=2816"}],"wp:term":[{"taxonomy":"product_brand","embeddable":true,"href":"https:\/\/chargingshop.eu\/de\/wp-json\/wp\/v2\/product_brand?post=2816"},{"taxonomy":"product_cat","embeddable":true,"href":"https:\/\/chargingshop.eu\/de\/wp-json\/wp\/v2\/product_cat?post=2816"},{"taxonomy":"product_tag","embeddable":true,"href":"https:\/\/chargingshop.eu\/de\/wp-json\/wp\/v2\/product_tag?post=2816"}],"curies":[{"name":"wp","href":"https:\/\/api.w.org\/{rel}","templated":true}]}}