{"id":2813,"date":"2020-01-15T12:25:26","date_gmt":"2020-01-15T12:25:26","guid":{"rendered":"https:\/\/chargingshop.eu\/product\/ensto-efiller-11-kw-3x16a\/"},"modified":"2020-08-28T08:33:12","modified_gmt":"2020-08-28T08:33:12","slug":"ensto-efiller-11-kw-3x16a","status":"publish","type":"product","link":"https:\/\/chargingshop.eu\/de\/produkt\/ensto-efiller-11-kw-3x16a\/","title":{"rendered":"ENSTO eFiller 11kW (3x16A)"},"content":{"rendered":"<div><strong>ENSTO eFiller 11kW<\/strong><\/div>\n<div><\/div>\n<div><\/div>\n<div><strong>Ideal f\u00fcr jede Umgebung<\/strong><\/div>\n<div><\/div>\n<ul>\n<li>Leistungsstarkes (11 kW) dreiphasiges Laden<\/li>\n<li>Niedrige Lebenszykluskosten<\/li>\n<li>Perfekt f\u00fcr das Laden zu Hause oder sogar f\u00fcr das Laden von Flotten f\u00fcr Gesch\u00e4ftskunden<\/li>\n<\/ul>\n<div><\/div>\n<div><strong>Wert von Eleganz und Langlebigkeit<\/strong><\/div>\n<div><\/div>\n<ul>\n<li>Stilvolles skandinavisches Design<\/li>\n<li>Hochwertige Industriekomponenten mit eleganter und robuster Aluminiumstruktur<\/li>\n<li>Vollst\u00e4ndig konform mit europ\u00e4ischen Vorschriften<\/li>\n<\/ul>\n<p>&nbsp;<\/p>\n<div><\/div>\n<div><div class=\"video video-fit mb\" style=\"padding-top:56.25%;\"><p><iframe title=\"Ensto Chago eFill installation\" width=\"1020\" height=\"574\" src=\"https:\/\/www.youtube.com\/embed\/fmbZv7cO4zg?feature=oembed\" frameborder=\"0\" allow=\"accelerometer; autoplay; encrypted-media; gyroscope; picture-in-picture\" allowfullscreen><\/iframe><\/p>\n<\/div><\/div>\n<div><\/div>\n<div><\/div>\n<div><strong>Genie\u00dfen Sie eine benutzerfreundliche Erfahrung<\/strong><\/div>\n<div><\/div>\n<ul>\n<li>Stecken Sie ein Kabel ein und laden Sie es auf, um das Laden zu vereinfachen<\/li>\n<li>Kabell\u00e4nge &#8211; 4,5 Meter<\/li>\n<\/ul>\n<p><strong>Garantie &#8211; 36 Monate<\/strong><\/p>\n","protected":false},"excerpt":{"rendered":"<p>ENSTO eFiller 11kW (Modell EVH050.02H) &#8211; ein kompakter Wandladepunkt mit festem Ladekabel. Stilvolles und langlebiges Design, das sich besonders zum einfachen Laden zu Hause eignet, wenn kein eingebauter \u00dcberstrom- und Fehlerstromschutz oder keine Verbindung zu Backend-Systemen erforderlich ist.<\/p>\n","protected":false},"featured_media":2814,"comment_status":"open","ping_status":"closed","template":"","meta":[],"product_brand":[],"product_cat":[384],"product_tag":[],"class_list":{"0":"post-2813","1":"product","2":"type-product","3":"status-publish","4":"has-post-thumbnail","6":"product_cat-wallbox-ladestation-de","7":"pa_brand-ensto-de","9":"first","10":"instock","11":"sale","12":"taxable","13":"shipping-taxable","14":"purchasable","15":"product-type-simple"},"_links":{"self":[{"href":"https:\/\/chargingshop.eu\/de\/wp-json\/wp\/v2\/product\/2813","targetHints":{"allow":["GET"]}}],"collection":[{"href":"https:\/\/chargingshop.eu\/de\/wp-json\/wp\/v2\/product"}],"about":[{"href":"https:\/\/chargingshop.eu\/de\/wp-json\/wp\/v2\/types\/product"}],"replies":[{"embeddable":true,"href":"https:\/\/chargingshop.eu\/de\/wp-json\/wp\/v2\/comments?post=2813"}],"wp:featuredmedia":[{"embeddable":true,"href":"https:\/\/chargingshop.eu\/de\/wp-json\/wp\/v2\/media\/2814"}],"wp:attachment":[{"href":"https:\/\/chargingshop.eu\/de\/wp-json\/wp\/v2\/media?parent=2813"}],"wp:term":[{"taxonomy":"product_brand","embeddable":true,"href":"https:\/\/chargingshop.eu\/de\/wp-json\/wp\/v2\/product_brand?post=2813"},{"taxonomy":"product_cat","embeddable":true,"href":"https:\/\/chargingshop.eu\/de\/wp-json\/wp\/v2\/product_cat?post=2813"},{"taxonomy":"product_tag","embeddable":true,"href":"https:\/\/chargingshop.eu\/de\/wp-json\/wp\/v2\/product_tag?post=2813"}],"curies":[{"name":"wp","href":"https:\/\/api.w.org\/{rel}","templated":true}]}}