{"id":2808,"date":"2020-07-09T09:31:19","date_gmt":"2020-07-09T09:31:19","guid":{"rendered":"https:\/\/chargingshop.eu\/product\/abb-terra-ac-7-kw-type-2-mit-kabel\/"},"modified":"2020-10-30T14:17:23","modified_gmt":"2020-10-30T14:17:23","slug":"abb-terra-ac-7-kw-type-2-mit-kabel","status":"publish","type":"product","link":"https:\/\/chargingshop.eu\/de\/produkt\/abb-terra-ac-7-kw-type-2-mit-kabel\/","title":{"rendered":"ABB Terra AC 7.4 kW, Type 2 mit Kabel, Wifi"},"content":{"rendered":"<div class=\"video video-fit mb\" style=\"padding-top:56.25%;\"><p><iframe title=\"Terra AC wallbox -  High value quality\" width=\"1020\" height=\"574\" src=\"https:\/\/www.youtube.com\/embed\/ZapL_pinxY0?feature=oembed\" frameborder=\"0\" allow=\"accelerometer; autoplay; encrypted-media; gyroscope; picture-in-picture\" allowfullscreen><\/iframe><\/p>\n<\/div>\n<p><em><strong>ABB Terra AC 7.4 kW\u00a0 mit Kabel, Wifi <\/strong><\/em><\/p>\n<p><strong>Hochwertige Qualit\u00e4t<\/strong><\/p>\n<p>\u2022 Eines der preisg\u00fcnstigsten Ladeger\u00e4te auf dem Markt<\/p>\n<p>\u2022 Gro\u00dfe Auswahl an Konnektivit\u00e4ts optionen<\/p>\n<p>\u2022 Platzsparendes und einfach zu installierendes Design<\/p>\n<p>&nbsp;<\/p>\n<p><strong>Sicherheit und Schutz<\/strong><\/p>\n<p>\u2022 Von unabh\u00e4ngigen Dritten bewertet und getestet, um die h\u00f6chsten Standards zu erf\u00fcllen<\/p>\n<p>\u2022 Der Strombegrenzungs schutz verhindert st\u00f6rendes Ausl\u00f6sen und \u00dcberstrom zur Installation<\/p>\n<p>\u2022 Integrierter Schutz einschlie\u00dflich DC-Erdschluss und \u00dcberspannung<\/p>\n<p><img decoding=\"async\" class=\"alignleft wp-image-3224\" src=\"https:\/\/chargingshop.eu\/wp-content\/uploads\/2020\/07\/ABB-Terra-AC-dynamic-load-management-307x400.png\" alt=\"ABB Terra AC dynamic load management\" width=\"470\" height=\"612\" srcset=\"https:\/\/chargingshop.eu\/wp-content\/uploads\/2020\/07\/ABB-Terra-AC-dynamic-load-management-307x400.png 307w, https:\/\/chargingshop.eu\/wp-content\/uploads\/2020\/07\/ABB-Terra-AC-dynamic-load-management.png 422w\" sizes=\"(max-width: 470px) 100vw, 470px\" \/><\/p>\n<p><strong>Lastmanagement<\/strong><\/p>\n<p>\u2022 Eingebauter Energiez\u00e4hler<\/p>\n<p>\u2022 Setup f\u00fcr die Integration externer Energiez\u00e4hler f\u00fcr ein dynamisches Lastmanagement<\/p>\n<p>\u2022 Bereit zur Integration in ein fortschrittliches intelligentes Geb\u00e4udeenergiesystem<\/p>\n<p><strong>Zukunftssichere Flexibilit\u00e4t<\/strong><\/p>\n<p>\u2022 Intelligente Funktionalit\u00e4t f\u00fcr optimiertes Laden<\/p>\n<p>\u2022 Energiez\u00e4hler integration f\u00fcr dynamisches Lastmanagement<\/p>\n<p>\u2022 Spezielle App zur Steuerung und Konfiguration<\/p>\n<p>\u2022 Remote-Software-Update aktiviert<\/p>\n<p>&nbsp;<\/p>\n<div>\n<p>&nbsp;<\/p>\n<p>&nbsp;<\/p>\n<\/div>\n<p>&nbsp;<\/p>\n<p>&nbsp;<\/p>\n<div>\n<p>&nbsp;<\/p>\n<p>&nbsp;<\/p>\n<\/div>\n<p>&nbsp;<\/p>\n<div><\/div>\n<div><\/div>\n<p><strong>Geb\u00fchrenplanung \u201ePeak Shaving\u201c<\/strong><\/p>\n<p>\u2022 Stellen Sie Ihre Ladezeitfenster (Zeitplan) ein, um Spitzenstrompreise zu vermeiden, z. Abendtarif<\/p>\n<p>\u2022 Es ist m\u00f6glich, 100-300 Euro pro Jahr * an Stromkosten zu sparen (vorbehaltlich der \u00f6rtlichen Strompreise).<\/p>\n<p>&nbsp;<\/p>\n<p><strong>ChargeSync-Benutzer-App f\u00fcr die Steuerung, den Status und die Konfiguration von Terra AC\u00a0<\/strong><\/p>\n<p>Stationsaufbau:<\/p>\n<div class=\"video video-fit mb\" style=\"padding-top:56.25%;\"><p><iframe title=\"ABB Terra AC station setup\" width=\"1020\" height=\"574\" src=\"https:\/\/www.youtube.com\/embed\/9tBaVWj7mHI?feature=oembed\" frameborder=\"0\" allow=\"accelerometer; autoplay; encrypted-media; gyroscope; picture-in-picture\" allowfullscreen><\/iframe><\/p>\n<\/div>\n<p>Ladestatus:<\/p>\n<div class=\"video video-fit mb\" style=\"padding-top:56.25%;\"><p><iframe title=\"ABB Terra AC APP charging process\" width=\"1020\" height=\"574\" src=\"https:\/\/www.youtube.com\/embed\/ZDbrLx06yh0?feature=oembed\" frameborder=\"0\" allow=\"accelerometer; autoplay; encrypted-media; gyroscope; picture-in-picture\" allowfullscreen><\/iframe><\/p>\n<\/div>\n<div><\/div>\n<div><\/div>\n<p><strong>ABB Terra AC 7.4 kW (model 6AGC082155) Funktionen:<\/strong><\/p>\n<div>-Typ &#8211; Wallbox mit Typ 2-Kabel<\/div>\n<div>-Power 7,4 kW<\/div>\n<div>-Eine Phase<\/div>\n<div>-Max Strom 32A<\/div>\n<div><\/div>\n<div>&#8211; Stecker &#8211; Typ 2<\/div>\n<div><\/div>\n<div>-RFID-Authentifizierung<\/div>\n<div>-Kabel 5m<\/div>\n<div>-Ethernet (RJ45)<\/div>\n<div>-W-lan<\/div>\n<div>-OCPP 1.6<\/div>\n<div>-Bluetooth<\/div>\n<div>-Modbus RTU (RS485)<\/div>\n<div><\/div>\n<div>Terra AC Produktbrosch\u00fcre:<\/div>\n<p><a href=\"https:\/\/chargingshop.eu\/de\/?attachment_id=2067\" target=\"_blank\" rel=\"attachment noopener wp-att-2067 noreferrer\">ABB_Terra_AC_wallbox_Brochure_A4<\/a><\/p>\n<p>&nbsp;<\/p>\n<p>* Steuern und auf einer anderen Fahrt von 50 km \/ Tag und einer Differenz von 30% zwischen dem Stromtarif am Abend und in der Nacht<\/p>\n<p>&nbsp;<\/p>\n","protected":false},"excerpt":{"rendered":"<div>Au\u00dfergew\u00f6hnliche Qualit\u00e4t vom Weltmarktf\u00fchrer &#8211; ABB. Intelligente und zukunftssichere Station zum Preis einer regul\u00e4ren Station.<\/div>\n<div><\/div>\n<ul>\n<li>Status und Kontrolle \u00fcber App<\/li>\n<li>Kompletter Schutz: \u00dcberstrom, \u00dcberspannung, Unterspannung, Erdschluss, integrierter Blitzschutz<\/li>\n<li>Geb\u00fchrenplanung \u201ePeak Shaving\u201c<\/li>\n<li>Lastverteilung<\/li>\n<li>M\u00f6glichkeit, nur Photovoltaik vom lokalen Wechselrichter zu laden<\/li>\n<li>und vieles mehr<\/li>\n<\/ul>\n","protected":false},"featured_media":2805,"comment_status":"open","ping_status":"closed","template":"","meta":[],"product_brand":[],"product_cat":[384],"product_tag":[],"class_list":{"0":"post-2808","1":"product","2":"type-product","3":"status-publish","4":"has-post-thumbnail","6":"product_cat-wallbox-ladestation-de","7":"pa_brand-abb-de","9":"first","10":"instock","11":"sale","12":"taxable","13":"shipping-taxable","14":"purchasable","15":"product-type-simple"},"_links":{"self":[{"href":"https:\/\/chargingshop.eu\/de\/wp-json\/wp\/v2\/product\/2808","targetHints":{"allow":["GET"]}}],"collection":[{"href":"https:\/\/chargingshop.eu\/de\/wp-json\/wp\/v2\/product"}],"about":[{"href":"https:\/\/chargingshop.eu\/de\/wp-json\/wp\/v2\/types\/product"}],"replies":[{"embeddable":true,"href":"https:\/\/chargingshop.eu\/de\/wp-json\/wp\/v2\/comments?post=2808"}],"wp:featuredmedia":[{"embeddable":true,"href":"https:\/\/chargingshop.eu\/de\/wp-json\/wp\/v2\/media\/2805"}],"wp:attachment":[{"href":"https:\/\/chargingshop.eu\/de\/wp-json\/wp\/v2\/media?parent=2808"}],"wp:term":[{"taxonomy":"product_brand","embeddable":true,"href":"https:\/\/chargingshop.eu\/de\/wp-json\/wp\/v2\/product_brand?post=2808"},{"taxonomy":"product_cat","embeddable":true,"href":"https:\/\/chargingshop.eu\/de\/wp-json\/wp\/v2\/product_cat?post=2808"},{"taxonomy":"product_tag","embeddable":true,"href":"https:\/\/chargingshop.eu\/de\/wp-json\/wp\/v2\/product_tag?post=2808"}],"curies":[{"name":"wp","href":"https:\/\/api.w.org\/{rel}","templated":true}]}}