{"id":2800,"date":"2020-04-16T13:14:02","date_gmt":"2020-04-16T13:14:02","guid":{"rendered":"https:\/\/chargingshop.eu\/product\/abb-terra-ac-22-kw-type-2-steckdose\/"},"modified":"2021-06-21T18:12:56","modified_gmt":"2021-06-21T18:12:56","slug":"abb-terra-ac-22-kw-type-2-steckdose","status":"publish","type":"product","link":"https:\/\/chargingshop.eu\/de\/produkt\/abb-terra-ac-22-kw-type-2-steckdose\/","title":{"rendered":"ABB Terra AC 22 kW, Type 2 Steckdose und Wifi"},"content":{"rendered":"<div class=\"video video-fit mb\" style=\"padding-top:56.25%;\"><p><iframe title=\"Terra AC wallbox -  High value quality\" width=\"1020\" height=\"574\" src=\"https:\/\/www.youtube.com\/embed\/ZapL_pinxY0?feature=oembed\" frameborder=\"0\" allow=\"accelerometer; autoplay; encrypted-media; gyroscope; picture-in-picture\" allowfullscreen><\/iframe><\/p>\n<\/div>\n<p><em><strong>ABB Terra AC Steckdose 22 kW<\/strong><\/em><\/p>\n<div>\n<p><strong>Hochwertige Qualit\u00e4t<\/strong><\/p>\n<p>\u2022 Eines der preisg\u00fcnstigsten Ladeger\u00e4te auf dem Markt<\/p>\n<p>\u2022 Breites Spektrum an Konnektivit\u00e4tsoptionen<\/p>\n<p>\u2022 Platzsparende und leicht zu installierende Konstruktion<\/p>\n<p>&nbsp;<\/p>\n<p><strong>Sicherheit und Schutz<\/strong><\/p>\n<p>\u2022 Von einer unabh\u00e4ngigen Drittpartei evaluiert und getestet, um die h\u00f6chsten Standards zu erf\u00fcllen<\/p>\n<p>\u2022 Strombegrenzender Schutz verhindert st\u00f6rendes Ausl\u00f6sen und \u00dcberstrom in der Anlage<\/p>\n<p>\u2022 Integrierter Schutz einschlie\u00dflich DC-Erdschluss und \u00dcberspannung<\/p>\n<p><img decoding=\"async\" class=\"alignleft wp-image-3224\" src=\"https:\/\/chargingshop.eu\/wp-content\/uploads\/2020\/07\/ABB-Terra-AC-dynamic-load-management-307x400.png\" alt=\"ABB Terra AC dynamic load management\" width=\"490\" height=\"638\" srcset=\"https:\/\/chargingshop.eu\/wp-content\/uploads\/2020\/07\/ABB-Terra-AC-dynamic-load-management-307x400.png 307w, https:\/\/chargingshop.eu\/wp-content\/uploads\/2020\/07\/ABB-Terra-AC-dynamic-load-management.png 422w\" sizes=\"(max-width: 490px) 100vw, 490px\" \/><\/p>\n<p><strong>Lastmanagement<\/strong><\/p>\n<p>\u2022 Eingebauter Energiez\u00e4hler<\/p>\n<p>\u2022 Manuelle oder dynamische (automatisierte) Lastverwaltung<\/p>\n<p>\u2022 Einrichtung zur Integration externer Energiez\u00e4hler f\u00fcr dynamisches Lastmanagement<\/p>\n<p>\u2022 Bereit f\u00fcr die Integration in ein fortschrittliches Energiesystem f\u00fcr intelligente Geb\u00e4ude<\/p>\n<p><strong>Zukunftssichere Flexibilit\u00e4t<\/strong><\/p>\n<p>\u2022 Intelligente Funktionalit\u00e4t f\u00fcr optimierte Aufladung<\/p>\n<p>\u2022 Energiez\u00e4hler integration f\u00fcr dynamisches Lastmanagement<\/p>\n<p>\u2022 Dedizierte App zur Steuerung und Konfiguration<\/p>\n<p>\u2022 Fern-Software-Update aktiviert<\/p>\n<div>\n<p>&nbsp;<\/p>\n<p>&nbsp;<\/p>\n<\/div>\n<p>&nbsp;<\/p>\n<p>&nbsp;<\/p>\n<div>\n<p>&nbsp;<\/p>\n<p>&nbsp;<\/p>\n<\/div>\n<p>&nbsp;<\/p>\n<div><\/div>\n<div><\/div>\n<p><strong>Geb\u00fchrenplanung\u00a0<\/strong><strong>\u2018Spitzenbelastungen\u2019<\/strong><\/p>\n<p>\u2022 Legen Sie Ihre Ladezeitfenster (Zeitplan) fest, um Spitzenstrompreise zu vermeiden, z.B. Abendtarif<\/p>\n<p>\u2022 M\u00f6glichkeit, 100-300 eur pro Jahr* auf der Stromrechnung einzusparen (abh\u00e4ngig von der lokalen Strompreisgestaltung)<\/p>\n<p>&nbsp;<\/p>\n<p><strong>ChargeSync-Anwendung f\u00fcr die Steuerung, den Status und die Konfiguration von Terra AC<\/strong><\/p>\n<p>Einrichtung der Station:<\/p>\n<div class=\"video video-fit mb\" style=\"padding-top:56.25%;\"><p><iframe title=\"ABB Terra AC station setup\" width=\"1020\" height=\"574\" src=\"https:\/\/www.youtube.com\/embed\/9tBaVWj7mHI?feature=oembed\" frameborder=\"0\" allow=\"accelerometer; autoplay; encrypted-media; gyroscope; picture-in-picture\" allowfullscreen><\/iframe><\/p>\n<\/div>\n<\/div>\n<p>Ladestatus:<\/p>\n<div class=\"video video-fit mb\" style=\"padding-top:56.25%;\"><p><iframe title=\"ABB Terra AC APP charging process\" width=\"1020\" height=\"574\" src=\"https:\/\/www.youtube.com\/embed\/ZDbrLx06yh0?feature=oembed\" frameborder=\"0\" allow=\"accelerometer; autoplay; encrypted-media; gyroscope; picture-in-picture\" allowfullscreen><\/iframe><\/p>\n<\/div>\n<p>&nbsp;<\/p>\n<p>&nbsp;<\/p>\n<p><strong>ABB Terra AC steckdose 22 kW (model 6AGC081279) Funktionen:<\/strong><\/p>\n<p>-Typ &#8211; Wallbox mit Steckdose<br \/>\n-Power 22kW<br \/>\n-Drei Phasen<br \/>\n-Max Strom 32A<br \/>\n-Typ 2<br \/>\n-Ethernet (RJ45)<br \/>\n-W-lan<br \/>\n-OCPP 1.6<br \/>\n-Bluetooth<br \/>\n-Modbus RTU (RS485)<\/p>\n<p>Terra AC Produktbrosch\u00fcre:<\/p>\n<p><a href=\"https:\/\/chargingshop.eu\/de\/?attachment_id=2067\" target=\"_blank\" rel=\"attachment noopener wp-att-2067 noreferrer\">ABB_Terra_AC_wallbox_Brochure_A4<\/a><\/p>\n<p>&nbsp;<\/p>\n<p>*Berechnung basiert auf einer durchschnittlichen Fahrleistung von 50km\/Tag und 30% Differenz zwischen Abend- und Nachtstromtarif<\/p>\n<p>Terra AC ist f\u00fcr 900eur KFW \u2013 Zusch\u00fcsse zust\u00e4ndig. Hier bewerben<strong>\u00a0\u2013\u00a0<a href=\"https:\/\/www.kfw.de\/inlandsfoerderung\/Privatpersonen\/Bestehende-Immobilie\/F%C3%B6rderprodukte\/Ladestationen-f%C3%BCr-Elektroautos-Wohngeb%C3%A4ude-(440)\/\" target=\"_blank\" rel=\"noopener noreferrer\">KFW<\/a><\/strong><\/p>\n<p><strong>Wir stellen eine KFW-geeignete Rechnung in deutscher Sprache aus.<\/strong><\/p>\n","protected":false},"excerpt":{"rendered":"<div>\n<div><strong>Terra AC ist f\u00fcr 900eur KFW-Zusch\u00fcsse zust\u00e4ndig\u00a0 &#8211; <a href=\"https:\/\/www.kfw.de\/inlandsfoerderung\/Privatpersonen\/Bestehende-Immobilie\/F%C3%B6rderprodukte\/Ladestationen-f%C3%BCr-Elektroautos-Wohngeb%C3%A4ude-(440)\/\" target=\"_blank\" rel=\"noopener noreferrer\">KFW<\/a><\/strong><\/div>\n<div><\/div>\n<div><\/div>\n<div><strong>Preis mit 21% MwSt &#8211; 845,79 eur<\/strong><\/div>\n<\/div>\n<div><\/div>\n<div>Au\u00dfergew\u00f6hnliche Qualit\u00e4t vom Weltmarktf\u00fchrer &#8211; ABB. Intelligente und zukunftssichere Station zum Preis einer regul\u00e4ren Station.<\/div>\n<div><\/div>\n<ul>\n<li>Status und Kontrolle \u00fcber App<\/li>\n<li>Kompletter Schutz: \u00dcberstrom, \u00dcberspannung, Unterspannung, Erdschluss, integrierter Blitzschutz<\/li>\n<li>Geb\u00fchrenplanung \u201ePeak Shaving\u201c<\/li>\n<li>Lastverteilung<\/li>\n<li>M\u00f6glichkeit, nur Photovoltaik vom lokalen Wechselrichter zu laden<\/li>\n<li>und vieles mehr<\/li>\n<\/ul>\n<p><strong>Lieferung nach Deutschland ca. 3-5 Werktage.<\/strong><\/p>\n","protected":false},"featured_media":2801,"comment_status":"open","ping_status":"closed","template":"","meta":[],"product_brand":[],"product_cat":[251,1370,410],"product_tag":[],"class_list":{"0":"post-2800","1":"product","2":"type-product","3":"status-publish","4":"has-post-thumbnail","6":"product_cat-accessories-charging-cables","7":"product_cat-sale-angebote-rabatte","8":"product_cat-accessories","9":"pa_brand-abb-de","11":"first","12":"instock","13":"sale","14":"featured","15":"taxable","16":"shipping-taxable","17":"purchasable","18":"product-type-simple"},"_links":{"self":[{"href":"https:\/\/chargingshop.eu\/de\/wp-json\/wp\/v2\/product\/2800","targetHints":{"allow":["GET"]}}],"collection":[{"href":"https:\/\/chargingshop.eu\/de\/wp-json\/wp\/v2\/product"}],"about":[{"href":"https:\/\/chargingshop.eu\/de\/wp-json\/wp\/v2\/types\/product"}],"replies":[{"embeddable":true,"href":"https:\/\/chargingshop.eu\/de\/wp-json\/wp\/v2\/comments?post=2800"}],"wp:featuredmedia":[{"embeddable":true,"href":"https:\/\/chargingshop.eu\/de\/wp-json\/wp\/v2\/media\/2801"}],"wp:attachment":[{"href":"https:\/\/chargingshop.eu\/de\/wp-json\/wp\/v2\/media?parent=2800"}],"wp:term":[{"taxonomy":"product_brand","embeddable":true,"href":"https:\/\/chargingshop.eu\/de\/wp-json\/wp\/v2\/product_brand?post=2800"},{"taxonomy":"product_cat","embeddable":true,"href":"https:\/\/chargingshop.eu\/de\/wp-json\/wp\/v2\/product_cat?post=2800"},{"taxonomy":"product_tag","embeddable":true,"href":"https:\/\/chargingshop.eu\/de\/wp-json\/wp\/v2\/product_tag?post=2800"}],"curies":[{"name":"wp","href":"https:\/\/api.w.org\/{rel}","templated":true}]}}