{"id":10448,"date":"2023-04-21T19:00:45","date_gmt":"2023-04-21T19:00:45","guid":{"rendered":"https:\/\/chargingshop.eu\/product\/alpitronic-hypercharger-hyc-150-kw-dc-station\/"},"modified":"2023-04-21T19:10:03","modified_gmt":"2023-04-21T19:10:03","slug":"alpitronic-hypercharger-hyc-150-kw-dc-station","status":"publish","type":"product","link":"https:\/\/chargingshop.eu\/de\/produkt\/alpitronic-hypercharger-hyc-150-kw-dc-station\/","title":{"rendered":"Alpitronic Hypercharger HYC 150 kW DC station"},"content":{"rendered":"<p>Alpitronic Hypercharger HYC 150 eines der vielseitigsten DC-Ladeger\u00e4te auf dem Markt. Hypercharger stellt sicher, dass Betreiber und Investoren von heute f\u00fcr die Anforderungen von morgen kompatibel sind.<\/p>\n<ul>\n<li>Das Modell HYC 150 kann mit 1 x 75-kW-Leistungsmodul oder 2 x 75-kW-Leistungsmodulen (erweiterbare Leistung) ausgestattet werden<\/li>\n<li>Das Modell HYC 150 kann sowohl CCS- als auch Chademo-Anschl\u00fcsse haben. Bei Bedarf kann der Chademo-Anschluss sp\u00e4ter durch einen zus\u00e4tzlichen CCS-Anschluss ersetzt werden<\/li>\n<li>Aufteilen der Ladeleistung zwischen zwei Elektrofahrzeugen bei gleichzeitigem Laden m\u00f6glich<\/li>\n<\/ul>\n<div class=\"video video-fit mb\" style=\"padding-top:56.25%;\"><p><iframe title=\"Hypercharger - hyper is the new super\" width=\"1020\" height=\"574\" src=\"https:\/\/www.youtube.com\/embed\/YQuFxv9Df-0?feature=oembed\" frameborder=\"0\" allow=\"accelerometer; autoplay; clipboard-write; encrypted-media; gyroscope; picture-in-picture; web-share\" allowfullscreen><\/iframe><\/p>\n<\/div>\n<h2>Alpitronic Hypercharger HYC 150 KW DC Station<\/h2>\n<h3>Haupteigenschaften<\/h3>\n<p>Die geringe Gr\u00f6\u00dfe der 150-kW-DC-Station macht sie ideal f\u00fcr den \u00f6ffentlichen und Flotteneinsatz. Seine Modularit\u00e4t erm\u00f6glicht es, es auf 150 kW Ladeleistung aufzur\u00fcsten und bis zu zwei Elektrofahrzeuge gleichzeitig zu bedienen.<\/p>\n<p>Die eingebauten Sicherheitsfunktionen sind die gleichen wie bei jedem anderen EV-Ladeger\u00e4t. HYC 150 gibt nur so viel Leistung ab, wie Ihr Auto aufnehmen kann. Ihr Fahrzeug kommuniziert von Anfang bis Ende mit der Ladestation, \u00fcberwacht Bedingungen wie den Ladezustand des Fahrzeugs, den maximal von der Station verf\u00fcgbaren elektrischen Strom und die Batteriespannung und passt den Stromfluss entsprechend an.<\/p>\n<ul>\n<li class=\"p2\"><b>Benchmark current density with up to 500ADC <\/b><\/li>\n<li class=\"p2\"><b>Full power capability starting as low as 300V battery voltage <\/b><\/li>\n<li class=\"p2\"><b>Future-proof wide ouput voltage range of 150V to 1000V <\/b><\/li>\n<li class=\"p2\"><b>Highly integrated system in a compact design <\/b><\/li>\n<li class=\"p2\"><b>Parallel DC-charging possible <\/b><\/li>\n<li class=\"p2\"><b>Scalable and upgradable power due to hypercharger <\/b><b>Power-Stack concept<\/b><\/li>\n<li><strong>15&#8221; Display<\/strong><\/li>\n<\/ul>\n<p>Download additional information about the <a href=\"https:\/\/chargingshop.eu\/wp-content\/uploads\/2022\/01\/Alpitronic_-HYC_150_product-brief_v20200316-EN.pdf\">Hypercharger DC 150.<\/a><\/p>\n","protected":false},"excerpt":{"rendered":"<p>Auf Lager!<\/p>\n<p>kontaktiere uns &#8211; sales@chargingshop.eu<\/p>\n<p>Die Konfiguration:<\/p>\n<ul type=\"disc\">\n<li class=\"v1MsoListParagraph\">2 Leistungsmodule 75kW<\/li>\n<li class=\"v1MsoListParagraph\">Kabelf\u00fchrungsarme<\/li>\n<li class=\"v1MsoListParagraph\"><span lang=\"EN-US\">2x CCS 400A 5.0m Kabel<\/span><\/li>\n<li class=\"v1MsoListParagraph\">T\u00fcrkontakt schaltet<\/li>\n<li class=\"v1MsoListParagraph\"><span lang=\"EN-US\">RFID\u00a0<\/span><\/li>\n<li class=\"v1MsoListParagraph\"><span lang=\"EN-US\">Standardfarbe\u00a0NOIR 2100<\/span><\/li>\n<\/ul>\n<p>&nbsp;<\/p>\n","protected":false},"featured_media":6375,"comment_status":"open","ping_status":"closed","template":"","meta":[],"product_brand":[],"product_cat":[99,400],"product_tag":[],"class_list":{"0":"post-10448","1":"product","2":"type-product","3":"status-publish","4":"has-post-thumbnail","6":"product_cat-dc-chargers","7":"product_cat-dc-ladestation","8":"pa_brand-alpitronic","9":"pa_brand-alpitronic-de","11":"first","12":"instock","13":"taxable","14":"shipping-taxable","15":"purchasable","16":"product-type-simple"},"_links":{"self":[{"href":"https:\/\/chargingshop.eu\/de\/wp-json\/wp\/v2\/product\/10448","targetHints":{"allow":["GET"]}}],"collection":[{"href":"https:\/\/chargingshop.eu\/de\/wp-json\/wp\/v2\/product"}],"about":[{"href":"https:\/\/chargingshop.eu\/de\/wp-json\/wp\/v2\/types\/product"}],"replies":[{"embeddable":true,"href":"https:\/\/chargingshop.eu\/de\/wp-json\/wp\/v2\/comments?post=10448"}],"wp:featuredmedia":[{"embeddable":true,"href":"https:\/\/chargingshop.eu\/de\/wp-json\/wp\/v2\/media\/6375"}],"wp:attachment":[{"href":"https:\/\/chargingshop.eu\/de\/wp-json\/wp\/v2\/media?parent=10448"}],"wp:term":[{"taxonomy":"product_brand","embeddable":true,"href":"https:\/\/chargingshop.eu\/de\/wp-json\/wp\/v2\/product_brand?post=10448"},{"taxonomy":"product_cat","embeddable":true,"href":"https:\/\/chargingshop.eu\/de\/wp-json\/wp\/v2\/product_cat?post=10448"},{"taxonomy":"product_tag","embeddable":true,"href":"https:\/\/chargingshop.eu\/de\/wp-json\/wp\/v2\/product_tag?post=10448"}],"curies":[{"name":"wp","href":"https:\/\/api.w.org\/{rel}","templated":true}]}}