{"id":3323,"date":"2020-11-22T14:59:21","date_gmt":"2020-11-22T14:59:21","guid":{"rendered":"https:\/\/chargingshop.eu\/?page_id=3323"},"modified":"2020-11-23T08:09:36","modified_gmt":"2020-11-23T08:09:36","slug":"kfw-foerderung-fuer-ladestation-wallbox","status":"publish","type":"page","link":"https:\/\/chargingshop.eu\/de\/wissenszentrum\/kfw-foerderung-fuer-ladestation-wallbox\/","title":{"rendered":"KfW-F\u00f6rderung f\u00fcr Ladestation &#8211; Wallbox (900 Euro)"},"content":{"rendered":"<h1>KfW-F\u00f6rderung f\u00fcr Ladestation &#8211; Wallbox (900 Euro)<\/h1>\n<p>&nbsp;<\/p>\n<p>Du willst verstehen, was Vorteil der<strong>\u00a0Wallbox F\u00f6rderung der KfW<\/strong>\u00a0ist? Wie du sie\u00a0<strong>beantragen\u00a0<\/strong>kannst? Dann bist du hier genau richtig! In diesem Artikel haben wir alle wichtigen Informationen \u00fcber die\u00a0<strong>900\u20ac KfW-F\u00f6rderung f\u00fcr Ladestationen<\/strong>\u00a0f\u00fcr dich herausgearbeitet.<\/p>\n<p>&nbsp;<\/p>\n<p><a href=\"https:\/\/chargingshop.eu\/wp-content\/uploads\/2020\/11\/Foerderung-E-Auto-Ladestationen-400x250-1.jpg\"><img decoding=\"async\" class=\"alignleft wp-image-3338 size-full\" src=\"https:\/\/chargingshop.eu\/wp-content\/uploads\/2020\/11\/Foerderung-E-Auto-Ladestationen-400x250-1.jpg\" alt=\"KfW-F\u00f6rderung f\u00fcr Ladestation\" width=\"400\" height=\"250\" \/><\/a><\/p>\n<h2><strong>F\u00f6rderung f\u00fcr deine intelligente Wallbox beantragen und Geld sparen!<\/strong><\/h2>\n<p><strong>Ab dem 24.11.2020<\/strong>\u00a0k\u00f6nnen bei der Kreditanstalt f\u00fcr Wiederaufbau (kurz<strong> KFW<\/strong>)<strong>\u00a0Antr\u00e4ge zur F\u00f6rderung f\u00fcr intelligente Ladestationen<\/strong>\u00a0beantragt werden. Die KfW F\u00f6rderung wird f\u00fcr Wallboxen mit\u00a0<strong>einer Leistung von 11kW<\/strong>\u00a0mit intelligenter Steuerung zugelassen. Auch du kannst dir eine\u00a0<strong>Wallbox mit einer h\u00f6heren Ladeleistung<\/strong>\u00a0anschaffen und ein Elektroinstallateur muss diese dann einfach auf 11kW einstellen. Wichtig ist, dass der\u00a0<strong>Strom<\/strong>\u00a0f\u00fcr deine Ladestation zu<strong>\u00a0100% aus erneuerbaren Energien<\/strong>\u00a0stammt. Hierzu kannst du auch den Strom aus deiner eigenen\u00a0<strong>Photovoltaikanlage nutzen<\/strong>. Hierf\u00fcr bietet die KfW auch eine F\u00f6rderung. Zu finden unter F\u00f6rderprodukt Erneuerbare Energien \u2013 Standard.<\/p>\n<p>&nbsp;<\/p>\n<h2><\/h2>\n<h2><strong>900 Euro pro Ladepunkt von der KFW bekommen<\/strong><\/h2>\n<p>Die\u00a0<strong>F\u00f6rdersumme\u00a0bel\u00e4uft sich auf mindestens 900\u20ac pro Ladestation<\/strong>. Jedoch wird die<strong>\u00a0Wallbox F\u00f6rderung nur<\/strong>\u00a0gew\u00e4hrt, wenn die\u00a0<strong>Gesamtkosten, zusammengesetzt aus Kaufpreis, Einbau und Anschluss der Ladestation, inklusive der Installations- und Montagearbeiten, mindestens 900\u20ac betragen<\/strong>. Besitzt deine Ladestation also\u00a0<strong>mehrere Ladepunkte<\/strong>, so kann der Zuschuss\u00a0<strong>pro Ladepunkt bei exakt 900\u20ac<\/strong>\u00a0liegen. Die wichtige Voraussetzung daf\u00fcr ist, dass die\u00a0<strong>Gesamtkosten<\/strong>\u00a0pro Ladepunkt\u00a0<strong>\u00fcber 900\u20ac<\/strong>\u00a0liegen,\u00a0<strong>andernfalls<\/strong>\u00a0wird der\u00a0<strong>F\u00f6rderungsbetrag reduziert<\/strong>.<\/p>\n<h2><strong>So setzt sich die 900 Euro KfW-F\u00f6rderung f\u00fcr eine Wallbox zusammen<\/strong><\/h2>\n<table id=\"tablepress-1\" class=\"tablepress tablepress-id-1\">\n<thead>\n<tr class=\"row-1 odd\">\n<th class=\"column-1\">\n<p style=\"text-align: center;\">Anzahl<\/p>\n<p style=\"text-align: center;\">der Ladepunkte<\/p>\n<\/th>\n<th class=\"column-2\" style=\"text-align: center;\">Anzahl \u00d7 900\u20ac<\/th>\n<th class=\"column-3\" style=\"text-align: center;\">Gesamtkosten<\/th>\n<th class=\"column-4\" style=\"text-align: center;\">Zuschuss gesamt<\/th>\n<\/tr>\n<\/thead>\n<tbody class=\"row-hover\">\n<tr class=\"row-2 even\">\n<td class=\"column-1\" style=\"text-align: center;\">1<\/td>\n<td class=\"column-2\" style=\"text-align: center;\">900\u20ac<\/td>\n<td class=\"column-3\" style=\"text-align: center;\">z.B. 700\u20ac<\/td>\n<td class=\"column-4\" style=\"text-align: center;\">0\u20ac<\/td>\n<\/tr>\n<tr class=\"row-3 odd\">\n<td class=\"column-1\" style=\"text-align: center;\">1<\/td>\n<td class=\"column-2\" style=\"text-align: center;\">900\u20ac<\/td>\n<td class=\"column-3\" style=\"text-align: center;\">mindestens 900\u20ac<\/td>\n<td class=\"column-4\" style=\"text-align: center;\">900\u20ac<\/td>\n<\/tr>\n<tr class=\"row-4 even\">\n<td class=\"column-1\" style=\"text-align: center;\">2<\/td>\n<td class=\"column-2\" style=\"text-align: center;\">1.800\u20ac<\/td>\n<td class=\"column-3\" style=\"text-align: center;\">z.B. 1.400\u20ac<\/td>\n<td class=\"column-4\" style=\"text-align: center;\">900\u20ac<\/td>\n<\/tr>\n<tr class=\"row-5 odd\">\n<td class=\"column-1\" style=\"text-align: center;\">2<\/td>\n<td class=\"column-2\" style=\"text-align: center;\">1.800\u20ac<\/td>\n<td class=\"column-3\" style=\"text-align: center;\">mindestens 1.800\u20ac<\/td>\n<td class=\"column-4\" style=\"text-align: center;\">1.800\u20ac<\/td>\n<\/tr>\n<tr class=\"row-6 even\">\n<td class=\"column-1\" style=\"text-align: center;\">3<\/td>\n<td class=\"column-2\" style=\"text-align: center;\">2.700\u20ac<\/td>\n<td class=\"column-3\" style=\"text-align: center;\">z.B. 2.050\u20ac<\/td>\n<td class=\"column-4\" style=\"text-align: center;\">1.800\u20ac<\/td>\n<\/tr>\n<tr class=\"row-7 odd\">\n<td class=\"column-1\" style=\"text-align: center;\">3<\/td>\n<td class=\"column-2\" style=\"text-align: center;\">2.700\u20ac<\/td>\n<td class=\"column-3\" style=\"text-align: center;\">mindesten 2.700\u20ac<\/td>\n<td class=\"column-4\" style=\"text-align: center;\">2.700\u20ac<\/td>\n<\/tr>\n<\/tbody>\n<\/table>\n<p>&nbsp;<\/p>\n<h2><strong>Beispiel <\/strong><strong>einer f\u00f6rderf\u00e4higen Wallbox<\/strong><\/h2>\n<p>Wie k\u00f6nnte das nun ablaufen?<\/p>\n<p>Sie k\u00f6nnen es einfach online kaufen. Bitte beachten Sie, dass die Station mindestens 11 kW lang sein muss und in der Liste der KFW-f\u00e4higen Stationen aufgef\u00fchrt sein muss.<\/p>\n<p>Bitte beachten Sie auch, dass Sie den KFW-Antrag ausf\u00fcllen und genehmigen m\u00fcssen, <strong>bevor<\/strong> Sie eine Station kaufen.<\/p>\n<p><strong>Wichtiger Hinweis:<\/strong>\u00a0Unbedingt\u00a0<strong>MUSS\u00a0es <\/strong>eine\u00a0<strong>intelligente Wallbox<\/strong>\u00a0sein, welche auf der\u00a0<strong>Liste der f\u00f6rderf\u00e4higen Ladestationen<\/strong>\u00a0zu finden sind.<\/p>\n<p>&nbsp;<\/p>\n<h2><strong>Empfehlungen von uns f\u00fcr eine f\u00f6rderf\u00e4hige Wallbox | Intelligente Ladestationen<\/strong><\/h2>\n<table>\n<tbody>\n<tr>\n<td width=\"150\">&nbsp;<\/p>\n<p>&nbsp;<\/p>\n<p><a href=\"https:\/\/chargingshop.eu\/wp-content\/uploads\/2020\/04\/ABB_Juno_Type2-cable_HR.png\"><img decoding=\"async\" class=\"wp-image-2806 size-medium\" src=\"https:\/\/chargingshop.eu\/wp-content\/uploads\/2020\/04\/ABB_Juno_Type2-cable_HR-180x400.png\" alt=\"KfW-F\u00f6rderung f\u00fcr Ladestation\" width=\"180\" height=\"400\" srcset=\"https:\/\/chargingshop.eu\/wp-content\/uploads\/2020\/04\/ABB_Juno_Type2-cable_HR-180x400.png 180w, https:\/\/chargingshop.eu\/wp-content\/uploads\/2020\/04\/ABB_Juno_Type2-cable_HR-360x800.png 360w, https:\/\/chargingshop.eu\/wp-content\/uploads\/2020\/04\/ABB_Juno_Type2-cable_HR-510x1133.png 510w, https:\/\/chargingshop.eu\/wp-content\/uploads\/2020\/04\/ABB_Juno_Type2-cable_HR.png 540w\" sizes=\"(max-width: 180px) 100vw, 180px\" \/><\/a><\/p>\n<p>&nbsp;<\/p>\n<p>&nbsp;<\/p>\n<p><a href=\"https:\/\/chargingshop.eu\/de\/produkt\/abb-terra-ac-11-kw-type-2-kabel-wifi\/\">Inteligente Ladestation<\/a><\/p>\n<p>ABB Terra AC mit Kabel 11-22kW<\/p>\n<p>&nbsp;<\/p>\n<p>&nbsp;<\/td>\n<td width=\"150\"><a href=\"https:\/\/chargingshop.eu\/wp-content\/uploads\/2020\/04\/ABB-Terra-AC-socket-cut.png\"><img decoding=\"async\" class=\"alignnone size-medium wp-image-2801\" src=\"https:\/\/chargingshop.eu\/wp-content\/uploads\/2020\/04\/ABB-Terra-AC-socket-cut-362x400.png\" alt=\"ABB Terra AC 7.4\" width=\"362\" height=\"400\" srcset=\"https:\/\/chargingshop.eu\/wp-content\/uploads\/2020\/04\/ABB-Terra-AC-socket-cut-362x400.png 362w, https:\/\/chargingshop.eu\/wp-content\/uploads\/2020\/04\/ABB-Terra-AC-socket-cut-725x800.png 725w, https:\/\/chargingshop.eu\/wp-content\/uploads\/2020\/04\/ABB-Terra-AC-socket-cut-768x848.png 768w, https:\/\/chargingshop.eu\/wp-content\/uploads\/2020\/04\/ABB-Terra-AC-socket-cut-510x563.png 510w, https:\/\/chargingshop.eu\/wp-content\/uploads\/2020\/04\/ABB-Terra-AC-socket-cut.png 779w\" sizes=\"(max-width: 362px) 100vw, 362px\" \/><\/a><\/p>\n<p>&nbsp;<\/p>\n<p>&nbsp;<\/p>\n<p>&nbsp;<\/p>\n<p>&nbsp;<\/p>\n<p>&nbsp;<\/p>\n<p>&nbsp;<\/p>\n<p>&nbsp;<\/p>\n<p><a href=\"https:\/\/chargingshop.eu\/product\/abb-terra-ac-22-kw-type-2-socket-with-rfid\/\">Inteligente Ladestation<\/a><\/p>\n<p>ABB Terra AC 22 kW Steckdose<\/td>\n<td width=\"150\">&nbsp;<\/p>\n<p>&nbsp;<\/p>\n<p>&nbsp;<\/p>\n<p>&nbsp;<\/p>\n<p><a href=\"https:\/\/chargingshop.eu\/wp-content\/uploads\/2020\/04\/Home-INCH-Grey-Cable-transparent.png\"><img decoding=\"async\" class=\"wp-image-2836 \" src=\"https:\/\/chargingshop.eu\/wp-content\/uploads\/2020\/04\/Home-INCH-Grey-Cable-transparent-401x400.png\" alt=\"\" width=\"221\" height=\"219\" srcset=\"https:\/\/chargingshop.eu\/wp-content\/uploads\/2020\/04\/Home-INCH-Grey-Cable-transparent-401x400.png 401w, https:\/\/chargingshop.eu\/wp-content\/uploads\/2020\/04\/Home-INCH-Grey-Cable-transparent-803x800.png 803w, https:\/\/chargingshop.eu\/wp-content\/uploads\/2020\/04\/Home-INCH-Grey-Cable-transparent-768x765.png 768w, https:\/\/chargingshop.eu\/wp-content\/uploads\/2020\/04\/Home-INCH-Grey-Cable-transparent-510x508.png 510w, https:\/\/chargingshop.eu\/wp-content\/uploads\/2020\/04\/Home-INCH-Grey-Cable-transparent-100x100.png 100w, https:\/\/chargingshop.eu\/wp-content\/uploads\/2020\/04\/Home-INCH-Grey-Cable-transparent.png 1180w\" sizes=\"(max-width: 221px) 100vw, 221px\" \/><\/a><\/p>\n<p>&nbsp;<\/p>\n<p>&nbsp;<\/p>\n<p>&nbsp;<\/p>\n<p>&nbsp;<\/p>\n<p>&nbsp;<\/p>\n<p>&nbsp;<\/p>\n<p>&nbsp;<\/p>\n<p><a href=\"https:\/\/chargingshop.eu\/de\/produkt\/etrel-inch-home-22-kw-mit-type-2-kabel-grey\/\">Inteligente Ladestation<\/a><\/p>\n<p>mit Touch-Display<\/p>\n<p>Etrel INCH HOME 22 kW mit Kabel<\/p>\n<p>&nbsp;<\/p>\n<p>&nbsp;<\/p>\n<p>&nbsp;<\/td>\n<td width=\"150\">&nbsp;<\/p>\n<p>&nbsp;<\/p>\n<p><a href=\"https:\/\/chargingshop.eu\/wp-content\/uploads\/2020\/04\/INCH-Pro-display.png\"><img decoding=\"async\" class=\"alignnone size-medium wp-image-2838\" src=\"https:\/\/chargingshop.eu\/wp-content\/uploads\/2020\/04\/INCH-Pro-display-469x400.png\" alt=\"\" width=\"469\" height=\"400\" srcset=\"https:\/\/chargingshop.eu\/wp-content\/uploads\/2020\/04\/INCH-Pro-display-469x400.png 469w, https:\/\/chargingshop.eu\/wp-content\/uploads\/2020\/04\/INCH-Pro-display-510x435.png 510w, https:\/\/chargingshop.eu\/wp-content\/uploads\/2020\/04\/INCH-Pro-display.png 714w\" sizes=\"(max-width: 469px) 100vw, 469px\" \/><\/a><\/p>\n<p>&nbsp;<\/p>\n<p>&nbsp;<\/p>\n<p>&nbsp;<\/p>\n<p>&nbsp;<\/p>\n<p>&nbsp;<\/p>\n<p>&nbsp;<\/p>\n<p>&nbsp;<\/p>\n<p><a href=\"https:\/\/chargingshop.eu\/de\/product\/etrel-inch-home-socket-22-kw-type-2-grey\/\">Inteligente Ladestation<\/a><\/p>\n<p>mit Touch-Display<\/p>\n<p>Etrel INCH HOME 22 kW Steckdose<\/p>\n<p>&nbsp;<\/td>\n<\/tr>\n<\/tbody>\n<\/table>\n<div class=\"mceTemp\"><\/div>\n<p>&nbsp;<\/p>\n<p>&nbsp;<\/p>\n<h3>KfW-F\u00f6rderung f\u00fcr Ladestation &#8211; Sie erhalten eine kostenlose Ladestation!<\/h3>\n<p><a href=\"https:\/\/www.kfw.de\/inlandsfoerderung\/Privatpersonen\/Bestehende-Immobilie\/F%C3%B6rderprodukte\/Ladestationen-f%C3%BCr-Elektroautos-Wohngeb%C3%A4ude-(440)\/\" target=\"_blank\" rel=\"noopener noreferrer\"><strong>Liste der f\u00f6rderf\u00e4higen Ladestationen<\/strong><\/a><\/p>\n<p>&nbsp;<\/p>\n<p>&nbsp;<\/p>\n","protected":false},"excerpt":{"rendered":"<p>KfW-F\u00f6rderung f\u00fcr Ladestation &#8211; Wallbox (900 Euro) &nbsp; Du willst verstehen, was Vorteil der\u00a0Wallbox F\u00f6rderung der KfW\u00a0ist? Wie du sie\u00a0beantragen\u00a0kannst? Dann bist du hier genau richtig! In diesem Artikel haben wir alle wichtigen Informationen \u00fcber die\u00a0900\u20ac KfW-F\u00f6rderung f\u00fcr Ladestationen\u00a0f\u00fcr dich herausgearbeitet. &nbsp; F\u00f6rderung f\u00fcr deine intelligente Wallbox beantragen und Geld sparen! Ab dem 24.11.2020\u00a0k\u00f6nnen bei [&#8230;]\n","protected":false},"author":1,"featured_media":0,"parent":3316,"menu_order":0,"comment_status":"closed","ping_status":"closed","template":"","meta":{"footnotes":""},"class_list":["post-3323","page","type-page","status-publish","hentry"],"_links":{"self":[{"href":"https:\/\/chargingshop.eu\/de\/wp-json\/wp\/v2\/pages\/3323","targetHints":{"allow":["GET"]}}],"collection":[{"href":"https:\/\/chargingshop.eu\/de\/wp-json\/wp\/v2\/pages"}],"about":[{"href":"https:\/\/chargingshop.eu\/de\/wp-json\/wp\/v2\/types\/page"}],"author":[{"embeddable":true,"href":"https:\/\/chargingshop.eu\/de\/wp-json\/wp\/v2\/users\/1"}],"replies":[{"embeddable":true,"href":"https:\/\/chargingshop.eu\/de\/wp-json\/wp\/v2\/comments?post=3323"}],"version-history":[{"count":0,"href":"https:\/\/chargingshop.eu\/de\/wp-json\/wp\/v2\/pages\/3323\/revisions"}],"up":[{"embeddable":true,"href":"https:\/\/chargingshop.eu\/de\/wp-json\/wp\/v2\/pages\/3316"}],"wp:attachment":[{"href":"https:\/\/chargingshop.eu\/de\/wp-json\/wp\/v2\/media?parent=3323"}],"curies":[{"name":"wp","href":"https:\/\/api.w.org\/{rel}","templated":true}]}}