{"id":3316,"date":"2020-11-18T11:25:01","date_gmt":"2020-11-18T11:25:01","guid":{"rendered":"https:\/\/chargingshop.eu\/wissenszentrum\/"},"modified":"2020-11-22T15:13:16","modified_gmt":"2020-11-22T15:13:16","slug":"wissenszentrum","status":"publish","type":"page","link":"https:\/\/chargingshop.eu\/de\/wissenszentrum\/","title":{"rendered":"Wissenszentrum"},"content":{"rendered":"\t<section class=\"section\" id=\"section_194482831\">\n\t\t<div class=\"bg section-bg fill bg-fill  bg-loaded\" >\n\n\t\t\t\n\t\t\t\n\t\t\t\n\n\t\t<\/div>\n\n\t\t\n\n\t\t<div class=\"section-content relative\">\n\t\t\t \n  <div class=\"banner has-hover\" id=\"banner-1845069940\">\n          <div class=\"banner-inner fill\">\n        <div class=\"banner-bg fill\" >\n            <div class=\"bg fill bg-fill \"><\/div>\n                        <div class=\"overlay\"><\/div>            \n                    <\/div>\n\t\t\n        <div class=\"banner-layers container\">\n            <div class=\"fill banner-link\"><\/div>                <div id=\"text-box-1051225877\" class=\"text-box banner-layer text-box-circle x90 md-x90 lg-x90 y50 md-y50 lg-y50 res-text\">\n                                <div class=\"text-box-content text box-shadow-3\">\n              \n              <div class=\"text-inner text-center\">\n                   <\/p>\n<h2><strong>ELEKTRISCHE MOBILIT\u00c4T<\/strong><\/h2>\n<h4><strong>Wissenszentrum<\/strong><\/h4>\n<p> <a class=\"button white is-outline\"  >\n    <span>Mehr erfahren<\/span>\n  <\/a>\n               <\/div>\n           <\/div>\n                            \n<style>\n#text-box-1051225877 .text-inner {\n  padding: 30px 30px 30px 30px;\n}\n#text-box-1051225877 {\n  width: 60%;\n}\n#text-box-1051225877 .text-box-content {\n  font-size: 100%;\n}\n@media (min-width:550px) {\n  #text-box-1051225877 {\n    width: 40%;\n  }\n}\n<\/style>\n    <\/div>\n          <\/div>\n      <\/div>\n\n            \n<style>\n#banner-1845069940 {\n  padding-top: 500px;\n}\n#banner-1845069940 .bg.bg-loaded {\n  background-image: url(https:\/\/chargingshop.eu\/wp-content\/uploads\/2020\/01\/KEBA-ZOE-double.png);\n}\n#banner-1845069940 .overlay {\n  background-color: rgba(0, 0, 0, 0.2);\n}\n#banner-1845069940 .ux-shape-divider--top svg {\n  height: 150px;\n  --divider-top-width: 100%;\n}\n#banner-1845069940 .ux-shape-divider--bottom svg {\n  height: 150px;\n  --divider-width: 100%;\n}\n<\/style>\n  <\/div>\n\n \t\t<\/div>\n\n\t\t\n<style>\n#section_194482831 {\n  padding-top: 30px;\n  padding-bottom: 30px;\n  background-color: #fafafa;\n}\n#section_194482831 .ux-shape-divider--top svg {\n  height: 150px;\n  --divider-top-width: 100%;\n}\n#section_194482831 .ux-shape-divider--bottom svg {\n  height: 150px;\n  --divider-width: 100%;\n}\n<\/style>\n\t<\/section>\n\t <div class=\"is-divider divider clearfix\" ><\/div> \t<div class=\"box has-hover   has-hover box-shadow-3 box-shadow-2-hover box-vertical box-text-bottom\" >\n\n\t\t<div class=\"box-image\" style=\"border-radius:10%;width:48%;\">\n\t\t\t<a href=\"https:\/\/chargingshop.eu\/blog\/why-should-you-buy-electric-vehicle-ev-charging-station\/\"  >\t\t\t<div class=\"image-zoom image-cover\" style=\"padding-top:40%;\">\n\t\t\t\t<img decoding=\"async\" width=\"2560\" height=\"1727\" src=\"https:\/\/chargingshop.eu\/wp-content\/uploads\/2019\/12\/Keba_wallbox_privat_20158_RGB-scaled.jpg\" class=\"attachment-original size-original\" alt=\"EV charging station price\" srcset=\"https:\/\/chargingshop.eu\/wp-content\/uploads\/2019\/12\/Keba_wallbox_privat_20158_RGB-scaled.jpg 2560w, https:\/\/chargingshop.eu\/wp-content\/uploads\/2019\/12\/Keba_wallbox_privat_20158_RGB-593x400.jpg 593w, https:\/\/chargingshop.eu\/wp-content\/uploads\/2019\/12\/Keba_wallbox_privat_20158_RGB-1186x800.jpg 1186w, https:\/\/chargingshop.eu\/wp-content\/uploads\/2019\/12\/Keba_wallbox_privat_20158_RGB-768x518.jpg 768w, https:\/\/chargingshop.eu\/wp-content\/uploads\/2019\/12\/Keba_wallbox_privat_20158_RGB-1536x1036.jpg 1536w, https:\/\/chargingshop.eu\/wp-content\/uploads\/2019\/12\/Keba_wallbox_privat_20158_RGB-2048x1382.jpg 2048w, https:\/\/chargingshop.eu\/wp-content\/uploads\/2019\/12\/Keba_wallbox_privat_20158_RGB-510x344.jpg 510w\" sizes=\"(max-width: 2560px) 100vw, 2560px\" \/>\t\t\t\t\t\t\t\t\t\t\t<\/div>\n\t\t\t<\/a>\t\t<\/div>\n\n\t\t<div class=\"box-text text-left\" style=\"padding:0px 0px 0px 60px;\">\n\t\t\t<div class=\"box-text-inner\">\n\t\t\t\t <\/p>\n<h2><strong>Warum sollten Sie eine EV-Ladestation kaufen?<\/strong><\/h2>\n<ul>\n<li><a href=\"https:\/\/chargingshop.eu\/blog\/why-should-you-buy-electric-vehicle-ev-charging-station\/\">Erfahren Sie<\/a> mehr \u00fcber Volt, Ampere, Kilowatt und Phasen<\/li>\n<li>Verschiedene Arten und Bereiche von EV-Ladestationen<\/li>\n<\/ul>\n<p> \t\t\t<\/div>\n\t\t<\/div>\n\t<\/div>\n\t <div class=\"is-divider divider clearfix\" ><\/div> \t<div class=\"box has-hover   has-hover box-shadow-3 box-shadow-2-hover box-vertical box-text-bottom\" >\n\n\t\t<div class=\"box-image\" style=\"border-radius:10%;width:51%;\">\n\t\t\t<a href=\"https:\/\/chargingshop.eu\/blog\/is-it-safe-to-charge-your-ev-from-regular-16a-outlet\/\"  >\t\t\t<div class=\"image-zoom image-cover\" style=\"padding-top:40%;\">\n\t\t\t\t<img decoding=\"async\" width=\"572\" height=\"381\" src=\"https:\/\/chargingshop.eu\/wp-content\/uploads\/2020\/01\/burned-socket.png\" class=\"attachment-large size-large\" alt=\"EV burned socket\" srcset=\"https:\/\/chargingshop.eu\/wp-content\/uploads\/2020\/01\/burned-socket.png 572w, https:\/\/chargingshop.eu\/wp-content\/uploads\/2020\/01\/burned-socket-510x340.png 510w\" sizes=\"(max-width: 572px) 100vw, 572px\" \/>\t\t\t\t\t\t\t\t\t\t\t<\/div>\n\t\t\t<\/a>\t\t<\/div>\n\n\t\t<div class=\"box-text text-left\" style=\"padding:0px 0px 0px 30px;\">\n\t\t\t<div class=\"box-text-inner\">\n\t\t\t\t <\/p>\n<h2><strong>Ist es sicher, Ihren EV \u00fcber eine normale 16A-Steckdose aufzuladen?<\/strong><\/h2>\n<ul>\n<li><a href=\"https:\/\/chargingshop.eu\/blog\/is-it-safe-to-charge-your-ev-from-regular-16a-outlet\/\">Erfahren Sie<\/a> mehr dar\u00fcber, ob es sicher ist, Ihre Haussteckdose zum regelm\u00e4\u00dfigen Laden zu verwenden?<\/li>\n<li>Sparen Sie Geld, wenn Sie t\u00e4glich Elektrofahrzeuge aufladen und Kabel mit Netzteil verwenden?<\/li>\n<\/ul>\n<p> \t\t\t<\/div>\n\t\t<\/div>\n\t<\/div>\n\t <div class=\"is-divider divider clearfix\" ><\/div> \t<div class=\"box has-hover   has-hover box-shadow-3 box-shadow-2-hover box-vertical box-text-bottom\" >\n\n\t\t<div class=\"box-image\" style=\"border-radius:11%;width:43%;\">\n\t\t\t<a href=\"https:\/\/chargingshop.eu\/de\/webshop-ladestation\/?filter_brand=abb-de\"  >\t\t\t<div class=\"image-zoom image-cover\" style=\"padding-top:50.25%;\">\n\t\t\t\t<img decoding=\"async\" width=\"280\" height=\"280\" src=\"https:\/\/chargingshop.eu\/wp-content\/uploads\/2020\/04\/ABB-TERRA-AC-cable-280x280.png\" class=\"attachment-thumbnail size-thumbnail\" alt=\"TERRA AC 11kW\" srcset=\"https:\/\/chargingshop.eu\/wp-content\/uploads\/2020\/04\/ABB-TERRA-AC-cable-280x280.png 280w, https:\/\/chargingshop.eu\/wp-content\/uploads\/2020\/04\/ABB-TERRA-AC-cable-100x100.png 100w\" sizes=\"(max-width: 280px) 100vw, 280px\" \/>\t\t\t\t\t\t\t\t\t\t\t<\/div>\n\t\t\t<\/a>\t\t<\/div>\n\n\t\t<div class=\"box-text text-left is-small\" style=\"padding:0px 0px 0px 30px;\">\n\t\t\t<div class=\"box-text-inner\">\n\t\t\t\t <\/p>\n<h2><strong>ABB Terra AC &#8211; Wallbox-Stationen f\u00fcr Privat- und Gesch\u00e4ftskunden<\/strong><\/h2>\n<ul>\n<li><a href=\"https:\/\/chargingshop.eu\/de\/webshop-ladestation\/?filter_brand=abb-de\">Erfahren Sie mehr<\/a> \u00fcber das Angebot von Wechselstationen von Europas zuverl\u00e4ssigsten Lieferanten von Elektroger\u00e4ten<\/li>\n<li>Stationen mit Zugang zur ABB Cloud und intelligenten Funktionen zum mittleren Segmentpreis<\/li>\n<\/ul>\n<p> \t\t\t<\/div>\n\t\t<\/div>\n\t<\/div>\n\t <div class=\"is-divider divider clearfix\" ><\/div> \t<div class=\"box has-hover   has-hover box-shadow-3 box-shadow-2-hover box-vertical box-text-bottom\" >\n\n\t\t<div class=\"box-image\" style=\"border-radius:11%;width:43%;\">\n\t\t\t<a href=\"https:\/\/chargingshop.eu\/de\/webshop-ladestation\/?filter_brand=abb-de\"  >\t\t\t<div class=\"image-zoom image-cover\" style=\"padding-top:50.25%;\">\n\t\t\t\t<img decoding=\"async\" width=\"280\" height=\"280\" src=\"https:\/\/chargingshop.eu\/wp-content\/uploads\/2020\/07\/getpreview3-280x280.jpg\" class=\"attachment-thumbnail size-thumbnail\" alt=\"ABB Terra dc\" srcset=\"https:\/\/chargingshop.eu\/wp-content\/uploads\/2020\/07\/getpreview3-280x280.jpg 280w, https:\/\/chargingshop.eu\/wp-content\/uploads\/2020\/07\/getpreview3-100x100.jpg 100w\" sizes=\"(max-width: 280px) 100vw, 280px\" \/>\t\t\t\t\t\t\t\t\t\t\t<\/div>\n\t\t\t<\/a>\t\t<\/div>\n\n\t\t<div class=\"box-text text-left is-small\" style=\"padding:0px 0px 0px 30px;\">\n\t\t\t<div class=\"box-text-inner\">\n\t\t\t\t <\/p>\n<h2><strong>Richtige Ladestation zum Laden Ihres Elektrofahrzeugs zu Hause?<\/strong><\/h2>\n<ul>\n<li><a href=\"https:\/\/chargingshop.eu\/blog\/right-charging-station-for-charging-your-ev-at-home\/\">Erfahren Sie<\/a> mehr \u00fcber Dinge, die Sie ber\u00fccksichtigen m\u00fcssen, bevor Sie sich f\u00fcr eine Station zum t\u00e4glichen Aufladen zu Hause entscheiden<\/li>\n<\/ul>\n<p> \t\t\t<\/div>\n\t\t<\/div>\n\t<\/div>\n\t <div class=\"is-divider divider clearfix\" ><\/div> \t<div class=\"box has-hover   has-hover box-shadow-3 box-shadow-2-hover box-vertical box-text-bottom\" >\n\n\t\t<div class=\"box-image\" style=\"border-radius:11%;width:43%;\">\n\t\t\t<a href=\"https:\/\/chargingshop.eu\/de\/wissenszentrum\/kfw-foerderung-fuer-ladestation-wallbox\/\"  >\t\t\t<div class=\"image-zoom image-cover\" style=\"padding-top:50.25%;\">\n\t\t\t\t<img decoding=\"async\" width=\"280\" height=\"250\" src=\"https:\/\/chargingshop.eu\/wp-content\/uploads\/2020\/11\/Foerderung-E-Auto-Ladestationen-400x250-1-280x250.jpg\" class=\"attachment-thumbnail size-thumbnail\" alt=\"kfw ladestation zuschuss\" \/>\t\t\t\t\t\t\t\t\t\t\t<\/div>\n\t\t\t<\/a>\t\t<\/div>\n\n\t\t<div class=\"box-text text-left is-small\" style=\"padding:0px 0px 0px 30px;\">\n\t\t\t<div class=\"box-text-inner\">\n\t\t\t\t <\/p>\n<h2><strong>KfW-F\u00f6rderung f\u00fcr Ladestation \u2013 Wallbox (900 Euro)<\/strong><\/h2>\n<ul>\n<li><a href=\"https:\/\/chargingshop.eu\/de\/wissenszentrum\/kfw-foerderung-fuer-ladestation-wallbox\/\">Erfahren Sie<\/a> mehr \u00fcber KfW-F\u00f6rderung f\u00fcr Ladestation. Sie k\u00f6nnen die Ladestation kostenlos erhalten<\/li>\n<\/ul>\n<p> \t\t\t<\/div>\n\t\t<\/div>\n\t<\/div>\n\t\n","protected":false},"excerpt":{"rendered":"","protected":false},"author":1,"featured_media":0,"parent":0,"menu_order":0,"comment_status":"closed","ping_status":"closed","template":"page-blank-title-center.php","meta":{"footnotes":""},"class_list":["post-3316","page","type-page","status-publish","hentry"],"_links":{"self":[{"href":"https:\/\/chargingshop.eu\/de\/wp-json\/wp\/v2\/pages\/3316","targetHints":{"allow":["GET"]}}],"collection":[{"href":"https:\/\/chargingshop.eu\/de\/wp-json\/wp\/v2\/pages"}],"about":[{"href":"https:\/\/chargingshop.eu\/de\/wp-json\/wp\/v2\/types\/page"}],"author":[{"embeddable":true,"href":"https:\/\/chargingshop.eu\/de\/wp-json\/wp\/v2\/users\/1"}],"replies":[{"embeddable":true,"href":"https:\/\/chargingshop.eu\/de\/wp-json\/wp\/v2\/comments?post=3316"}],"version-history":[{"count":0,"href":"https:\/\/chargingshop.eu\/de\/wp-json\/wp\/v2\/pages\/3316\/revisions"}],"wp:attachment":[{"href":"https:\/\/chargingshop.eu\/de\/wp-json\/wp\/v2\/media?parent=3316"}],"curies":[{"name":"wp","href":"https:\/\/api.w.org\/{rel}","templated":true}]}}