{"id":3303,"date":"2020-11-10T15:24:11","date_gmt":"2020-11-10T15:24:11","guid":{"rendered":"https:\/\/chargingshop.eu\/?page_id=3303"},"modified":"2020-11-10T15:24:53","modified_gmt":"2020-11-10T15:24:53","slug":"warenkorb","status":"publish","type":"page","link":"https:\/\/chargingshop.eu\/de\/warenkorb\/","title":{"rendered":"Warenkorb"},"content":{"rendered":"<h3><strong>Wir erstatten 21% MwSt. F\u00fcr:<\/strong><\/h3>\n<div><\/div>\n<p>&#8211; Umsatzsteuerpflichtige Unternehmen in der EU.<\/p>\n<p>&#8211; Privat- und Gesch\u00e4ftskunden aus der Schweiz und Norwegen<\/p>\n<p>&#8211; Kunden aus anderen L\u00e4ndern au\u00dferhalb der EU<\/p>\n<p>Bei Fragen wenden Sie sich bitte an &#8211; rokas@chrg.network<\/p>\n\n","protected":false},"excerpt":{"rendered":"<p>Wir erstatten 21% MwSt. F\u00fcr: &#8211; Umsatzsteuerpflichtige Unternehmen in der EU. &#8211; Privat- und Gesch\u00e4ftskunden aus der Schweiz und Norwegen &#8211; Kunden aus anderen L\u00e4ndern au\u00dferhalb der EU Bei Fragen wenden Sie sich bitte an &#8211; rokas@chrg.network<\/p>\n","protected":false},"author":1,"featured_media":0,"parent":0,"menu_order":0,"comment_status":"closed","ping_status":"closed","template":"","meta":{"footnotes":""},"class_list":["post-3303","page","type-page","status-publish","hentry"],"_links":{"self":[{"href":"https:\/\/chargingshop.eu\/de\/wp-json\/wp\/v2\/pages\/3303","targetHints":{"allow":["GET"]}}],"collection":[{"href":"https:\/\/chargingshop.eu\/de\/wp-json\/wp\/v2\/pages"}],"about":[{"href":"https:\/\/chargingshop.eu\/de\/wp-json\/wp\/v2\/types\/page"}],"author":[{"embeddable":true,"href":"https:\/\/chargingshop.eu\/de\/wp-json\/wp\/v2\/users\/1"}],"replies":[{"embeddable":true,"href":"https:\/\/chargingshop.eu\/de\/wp-json\/wp\/v2\/comments?post=3303"}],"version-history":[{"count":0,"href":"https:\/\/chargingshop.eu\/de\/wp-json\/wp\/v2\/pages\/3303\/revisions"}],"wp:attachment":[{"href":"https:\/\/chargingshop.eu\/de\/wp-json\/wp\/v2\/media?parent=3303"}],"curies":[{"name":"wp","href":"https:\/\/api.w.org\/{rel}","templated":true}]}}