{"id":2785,"date":"2020-08-27T13:14:58","date_gmt":"2020-08-27T13:14:58","guid":{"rendered":"https:\/\/chargingshop.eu\/?page_id=2785"},"modified":"2020-08-27T13:14:58","modified_gmt":"2020-08-27T13:14:58","slug":"unternehmen","status":"publish","type":"page","link":"https:\/\/chargingshop.eu\/de\/unternehmen\/","title":{"rendered":"Unternehmen"},"content":{"rendered":"\n  <div class=\"banner has-hover\" id=\"banner-1634169553\">\n          <div class=\"banner-inner fill\">\n        <div class=\"banner-bg fill\" >\n            <div class=\"bg fill bg-fill \"><\/div>\n                        <div class=\"overlay\"><\/div>            \n                    <\/div>\n\t\t\n        <div class=\"banner-layers container\">\n            <div class=\"fill banner-link\"><\/div>            \n   <div id=\"text-box-1944666055\" class=\"text-box banner-layer x50 md-x50 lg-x50 y50 md-y50 lg-y50 res-text\">\n                                <div class=\"text-box-content text dark text-shadow-3\">\n              \n              <div class=\"text-inner text-center\">\n                  \n<div><strong>UNSERE AUFGABE<\/strong><\/div>\n<div><\/div>\n<div>Unsere Mission ist es, zu einem kontinuierlichen \u00dcbergang zu 100% Elektromobilit\u00e4t beizutragen und das Laden von Elektrofahrzeugen \u00fcberall als Luft f\u00fcr jedermann zug\u00e4nglich zu machen.<\/div>\n<div><\/div>\n<div><strong>UNSERE VISION<\/strong><\/div>\n<div><\/div>\n<div>Ist es, ein gr\u00f6\u00dftes One-Stop-Shop- und Wissenszentrum zu werden, das jedem EV-Fahrer hilft, sich in einem sich st\u00e4ndig ver\u00e4ndernden Sektor f\u00fcr Elektromobilit\u00e4t und intelligente Energie zurechtzufinden<\/div>\n              <\/div>\n           <\/div>\n                            \n<style>\n#text-box-1944666055 {\n  width: 60%;\n}\n#text-box-1944666055 .text-box-content {\n  font-size: 100%;\n}\n<\/style>\n    <\/div>\n \n        <\/div>\n      <\/div>\n\n            \n<style>\n#banner-1634169553 {\n  padding-top: 496px;\n  background-color: rgb(174, 165, 165);\n}\n#banner-1634169553 .bg.bg-loaded {\n  background-image: 8903;\n}\n#banner-1634169553 .overlay {\n  background-color: rgba(0, 0, 0, 0.06);\n}\n#banner-1634169553 .bg {\n  background-position: 52% 2%;\n}\n#banner-1634169553 .ux-shape-divider--top svg {\n  height: 150px;\n  --divider-top-width: 100%;\n}\n#banner-1634169553 .ux-shape-divider--bottom svg {\n  height: 150px;\n  --divider-width: 100%;\n}\n<\/style>\n  <\/div>\n\n\n<div class=\"container section-title-container\" ><h3 class=\"section-title section-title-center\"><b><\/b><span class=\"section-title-main\" >CHRG Network platform<\/span><b><\/b><\/h3><\/div>\n<div class=\"row\"  id=\"row-346504291\">\n\n\t<div id=\"col-581516163\" class=\"col medium-6 small-12 large-6\"  >\n\t\t\t\t<div class=\"col-inner\"  >\n\t\t\t\n\t\t\t\n\t<div class=\"img has-hover x md-x lg-x y md-y lg-y\" id=\"image_1167323299\">\n\t\t\t\t\t\t\t\t<div class=\"img-inner dark\" >\n\t\t\t<img decoding=\"async\" width=\"800\" height=\"357\" src=\"https:\/\/chargingshop.eu\/wp-content\/uploads\/2020\/01\/green-charging-station_-800x357.jpg\" class=\"attachment-medium size-medium\" alt=\"Green energy ev charging\" srcset=\"https:\/\/chargingshop.eu\/wp-content\/uploads\/2020\/01\/green-charging-station_-800x357.jpg 800w, https:\/\/chargingshop.eu\/wp-content\/uploads\/2020\/01\/green-charging-station_-768x343.jpg 768w, https:\/\/chargingshop.eu\/wp-content\/uploads\/2020\/01\/green-charging-station_-510x228.jpg 510w, https:\/\/chargingshop.eu\/wp-content\/uploads\/2020\/01\/green-charging-station_.jpg 1343w\" sizes=\"(max-width: 800px) 100vw, 800px\" \/>\t\t\t\t\t\t\n\t\t\t\t\t<\/div>\n\t\t\t\t\t\t\t\t\n<style>\n#image_1167323299 {\n  width: 100%;\n}\n<\/style>\n\t<\/div>\n\t\n\t\t<\/div>\n\t\t\t\t\t<\/div>\n\n\t\n\n\t<div id=\"col-1884883262\" class=\"col medium-6 small-12 large-6\"  >\n\t\t\t\t<div class=\"col-inner\"  >\n\t\t\t\n\t\t\t\n<h3>Wir verbinden Elektroauto und Energiewirtschaft<\/h3>\n<p>Die aktuelle Energiewende st\u00f6rt den Status quo. Es entsteht eine neue gr\u00fcne Energiequelle, die zu einer strukturellen und dauerhaften Ver\u00e4nderung von Angebot, Nachfrage und Preisen f\u00fchrt.<\/p>\n<p>Auf der Angebotsseite werden wir ein dezentrales Netzwerk kleiner Energieerzeuger haben. Auf der Nachfrageseite wird der Transport fossiler Brennstoffe vollst\u00e4ndig auf saubere Fahrzeuge umgestellt, die vollst\u00e4ndig mit Strom betrieben werden.<\/p>\n<p>Wir sind hier, um jede Person oder ein Unternehmen zu bef\u00e4higen, die zu diesem \u00dcbergang beitragen m\u00f6chte.<\/p>\n<p style=\"text-align: center;\">Lassen Sie uns gemeinsam ein Volks-CHRG-Netzwerk aufbauen!<\/p>\n<p style=\"text-align: center;\"><strong>GET IN CHRG!<\/strong><\/p>\n\t\t<\/div>\n\t\t\t\t\t<\/div>\n\n\t\n<\/div>\n","protected":false},"excerpt":{"rendered":"","protected":false},"author":1,"featured_media":0,"parent":0,"menu_order":18,"comment_status":"closed","ping_status":"closed","template":"page-blank.php","meta":{"footnotes":""},"class_list":["post-2785","page","type-page","status-publish","hentry"],"_links":{"self":[{"href":"https:\/\/chargingshop.eu\/de\/wp-json\/wp\/v2\/pages\/2785","targetHints":{"allow":["GET"]}}],"collection":[{"href":"https:\/\/chargingshop.eu\/de\/wp-json\/wp\/v2\/pages"}],"about":[{"href":"https:\/\/chargingshop.eu\/de\/wp-json\/wp\/v2\/types\/page"}],"author":[{"embeddable":true,"href":"https:\/\/chargingshop.eu\/de\/wp-json\/wp\/v2\/users\/1"}],"replies":[{"embeddable":true,"href":"https:\/\/chargingshop.eu\/de\/wp-json\/wp\/v2\/comments?post=2785"}],"version-history":[{"count":0,"href":"https:\/\/chargingshop.eu\/de\/wp-json\/wp\/v2\/pages\/2785\/revisions"}],"wp:attachment":[{"href":"https:\/\/chargingshop.eu\/de\/wp-json\/wp\/v2\/media?parent=2785"}],"curies":[{"name":"wp","href":"https:\/\/api.w.org\/{rel}","templated":true}]}}