{"id":72311,"date":"2025-06-14T10:15:14","date_gmt":"2025-06-14T10:15:14","guid":{"rendered":"https:\/\/chargingshop.eu\/product\/baerbar-oplader-med-display-kontrolboks-74-kw-1x32a-type2-cee-blaa-32a-x-1-fase-5m\/"},"modified":"2025-06-14T10:15:14","modified_gmt":"2025-06-14T10:15:14","slug":"baerbar-oplader-med-display-kontrolboks-74-kw-1x32a-type2-cee-blaa-32a-x-1-fase-5m","status":"publish","type":"product","link":"https:\/\/chargingshop.eu\/da\/vare\/baerbar-oplader-med-display-kontrolboks-74-kw-1x32a-type2-cee-blaa-32a-x-1-fase-5m\/","title":{"rendered":"b\u00e6rbar oplader med DISPLAY-kontrolboks 7,4 kW (1X32A), TYPE2-CEE bl\u00e5, 32A x 1 fase, 5m"},"content":{"rendered":"<p>B\u00e6rbar opladningsl\u00f8sning i topkvalitet. Underst\u00f8tter 3-faset 32A-opladning (op til 7,4 kW). <\/p>\n<p>Industristik &#8211; CEE 32A \/ 5PIN er den mest praktiske m\u00e5de at oplade din elbil p\u00e5, uanset hvor du er.<\/p>\n<ul>\n<li>Sikkerhed i topklasse og brugervenlighed<\/li>\n<li>Display til str\u00f8mstyring ved hj\u00e6lp af knapper 2,8 tommer LCD<\/li>\n<li>Angiver problemer (efter tilslutning og under opladning) med den relevante fejlkode:\n<ul>\n<li>Stigende temperaturer eller overophedning i enheden eller CEE-stikket<\/li>\n<li>Koblingselementer smeltet af varme eller defekte transistorkontakter<\/li>\n<li>Registrering af oversp\u00e6nding eller undersp\u00e6nding<\/li>\n<li>Kontrol af PE- og N-linjer<\/li>\n<li><strong>Registrering af<a href=\"https:\/\/en.wikipedia.org\/wiki\/Residual-current_device\" target=\"_blank\" rel=\"noopener noreferrer\">l\u00e6kstr\u00f8m<\/a> &#8211;<\/strong> Frakobling af k\u00f8ret\u00f8jet ved registrering af l\u00e6kage (30 mA AC, 6 mA DC)<\/li>\n<li>Ikke-underst\u00f8ttet opladningstilstand<\/li>\n<li>RCD-beskyttelse: TypeA+DC6 mA;<\/li>\n<li>Beskyttelsesklasse: IP55\u3001IK10<\/li>\n<li>Arbejdstemperatur: -30 \u2103 \uff5e +50 \u2103<\/li>\n<li>Beskyttelse: Oversp\u00e6ndingsbeskyttelse, undersp\u00e6ndingsbeskyttelse, jordingsbeskyttelse, lynbeskyttelse, l\u00e6kagebeskyttelse, flammeh\u00e6mmende beskyttelse, overstr\u00f8msbeskyttelse, intelligent temperaturkontrolbeskyttelse osv.<\/li>\n<\/ul>\n<\/li>\n<li>Indstillingsfunktion for maksimal ladestr\u00f8m &#8211; en fordel for biler, der ikke selv kan g\u00f8re det (indstillingen sker blot ved at trykke p\u00e5 en knap)<\/li>\n<li>Det solide elektronikhus med<strong> IP55\/IK10-beskyttelse<\/strong> er i stand til at overleve regn.<\/li>\n<\/ul>\n<div class=\"magic-6\" data-spm-anchor-id=\"a2700.details.0.i35.4a137780bRdriA\"><\/div>\n","protected":false},"excerpt":{"rendered":"<p><strong>Kraftigt, b\u00e6rbart<\/strong> og <strong>smart kabel<\/strong> med kontrolelektronik til opladning af elbiler fra CEE 32A-stik med en maksimal effekt p\u00e5 op til 7,4 kW<strong> (1x32A, 240V).<\/strong><\/p>\n","protected":false},"featured_media":0,"comment_status":"open","ping_status":"closed","template":"","meta":[],"product_brand":[],"product_cat":[252],"product_tag":[],"class_list":{"0":"post-72311","1":"product","2":"type-product","3":"status-publish","5":"product_cat-tilbehoer-opladningskabel","7":"first","8":"instock","9":"sale","10":"taxable","11":"shipping-taxable","12":"purchasable","13":"product-type-simple"},"_links":{"self":[{"href":"https:\/\/chargingshop.eu\/da\/wp-json\/wp\/v2\/product\/72311","targetHints":{"allow":["GET"]}}],"collection":[{"href":"https:\/\/chargingshop.eu\/da\/wp-json\/wp\/v2\/product"}],"about":[{"href":"https:\/\/chargingshop.eu\/da\/wp-json\/wp\/v2\/types\/product"}],"replies":[{"embeddable":true,"href":"https:\/\/chargingshop.eu\/da\/wp-json\/wp\/v2\/comments?post=72311"}],"wp:attachment":[{"href":"https:\/\/chargingshop.eu\/da\/wp-json\/wp\/v2\/media?parent=72311"}],"wp:term":[{"taxonomy":"product_brand","embeddable":true,"href":"https:\/\/chargingshop.eu\/da\/wp-json\/wp\/v2\/product_brand?post=72311"},{"taxonomy":"product_cat","embeddable":true,"href":"https:\/\/chargingshop.eu\/da\/wp-json\/wp\/v2\/product_cat?post=72311"},{"taxonomy":"product_tag","embeddable":true,"href":"https:\/\/chargingshop.eu\/da\/wp-json\/wp\/v2\/product_tag?post=72311"}],"curies":[{"name":"wp","href":"https:\/\/api.w.org\/{rel}","templated":true}]}}