{"id":72289,"date":"2025-06-14T10:14:52","date_gmt":"2025-06-14T10:14:52","guid":{"rendered":"https:\/\/chargingshop.eu\/product\/sungrow-idc-180e-kw-120-150-180kw-oplader\/"},"modified":"2025-06-14T10:14:52","modified_gmt":"2025-06-14T10:14:52","slug":"sungrow-idc-180e-kw-120-150-180kw-oplader","status":"publish","type":"product","link":"https:\/\/chargingshop.eu\/da\/vare\/sungrow-idc-180e-kw-120-150-180kw-oplader\/","title":{"rendered":"Sungrow IDC 180E kW 120\/150\/180kW oplader"},"content":{"rendered":"<h2>Sungrow IDC 180E kW 120\/150\/180kW oplader<\/h2>\n<ul class=\"prtextlist prtext m0aoto ovh ani swiper-slide-active\">\n<li class=\"MonLight f16 pt-page-delay100 animated fadeInUp\">\n<div class=\"f20 MonRegular ce97702\">P\u00c5LIDELIG OG SIKKER<\/div>\n<p>IP65-beskyttelse og C5-anti-korrosion<\/p>\n<p>Lang levetid p\u00e5 over 10 \u00e5r<\/p>\n<p>Ubesv\u00e6ret vedligeholdelse uden udskiftning af st\u00f8vfilterm\u00e5tte<\/p>\n<p>Selvdesignede og egenproducerede effektmoduler<\/li>\n<li class=\"MonLight f16 pt-page-delay300 animated fadeInUp\">\n<div class=\"f20 MonRegular ce97702\">BRUGERVENLIG<\/div>\n<p>Underst\u00f8tter flere godkendelses- og betalingsmuligheder<\/p>\n<p>System til styring af opladningskabler giver en f\u00f8rsteklasses brugeroplevelse<\/li>\n<li class=\"MonLight f16 pt-page-delay500 animated fadeInUp\">\n<div class=\"f20 MonRegular ce97702\">EFFEKTIV OG SMART<\/div>\n<p>Maks. effektivitet op til 96,5%. <\/p>\n<p>Dynamisk belastningsstyring for at optimere opladning af elbiler<\/li>\n<li class=\"MonLight f16 pt-page-delay700 animated fadeInUp\">\n<div class=\"f20 MonRegular ce97702\">FLEKSIBEL ANVENDELSE<\/div>\n<p>Adaptivt sp\u00e6ndingsomr\u00e5de 200-920Vdc<\/p>\n<p>Kompatibilitet med reserverede PV-ESS-systemer<\/li>\n<\/ul>\n<div>Produktets fordele:<\/div>\n<div>&#8211; To ladepunkter med dynamisk belastningsfordeling<\/div>\n<div>&#8211; Komfortabel 10&#8243; touch-sk\u00e6rm<\/div>\n<div>&#8211; Design i overensstemmelse med kalibreringsloven<\/div>\n<div><\/div>\n<div>Produktets egenskaber:<\/div>\n<div>&#8211; Opladningskapacitet pr. ladestander: 90 kW<\/div>\n<div>&#8211; Antal opladningspunkter: 2<\/div>\n<div>&#8211; DC-tilslutning: CCS2<\/div>\n<div>&#8211; L\u00e6ngde p\u00e5 opladningskabel: 5.0 m<\/div>\n<div>&#8211; DC-overskudsopladning: nej<\/div>\n<div>&#8211; AC-tilslutning: 400V, 3-faset<\/div>\n<div>&#8211; Adgangskontrol: PTB \/ kalibreringslov<\/div>\n<div>&#8211; Kommunikation: Ethernet, 2G, 3G, 4G, Bluetooth<\/div>\n<div>&#8211; Protokol: OCPP 2.0.1<\/div>\n<div>&#8211; Dimensioner: 2000 x 900 x 750 mm (HxBxD)<\/div>\n<div>&#8211; Beskyttelsesklasse: IP65<\/div>\n<div>&#8211; V\u00e6gt: 450,0 kg<\/div>\n<div><\/div>\n<div><a href=\"https:\/\/chargingshop.eu\/wp-content\/uploads\/2024\/12\/DS_20241022_IDC180E_Datasheet_V3_EN.pdf\">DS_20241022_IDC180E_Datasheet_V3_EN<\/a><\/div>\n","protected":false},"excerpt":{"rendered":"<p>Med IDC180E tilbyder Sungrow nu ogs\u00e5 en DC-oplader til offentlig brug. De to ladepunkter med fleksibel kabelf\u00f8ring og en opladningskapacitet p\u00e5 op til 180 kW kan aktiveres via en app, RFID eller betalingsterminalen, afh\u00e6ngigt af versionen. Det er muligt at udf\u00f8re effektm\u00e5lingen med en m\u00e5ler, der overholder de lovm\u00e6ssige metrologibestemmelser. Opladeren er kompatibel med alle aktuelle bilmodeller.   <\/p>\n","protected":false},"featured_media":0,"comment_status":"closed","ping_status":"closed","template":"","meta":[],"product_brand":[],"product_cat":[291],"product_tag":[],"class_list":{"0":"post-72289","1":"product","2":"type-product","3":"status-publish","5":"product_cat-dc-chargers-da","6":"pa_brand-wallbox-da","8":"first","9":"instock","10":"sale","11":"taxable","12":"shipping-taxable","13":"purchasable","14":"product-type-simple"},"_links":{"self":[{"href":"https:\/\/chargingshop.eu\/da\/wp-json\/wp\/v2\/product\/72289","targetHints":{"allow":["GET"]}}],"collection":[{"href":"https:\/\/chargingshop.eu\/da\/wp-json\/wp\/v2\/product"}],"about":[{"href":"https:\/\/chargingshop.eu\/da\/wp-json\/wp\/v2\/types\/product"}],"replies":[{"embeddable":true,"href":"https:\/\/chargingshop.eu\/da\/wp-json\/wp\/v2\/comments?post=72289"}],"wp:attachment":[{"href":"https:\/\/chargingshop.eu\/da\/wp-json\/wp\/v2\/media?parent=72289"}],"wp:term":[{"taxonomy":"product_brand","embeddable":true,"href":"https:\/\/chargingshop.eu\/da\/wp-json\/wp\/v2\/product_brand?post=72289"},{"taxonomy":"product_cat","embeddable":true,"href":"https:\/\/chargingshop.eu\/da\/wp-json\/wp\/v2\/product_cat?post=72289"},{"taxonomy":"product_tag","embeddable":true,"href":"https:\/\/chargingshop.eu\/da\/wp-json\/wp\/v2\/product_tag?post=72289"}],"curies":[{"name":"wp","href":"https:\/\/api.w.org\/{rel}","templated":true}]}}