{"id":72279,"date":"2025-06-14T10:14:40","date_gmt":"2025-06-14T10:14:40","guid":{"rendered":"https:\/\/chargingshop.eu\/product\/alfen-eve-single-pro-line-22kw-med-stikkontakt\/"},"modified":"2025-06-14T10:14:44","modified_gmt":"2025-06-14T10:14:44","slug":"alfen-eve-single-pro-line-22kw-med-stikkontakt","status":"publish","type":"product","link":"https:\/\/chargingshop.eu\/da\/vare\/alfen-eve-single-pro-line-22kw-med-stikkontakt\/","title":{"rendered":"Alfen Eve Single Pro Line 22kW med stikkontakt"},"content":{"rendered":"<div class=\"video video-fit mb\" style=\"padding-top:56.25%;\"><p><iframe title=\"Alfen installatievideo Eve Single Pro-line (Nederlands) - Alfen Charging Equipment\" width=\"1020\" height=\"574\" src=\"https:\/\/www.youtube.com\/embed\/iq98ee6rMCM?feature=oembed\" frameborder=\"0\" allow=\"accelerometer; autoplay; clipboard-write; encrypted-media; gyroscope; picture-in-picture; web-share\" referrerpolicy=\"strict-origin-when-cross-origin\" allowfullscreen><\/iframe><\/p>\n<\/div>\n<p><strong>Alfen Eve Single Pro Line 22kW med stikkontakt n\u00f8glefunktioner:<\/strong><\/p>\n<ul data-rte-list=\"default\">\n<li>\n<p class=\"\">Leverer op til <strong> 22 kW vekselstr\u00f8m<\/strong><\/p>\n<\/li>\n<li><strong>DC-l\u00e6kagebeskyttelse<\/strong> &#8211; Denne station har indbygget DC-l\u00e6kagebeskyttelse, som registrerer j\u00e6vnstr\u00f8msl\u00e6kage (DC) og stopper den med det samme. Det beskytter b\u00e5de elbilen og elnettet mod mulige elektriske fejl eller skader. <\/li>\n<li><strong>Display<\/strong> &#8211; Brugergr\u00e6nsefladen med underst\u00f8ttelse af flere sprog er nem at bruge og giver alle de n\u00f8dvendige oplysninger til b\u00e5de f\u00f8rstegangsbrugere og avancerede brugere.<\/li>\n<li><strong>App-kontrol<\/strong> &#8211; Med appen kan du fjernoverv\u00e5ge opladningsprocessen, ops\u00e6tte en opladningsplan og se opladningshistorikken.<\/li>\n<li><strong>RFID<\/strong> &#8211; Ladestationen er udstyret med en brugeridentifikationsfunktion ved hj\u00e6lp af RFID (fysisk token) eller Charged-appen.<br \/>\nPro-line-modellen har ogs\u00e5 et integreret display p\u00e5 ladestationen til overv\u00e5gning af opladningsprocessen.<\/li>\n<\/ul>\n<p>DATABLAD:<\/p>\n<p><strong><a href=\"https:\/\/chargingshop.eu\/wp-content\/uploads\/2025\/01\/Alfen-Eve-Single-Pro-Line_DATASHEET.pdf\">Alfen-Eve-Single-Pro-Line_DATASHEET<\/a><\/strong><\/p>\n","protected":false},"excerpt":{"rendered":"<div class=\"flex-shrink-0 flex flex-col relative items-end\">\n<div class=\"pt-0\">\n<div class=\"gizmo-bot-avatar flex h-8 w-8 items-center justify-center overflow-hidden rounded-full\">\n<div class=\"relative p-1 rounded-sm flex items-center justify-center bg-token-main-surface-primary text-token-text-primary h-8 w-8\">Alfen Eve Single Pro-line 22 kW 3-faset ladestation med DISPLAY &#8211; en f\u00f8rsteklasses l\u00f8sning til sikker og p\u00e5lidelig opladning i hjemmet eller p\u00e5 offentlige steder.<\/div>\n<div>OCPP-kompatibel kan derfor forbindes til \u00bbCharged\u00ab-onlineplatformen (back-end) og dermed styres af en mobilapp.<\/div>\n<\/div>\n<\/div>\n<\/div>\n<p>&nbsp;<\/p>\n","protected":false},"featured_media":0,"comment_status":"open","ping_status":"closed","template":"","meta":[],"product_brand":[],"product_cat":[189],"product_tag":[1534],"class_list":{"0":"post-72279","1":"product","2":"type-product","3":"status-publish","5":"product_cat-wallbox-ladestationer-da","6":"product_tag-etrel-inch-pro-da","7":"pa_brand-alfen-da","9":"first","10":"instock","11":"sale","12":"taxable","13":"shipping-taxable","14":"purchasable","15":"product-type-simple"},"_links":{"self":[{"href":"https:\/\/chargingshop.eu\/da\/wp-json\/wp\/v2\/product\/72279","targetHints":{"allow":["GET"]}}],"collection":[{"href":"https:\/\/chargingshop.eu\/da\/wp-json\/wp\/v2\/product"}],"about":[{"href":"https:\/\/chargingshop.eu\/da\/wp-json\/wp\/v2\/types\/product"}],"replies":[{"embeddable":true,"href":"https:\/\/chargingshop.eu\/da\/wp-json\/wp\/v2\/comments?post=72279"}],"wp:attachment":[{"href":"https:\/\/chargingshop.eu\/da\/wp-json\/wp\/v2\/media?parent=72279"}],"wp:term":[{"taxonomy":"product_brand","embeddable":true,"href":"https:\/\/chargingshop.eu\/da\/wp-json\/wp\/v2\/product_brand?post=72279"},{"taxonomy":"product_cat","embeddable":true,"href":"https:\/\/chargingshop.eu\/da\/wp-json\/wp\/v2\/product_cat?post=72279"},{"taxonomy":"product_tag","embeddable":true,"href":"https:\/\/chargingshop.eu\/da\/wp-json\/wp\/v2\/product_tag?post=72279"}],"curies":[{"name":"wp","href":"https:\/\/api.w.org\/{rel}","templated":true}]}}