{"id":72274,"date":"2025-06-14T10:14:31","date_gmt":"2025-06-14T10:14:31","guid":{"rendered":"https:\/\/chargingshop.eu\/product\/byd-hvs-5-1-fronius-symo-gen24-10-0-plus-hybrid-inverter\/"},"modified":"2025-06-14T10:14:35","modified_gmt":"2025-06-14T10:14:35","slug":"byd-hvs-5-1-fronius-symo-gen24-10-0-plus-hybrid-inverter","status":"publish","type":"product","link":"https:\/\/chargingshop.eu\/da\/vare\/byd-hvs-5-1-fronius-symo-gen24-10-0-plus-hybrid-inverter\/","title":{"rendered":"BYD HVS 5.1 + Fronius Symo GEN24 10.0 Plus hybrid inverter"},"content":{"rendered":"<p>BYD HVS 5.1 + Fronius Symo GEN24 10.0 Plus hybrid inverter<\/p>\n<p>S\u00c6TTET INDEHOLDER:<\/p>\n<p>1 x Fronius Symo GEN24 10.0 Plus hybrid-inverter<\/p>\n<p>1 x BYD Premium HV BCU+Base<\/p>\n<p>1 x BYD Battery-Box Premium HVS (25Ah) &#8211; Modul<\/p>\n<p>1 x Fronius Smart Meter 63A-3<\/p>\n<p>BYD HVS 5.1<\/p>\n<p>Fronius Symo GEN24 10.0 Plus Hybrid Solar Inverter<br \/>\nHybrid inverter med individuel back-up power<\/p>\n<p>Denne hybridinverter kan fungere med eller uden batteri. Derfor leverer Fronius Symo GEN24 Plus den h\u00f8jeste grad af forsyningssikkerhed til hjemmesektoren. <\/p>\n<p>Den innovative Fronius Symo GEN24 10.0 Plus giver for f\u00f8rste gang en grundl\u00e6ggende n\u00f8dstr\u00f8msforsyning. Det betyder, at du har en backup, selv om du ikke k\u00f8ber et batteri med. Men for de kunder, der allerede har et batteri, tilbyder Fronius Symo GEN24 en fuld backup-l\u00f8sning (en gennempr\u00f8vet l\u00f8sning), der kan forsyne hele husstanden med n\u00f8dstr\u00f8m.<\/p>\n<div class=\"video video-fit mb\" style=\"padding-top:56.25%;\"><p><iframe title=\"Spotlight: Fronius GEN24 Plus - uniquely versatile\" width=\"1020\" height=\"574\" src=\"https:\/\/www.youtube.com\/embed\/fQ3dTXs3Q2U?feature=oembed\" frameborder=\"0\" allow=\"accelerometer; autoplay; clipboard-write; encrypted-media; gyroscope; picture-in-picture; web-share\" referrerpolicy=\"strict-origin-when-cross-origin\" allowfullscreen><\/iframe><\/p>\n<\/div>\n<p>Fronius GEN24 Plus-hybridinverterne er derfor den ideelle l\u00f8sning til forskellige anvendelser og kundekrav. Den er velegnet til de kunder, der allerede har et batteri fra dag \u00e9t. Fronius Ohmpilot-systemet g\u00f8r det muligt at bruge solcelleenergi til at opvarme varmt vand i hjemmet. Du kan ogs\u00e5 v\u00e6lge at integrere solcellesystemet i en hjemmeautomatiseringspakke. Fronius GEN24 Plus er en universel l\u00f8sning og vil altid v\u00e6re det rigtige valg &#8211; b\u00e5de til nye systemer og til opgradering og udvidelse af eksisterende solcelleanl\u00e6g.    <\/p>\n<p>Desuden er Fronius&#8217; invertere i GEN24-serien meget enkle og nemme at installere, s\u00e6tte i drift og servicere. Den er universel og kan bruges i alle typer systemer. Fronius GEN24-serien underst\u00f8tter allerede gennempr\u00f8vede Fronius-teknologier, f.eks. SuperFlex-designet, som ogs\u00e5 findes i Primo GEN24 Plus og Symo GEN24 Plus &#8211; enheder, der tilbyder ideelle lagringsl\u00f8sninger til enfasede og store trefasede systemer.  <\/p>\n<p>Kompatible batterier:<\/p>\n<p>BYD Battery-Box Premium HVS 5.1<br \/>\nBYD Battery-Box Premium HVS 7.7<br \/>\nBYD Battery-Box Premium HVS 10.2<br \/>\nBYD Battery-Box Premium HVM 11.0<br \/>\nBYD Battery-Box Premium HVM 13.8<br \/>\nBYD Battery-Box Premium HVM 16.6<br \/>\nBYD Battery-Box Premium HVM 19.3<br \/>\nBYD Battery-Box Premium HVM 22.1<\/p>\n<p><a href=\"https:\/\/chargingshop.eu\/wp-content\/uploads\/2022\/12\/Fronius_Symo_GEN24_Plus_Datasheet.pdf\">Fronius_Symo_GEN24_Plus_Datablad<\/a><\/p>\n<h3><strong>Vigtigste specifikationer:<\/strong><\/h3>\n<p>Nettilslutning (sp\u00e6ndingsomr\u00e5de):3~NPE 400 V \/ 230 V eller 3~NPE 380 V \/ 220 V (+ 20 % \/ &#8211; 30 %)<\/p>\n<p>Omgivelsestemperatur 0 til 50 grader Celsius<\/p>\n<p>Maks. indgangsstr\u00f8m (Idc max MPPT1 \/ MPPT2) 25 A \/ 12,5 A <\/p>\n<p>Frekvensomr\u00e5de 50 Hz \/ 60 Hz (45 Hz &#8211; 66 Hz)<\/p>\n<p>Effekt 10 KW<\/p>\n<p>Nominel udgangseffekt PV Point \/ fuld backup 3.000 VA \/ 10.000 VA <\/p>\n<p>IP-klassificering IP66<\/p>\n","protected":false},"excerpt":{"rendered":"<p>SUPER UDSALG UNITIL 10. FEBRUAR 2025 ELLER S\u00c5 L\u00c6NGE LAGERET RIGER!<\/p>\n<p>BYD HVS 5.1 + Fronius Symo GEN24 10.0 Plus hybrid inverter<\/p>\n<p>S\u00c6T INDEHOLDER:<\/p>\n<p>1 x Fronius Symo GEN24 10.0 Plus hybrid inverter<\/p>\n<p>1 x BYD Premium HV BCU+Base<\/p>\n<p>1 x BYD Battery-Box Premium HVS (25Ah) &#8211; Modul<\/p>\n<p>1 x Fronius Smart Meter 63A-3<\/p>\n<p>&nbsp;<\/p>\n","protected":false},"featured_media":0,"comment_status":"open","ping_status":"closed","template":"","meta":[],"product_brand":[],"product_cat":[770],"product_tag":[],"class_list":{"0":"post-72274","1":"product","2":"type-product","3":"status-publish","5":"product_cat-solpaneler","6":"pa_brand-fronius-da","8":"first","9":"instock","10":"taxable","11":"shipping-taxable","12":"purchasable","13":"product-type-simple"},"_links":{"self":[{"href":"https:\/\/chargingshop.eu\/da\/wp-json\/wp\/v2\/product\/72274","targetHints":{"allow":["GET"]}}],"collection":[{"href":"https:\/\/chargingshop.eu\/da\/wp-json\/wp\/v2\/product"}],"about":[{"href":"https:\/\/chargingshop.eu\/da\/wp-json\/wp\/v2\/types\/product"}],"replies":[{"embeddable":true,"href":"https:\/\/chargingshop.eu\/da\/wp-json\/wp\/v2\/comments?post=72274"}],"wp:attachment":[{"href":"https:\/\/chargingshop.eu\/da\/wp-json\/wp\/v2\/media?parent=72274"}],"wp:term":[{"taxonomy":"product_brand","embeddable":true,"href":"https:\/\/chargingshop.eu\/da\/wp-json\/wp\/v2\/product_brand?post=72274"},{"taxonomy":"product_cat","embeddable":true,"href":"https:\/\/chargingshop.eu\/da\/wp-json\/wp\/v2\/product_cat?post=72274"},{"taxonomy":"product_tag","embeddable":true,"href":"https:\/\/chargingshop.eu\/da\/wp-json\/wp\/v2\/product_tag?post=72274"}],"curies":[{"name":"wp","href":"https:\/\/api.w.org\/{rel}","templated":true}]}}