{"id":72268,"date":"2025-06-14T10:14:24","date_gmt":"2025-06-14T10:14:24","guid":{"rendered":"https:\/\/chargingshop.eu\/product\/h1029-a-etrel-inch-duo-reservedel-motherboard-pcba\/"},"modified":"2025-06-14T10:14:24","modified_gmt":"2025-06-14T10:14:24","slug":"h1029-a-etrel-inch-duo-reservedel-motherboard-pcba","status":"publish","type":"product","link":"https:\/\/chargingshop.eu\/da\/vare\/h1029-a-etrel-inch-duo-reservedel-motherboard-pcba\/","title":{"rendered":"H1029-A ETREL INCH DUO &#8211; RESERVEDEL &#8211; Motherboard PCBA"},"content":{"rendered":"<div class=\"wpb_text_column wpb_content_element \">\n<div class=\"wpb_wrapper\">\n<div class=\"wpb_text_column wpb_content_element \">\n<div class=\"wpb_wrapper\">\n<div class=\"wpb_text_column wpb_content_element \">\n<div class=\"wpb_wrapper\">\n<div class=\"wpb_text_column wpb_content_element \">\n<div class=\"wpb_wrapper\">\n<p>H1029-A &#8211; ETREL INCH DUO &#8211; RESERVEDEL &#8211; Motherboard PCBA &#8211; H1029-A<\/p>\n<\/div>\n<p>3 enheder til r\u00e5dighed<\/p>\n<\/div>\n<\/div>\n<\/div>\n<\/div>\n<\/div>\n<\/div>\n<\/div>\n","protected":false},"excerpt":{"rendered":"<p>Tilg\u00e6ngelig p\u00e5 lager &#8211; kontakt sales@chargingshop.eu for at f\u00e5 et tilbud med 0% moms<\/p>\n<p>&nbsp;<\/p>\n<p>&nbsp;<\/p>\n<p>&nbsp;<\/p>\n","protected":false},"featured_media":0,"comment_status":"open","ping_status":"closed","template":"","meta":[],"product_brand":[],"product_cat":[201],"product_tag":[],"class_list":{"0":"post-72268","1":"product","2":"type-product","3":"status-publish","5":"product_cat-offentlig-ladestation","6":"pa_brand-etrel-da","8":"first","9":"instock","10":"taxable","11":"shipping-taxable","12":"purchasable","13":"product-type-simple"},"_links":{"self":[{"href":"https:\/\/chargingshop.eu\/da\/wp-json\/wp\/v2\/product\/72268","targetHints":{"allow":["GET"]}}],"collection":[{"href":"https:\/\/chargingshop.eu\/da\/wp-json\/wp\/v2\/product"}],"about":[{"href":"https:\/\/chargingshop.eu\/da\/wp-json\/wp\/v2\/types\/product"}],"replies":[{"embeddable":true,"href":"https:\/\/chargingshop.eu\/da\/wp-json\/wp\/v2\/comments?post=72268"}],"wp:attachment":[{"href":"https:\/\/chargingshop.eu\/da\/wp-json\/wp\/v2\/media?parent=72268"}],"wp:term":[{"taxonomy":"product_brand","embeddable":true,"href":"https:\/\/chargingshop.eu\/da\/wp-json\/wp\/v2\/product_brand?post=72268"},{"taxonomy":"product_cat","embeddable":true,"href":"https:\/\/chargingshop.eu\/da\/wp-json\/wp\/v2\/product_cat?post=72268"},{"taxonomy":"product_tag","embeddable":true,"href":"https:\/\/chargingshop.eu\/da\/wp-json\/wp\/v2\/product_tag?post=72268"}],"curies":[{"name":"wp","href":"https:\/\/api.w.org\/{rel}","templated":true}]}}