{"id":72234,"date":"2025-06-14T10:13:37","date_gmt":"2025-06-14T10:13:37","guid":{"rendered":"https:\/\/chargingshop.eu\/product\/abb-terra-ac-22-kw-type-2-kabel-4g-rfid-abb-3p-smartmeter\/"},"modified":"2025-06-14T10:13:42","modified_gmt":"2025-06-14T10:13:42","slug":"abb-terra-ac-22-kw-type-2-kabel-4g-rfid-abb-3p-smartmeter","status":"publish","type":"product","link":"https:\/\/chargingshop.eu\/da\/vare\/abb-terra-ac-22-kw-type-2-kabel-4g-rfid-abb-3p-smartmeter\/","title":{"rendered":"ABB Terra AC 22 kW, Type 2-kabel, 4G, RFID + ABB 3P SmartMeter"},"content":{"rendered":"<p><em><strong>ABB Terra AC 22kW med kabel, Type 2-kabel, 4G, RFID + ABB 3P SmartMeter til belastningsbalancering (normalpris &#8211; 145eur)<\/strong><\/em><\/p>\n<p>&nbsp;<\/p>\n<p>Et S\u00c6T til DYNAMISK LASTBALANCERING-funktionalitet. Det forhindrer overforbrug af str\u00f8m under opladning af din elbil. <\/p>\n<p><strong>Kvalitet af h\u00f8j v\u00e6rdi  <\/strong><\/p>\n<p>&#8211; En af de mest prisgunstige opladere p\u00e5 markedet<\/p>\n<p>&#8211; Bredt udvalg af tilslutningsmuligheder<\/p>\n<p>&#8211; Pladsbesparende og let at installere design<\/p>\n<p>&nbsp;<\/p>\n<p><strong>Sikkerhed og beskyttelse<\/strong><\/p>\n<p>&#8211; Evalueret og testet af uafh\u00e6ngig tredjepart for at opfylde de h\u00f8jeste standarder<\/p>\n<p>&#8211; Str\u00f8mbegr\u00e6nsende beskyttelse forhindrer generende udl\u00f8sning og overstr\u00f8m til installationen<\/p>\n<p>&#8211; Integreret beskyttelse, herunder DC-jordfejl og oversp\u00e6nding<\/p>\n<p>&nbsp;<\/p>\n<p><img decoding=\"async\" class=\"alignleft wp-image-3224\" src=\"https:\/\/chargingshop.eu\/wp-content\/uploads\/2020\/07\/ABB-Terra-AC-dynamic-load-management-307x400.png\" alt=\"ABB Terra AC dynamisk belastningsstyring\" width=\"470\" height=\"612\" srcset=\"https:\/\/chargingshop.eu\/wp-content\/uploads\/2020\/07\/ABB-Terra-AC-dynamic-load-management-307x400.png 307w, https:\/\/chargingshop.eu\/wp-content\/uploads\/2020\/07\/ABB-Terra-AC-dynamic-load-management.png 422w\" sizes=\"(max-width: 470px) 100vw, 470px\" \/><\/p>\n<p><strong>Styring af belastning<\/strong><\/p>\n<p>&#8211; Indbygget energim\u00e5ler<\/p>\n<p>&#8211; Manuel eller automatiseret (dynamisk) belastningsstyring<\/p>\n<p>&#8211; Ops\u00e6tning til integration af ekstern energim\u00e5ler til dynamisk belastningsstyring<\/p>\n<p>&#8211; Klar til integration med avancerede energisystemer til intelligente bygninger<\/p>\n<p><strong>Fremtidssikret fleksibilitet<\/strong><\/p>\n<p>&#8211; Smart funktionalitet til optimeret opladning<\/p>\n<p>&#8211; Integration af energim\u00e5lere til dynamisk belastningsstyring<\/p>\n<p>&#8211; Dedikeret app til kontrol og konfiguration<\/p>\n<p>&#8211; Fjernopdatering af software aktiveret<\/p>\n<p>&nbsp;<\/p>\n<p>&nbsp;<\/p>\n<div>\n<p>&nbsp;<\/p>\n<p>&nbsp;<\/p>\n<\/div>\n<p>&nbsp;<\/p>\n<p>&nbsp;<\/p>\n<p><strong>Pr\u00e6sentation af alle Smart-funktionaliteter:<\/strong><\/p>\n<p><a href=\"https:\/\/chargingshop.eu\/wp-content\/uploads\/2020\/12\/chargersync-APP.pdf\">Chargersync APP<\/a><\/p>\n<p>&nbsp;<\/p>\n<div>\n<p><strong>Opladningsplanl\u00e6gning \u00bbPeak shaving<\/strong>\u00ab<\/p>\n<p>&#8211; Indstil dine opladningstidspunkter (tidsplan) for at undg\u00e5 h\u00f8je elpriser, f.eks. aftentakst<\/p>\n<p>&#8211; Muligt at spare 100-300 euro om \u00e5ret* p\u00e5 elregningen (afh\u00e6ngig af lokale elpriser)<\/p>\n<p>&nbsp;<\/p>\n<\/div>\n<p><strong>ChargeSync-brugerapp til kontrol, status og konfiguration af Terra AC<\/strong><\/p>\n<p>Ops\u00e6tning af station:<\/p>\n<div class=\"video video-fit mb\" style=\"padding-top:56.25%;\"><p><iframe title=\"ABB Terra AC station setup\" width=\"1020\" height=\"574\" src=\"https:\/\/www.youtube.com\/embed\/9tBaVWj7mHI?feature=oembed\" frameborder=\"0\" allow=\"accelerometer; autoplay; clipboard-write; encrypted-media; gyroscope; picture-in-picture; web-share\" referrerpolicy=\"strict-origin-when-cross-origin\" allowfullscreen><\/iframe><\/p>\n<\/div>\n<p>Opladningsstatus:<\/p>\n<div class=\"video video-fit mb\" style=\"padding-top:56.25%;\"><p><iframe title=\"ABB Terra AC APP charging process\" width=\"1020\" height=\"574\" src=\"https:\/\/www.youtube.com\/embed\/ZDbrLx06yh0?feature=oembed\" frameborder=\"0\" allow=\"accelerometer; autoplay; clipboard-write; encrypted-media; gyroscope; picture-in-picture; web-share\" referrerpolicy=\"strict-origin-when-cross-origin\" allowfullscreen><\/iframe><\/p>\n<\/div>\n<p>&nbsp;<\/p>\n<p><strong>ABB Terra AC 22kW model &#8211; (TAC-W22-G5-R-C-0<\/strong> \/ <strong>6AGC082157) funktionaliteter<\/strong>:<\/p>\n<p>-Type &#8211; Wallbox med Type 2-kabel<br \/>\n-Effekt 22 kW<br \/>\n-Trefaset<br \/>\n-Maks str\u00f8m 32A<\/p>\n<p>Ethernet (RJ45)<br \/>\n-Wifi<br \/>\n-OCPP 1.6<br \/>\n-Bluetooth<br \/>\n-Modbus RTU (RS485)<\/p>\n<p><strong><a href=\"https:\/\/new.abb.com\/products\/2CMA290881R1000\/ev3-012-100\" target=\"_blank\" rel=\"noopener\">EV3 012-100 SmartMeter-model<\/a> &#8211; 2CMA290881R1000<\/strong><\/p>\n<p>&nbsp;<\/p>\n<p><em>Terra AC produktbrochure:<\/em><\/p>\n<p><a href=\"https:\/\/chargingshop.eu\/?attachment_id=2067\" target=\"_blank\" rel=\"attachment noopener wp-att-2067 noreferrer\">ABB_Terra_AC_wallbox_Brochure_A4<\/a><\/p>\n<p>&nbsp;<\/p>\n<p>* Netoperat\u00f8rer opkr\u00e6ver normalt 25-40% till\u00e6g for elektricitet, der forbruges i aftentimerne kl. 18-22. Dette er underlagt kontrakt med udbyder. I nogle lande kan der ikke tilbydes aften-\/nattetarif.  <\/p>\n<p>&nbsp;<\/p>\n","protected":false},"excerpt":{"rendered":"<p><a href=\"https:\/\/www.adac.de\/rund-ums-fahrzeug\/tests\/elektromobilitaet\/wallboxen\/\">Vinder af ADAC Wallbox Test &#8211; 05\/2021<\/a><\/p>\n<p><em>ABB Terra AC 22kW wallbox med kabel + <strong><a href=\"https:\/\/new.abb.com\/products\/2CMA290881R1000\/ev3-012-100\">EV3 012-100 SmartMeter model<\/a> &#8211; 2CMA290881R1000<\/strong> Med dette s\u00e6t vil du v\u00e6re i stand til at bruge en fase dynamisk belastningsbalanceringsfunktion.<\/em><\/p>\n<p>Enest\u00e5ende kvalitet fra verdens f\u00f8rende virksomhed &#8211; ABB. Smart og fremtidssikret station til prisen for en almindelig. <\/p>\n<ul>\n<li>Status og kontrol via app<\/li>\n<li>Komplet beskyttelse: overstr\u00f8m, oversp\u00e6nding, undersp\u00e6nding, jordfejl, integreret lynbeskyttelse<\/li>\n<li>Planl\u00e6gning af afgifter \u00bbPeak shaving\u00ab<\/li>\n<li>Udligning af belastning<\/li>\n<li>Mulighed for kun at oplade fotovoltaisk energi fra lokal inverter<\/li>\n<li>og meget mere<\/li>\n<\/ul>\n<p>&nbsp;<\/p>\n","protected":false},"featured_media":0,"comment_status":"open","ping_status":"closed","template":"","meta":[],"product_brand":[],"product_cat":[1367,189],"product_tag":[1389],"class_list":{"0":"post-72234","1":"product","2":"type-product","3":"status-publish","5":"product_cat-udsalgstilbud-og-rabatter","6":"product_cat-wallbox-ladestationer-da","7":"product_tag-abb-terra-ac-7-da","8":"pa_brand-abb-da","10":"first","11":"instock","12":"sale","13":"taxable","14":"shipping-taxable","15":"purchasable","16":"product-type-simple"},"_links":{"self":[{"href":"https:\/\/chargingshop.eu\/da\/wp-json\/wp\/v2\/product\/72234","targetHints":{"allow":["GET"]}}],"collection":[{"href":"https:\/\/chargingshop.eu\/da\/wp-json\/wp\/v2\/product"}],"about":[{"href":"https:\/\/chargingshop.eu\/da\/wp-json\/wp\/v2\/types\/product"}],"replies":[{"embeddable":true,"href":"https:\/\/chargingshop.eu\/da\/wp-json\/wp\/v2\/comments?post=72234"}],"wp:attachment":[{"href":"https:\/\/chargingshop.eu\/da\/wp-json\/wp\/v2\/media?parent=72234"}],"wp:term":[{"taxonomy":"product_brand","embeddable":true,"href":"https:\/\/chargingshop.eu\/da\/wp-json\/wp\/v2\/product_brand?post=72234"},{"taxonomy":"product_cat","embeddable":true,"href":"https:\/\/chargingshop.eu\/da\/wp-json\/wp\/v2\/product_cat?post=72234"},{"taxonomy":"product_tag","embeddable":true,"href":"https:\/\/chargingshop.eu\/da\/wp-json\/wp\/v2\/product_tag?post=72234"}],"curies":[{"name":"wp","href":"https:\/\/api.w.org\/{rel}","templated":true}]}}