{"id":6408,"date":"2022-01-23T13:44:48","date_gmt":"2022-01-23T13:44:48","guid":{"rendered":"https:\/\/chargingshop.eu\/product\/solcelle-carport\/"},"modified":"2022-01-23T13:44:48","modified_gmt":"2022-01-23T13:44:48","slug":"solcelle-carport","status":"publish","type":"product","link":"https:\/\/chargingshop.eu\/da\/vare\/solcelle-carport\/","title":{"rendered":"Solcelle carport"},"content":{"rendered":"<p>Hvis du er en bilejer eller nogen, der er alle tiders PV-fanatiker og opsat p\u00e5 at f\u00f8lge de nyeste teknologiske trends, skal du v\u00e6re st\u00f8dt p\u00e5 den seneste tilf\u00f8jelse under kategorien solpaneler &#8211; en solcelle-carport. En mere avanceret version af de traditionelle carporte og jordmonterede solcellepaneler.<\/p>\n<h2>Hvad koster det at have solenergi-genererende carport?<\/h2>\n<p>Det er designet med teknologien til at fange fotoner (lyspartikler) og d\u00e6kker et parkeringsomr\u00e5de. Tendensen med at bruge en solenergi-genererende carport og opladning af k\u00f8ret\u00f8jer med <a href=\"http:\/\/chrgsolar.lt\/\" target=\"_blank\" rel=\"noopener\">solenergi<\/a> er p\u00e5 et boom i disse dage. Enten du ser p\u00e5 en privat bilveranda eller en offentlig parkeringsplads i store indk\u00f8bscentre eller bycentre, kan du se det. Selvf\u00f8lgelig er en solcellecarport specielt beregnet til opladning af elbiler, men dens funktion er ikke begr\u00e6nset. Desuden beskytter den mod UV-str\u00e5ler og nedb\u00f8r. Desuden giver en solenergiport ogs\u00e5 energi til n\u00e6rliggende virksomheder, boliger eller det lokale forsyningsnet.<\/p>\n<h3>Hvordan virker det?<\/h3>\n<p>Funktionen af \u200b\u200ben solcellecarport er ikke mere anderledes end de typiske jordmonterede eller tagsolpaneler. Det virker p\u00e5 samme teknologi. Det omdanner fotonernes energi til elektricitet gennem processen med fotovoltaisk effekt. N\u00e5r et solpanel rammes af en foton, genererer dets energi elektroner, der str\u00f8mmer gennem solpanelerne og genererer en elektrisk str\u00f8m.<\/p>\n<h3>Udgifter til carport med solpaneler<\/h3>\n<p>Dets pris med solpaneler afh\u00e6nger af typen og st\u00f8rrelsen af \u200b\u200bdet solpanel, du v\u00e6lger. Samlede omkostninger afh\u00e6nger af disse sp\u00f8rgsm\u00e5l: 1. Hvor meget str\u00f8m vil du producere? 2. Hvad er det samlede areal, du vil d\u00e6kke? 3. Type\/model af <a href=\"https:\/\/chargingshop.eu\/product\/solar-inverter-huawei-sun2000-5ktl-m0\/\">inverter<\/a> brugt Typisk bilhavn kan rumme 4 til 10kW solenergi paneler. Den kan generere 5000 til 20000 kWh i l\u00f8bet af et \u00e5r (afh\u00e6ngigt af antallet af solskinsdage i l\u00f8bet af et \u00e5r)<\/p>\n","protected":false},"excerpt":{"rendered":"<p>Generer solenergi i din private have.<\/p>\n<ul>\n<li>beskytter din bil mod sol, regn og sne<\/li>\n<li>genererer energi til dit hus eller din elbil<\/li>\n<\/ul>\n","protected":false},"featured_media":0,"comment_status":"open","ping_status":"closed","template":"","meta":[],"product_brand":[],"product_cat":[835,770],"product_tag":[],"class_list":{"0":"post-6408","1":"product","2":"type-product","3":"status-publish","5":"product_cat-solar-carports-da","6":"product_cat-solpaneler","8":"first","9":"instock","10":"taxable","11":"shipping-taxable","12":"product-type-simple"},"_links":{"self":[{"href":"https:\/\/chargingshop.eu\/da\/wp-json\/wp\/v2\/product\/6408","targetHints":{"allow":["GET"]}}],"collection":[{"href":"https:\/\/chargingshop.eu\/da\/wp-json\/wp\/v2\/product"}],"about":[{"href":"https:\/\/chargingshop.eu\/da\/wp-json\/wp\/v2\/types\/product"}],"replies":[{"embeddable":true,"href":"https:\/\/chargingshop.eu\/da\/wp-json\/wp\/v2\/comments?post=6408"}],"wp:attachment":[{"href":"https:\/\/chargingshop.eu\/da\/wp-json\/wp\/v2\/media?parent=6408"}],"wp:term":[{"taxonomy":"product_brand","embeddable":true,"href":"https:\/\/chargingshop.eu\/da\/wp-json\/wp\/v2\/product_brand?post=6408"},{"taxonomy":"product_cat","embeddable":true,"href":"https:\/\/chargingshop.eu\/da\/wp-json\/wp\/v2\/product_cat?post=6408"},{"taxonomy":"product_tag","embeddable":true,"href":"https:\/\/chargingshop.eu\/da\/wp-json\/wp\/v2\/product_tag?post=6408"}],"curies":[{"name":"wp","href":"https:\/\/api.w.org\/{rel}","templated":true}]}}