{"id":6321,"date":"2022-01-20T16:57:29","date_gmt":"2022-01-20T16:57:29","guid":{"rendered":"https:\/\/chargingshop.eu\/product\/huawei-sun2000-8kw-8ktl-solar-inverter\/"},"modified":"2025-06-25T09:35:46","modified_gmt":"2025-06-25T09:35:46","slug":"huawei-sun2000-8kw-8ktl-solar-inverter","status":"publish","type":"product","link":"https:\/\/chargingshop.eu\/da\/vare\/huawei-sun2000-8kw-8ktl-solar-inverter\/","title":{"rendered":"Huawei SUN2000 8kW (8KTL) &#8211; Solar Inverter"},"content":{"rendered":"<p><strong>Huawei SUN2000-8KTL-M0 8kW<\/strong> netv\u00e6rksforbindelsesinverter er forberedt til at blive installeret i hjem, der er drevet af trefasestr\u00f8m. Denne inverter er en mellemmodel inden for det nye boligomr\u00e5de af netv\u00e6rkstilslutning. Solpanelet har DC-isolationsdetektion og overv\u00e5gningsenhed for resterende intensitet. De mest effektive solenergisystemer, der driver vores apparater, kr\u00e6ver en h\u00f8jkvalitets inverter med et robust konvektionsk\u00f8lesystem.<\/p>\n<p><strong>SUN2000-8KTL-M0 8kW inverter <\/strong>er forberedt til at arbejde p\u00e5 trefasede netv\u00e6rksforbindelsesfaciliteter. Den er forberedt til at muligg\u00f8re, at batterier vil \u00f8ge deres grad af selvforbrug.<\/p>\n<h2>Huawei SUN2000-8KTL-M0 funktioner:<\/h2>\n<p><span data-spm-anchor-id=\"a2g0o.detail.1000023.i1.76d84c51JufCUg\">Huawei SUN2000-8KTL-M0 8kW inverteren har 2 MPPT, der tillader installation af paneler i to formgrupper, som hver af de grupper kan installeres med forskellig h\u00e6ldning, orientering eller forskellige elektriske egenskaber. <b>SUN20008KTL<\/b> inverteren maksimerer effektiviteten af \u200b\u200b<a href=\"https:\/\/chargingshop.eu\/da\/prod-catt\/solpaneler\/\"><strong>solpaneler<\/strong><\/a> s\u00e5 der til enhver tid tilbydes maksimal energi p\u00e5 op til 99 % til hjemmet.<\/span> Den seneste Huawei 8kw solcelle-inverter er meget v\u00e6rdsat p\u00e5 markedet med f\u00f8lgende specifikationer, hvilket g\u00f8r den en investering v\u00e6rd. <strong>Specifikationer:<\/strong><\/p>\n<ul>\n<li>Aktiv nominel vekselstr\u00f8m 8.000 W Maks.<\/li>\n<li>Tilsyneladende vekselstr\u00f8m 8.800VA<\/li>\n<li>Maksimal indgangssp\u00e6nding (Vmax) 1.100V<\/li>\n<li>Maksimal intensitet pr. MPPT 11A<\/li>\n<li>Maks. kortslutningsintensitet pr. MPPT 15A<\/li>\n<li>Minimum indgangssp\u00e6nding 200V<\/li>\n<li>Sp\u00e6ndingsomr\u00e5de i MPP 380V-850V<\/li>\n<li>Nominel sp\u00e6nding med maksimalt potentiale 600V Maks.<\/li>\n<\/ul>\n<h4><strong>Effektivitet:<\/strong><\/h4>\n<ul>\n<li><strong>Maksimal invertereffektivitet:<\/strong> 98,6 %<\/li>\n<li><strong>Europ\u00e6isk v\u00e6gtet effektivitet:<\/strong> 98,0 %<\/li>\n<\/ul>\n<h4><strong>Input:<\/strong><\/h4>\n<ul>\n<li><strong>Maksimal indgangssp\u00e6nding:<\/strong> 1.100V<\/li>\n<li><strong>Mini-indgangssp\u00e6nding:<\/strong> 200V<\/li>\n<li><strong>MpPT sp\u00e6ndingsomr\u00e5de:<\/strong> 140V &#8211; 980V<\/li>\n<li><strong>Nominel panelindgangssp\u00e6nding:<\/strong> 600V<\/li>\n<li><strong>Maksimal indgangsstr\u00f8m pr. MPPT:<\/strong> 11A<\/li>\n<li><strong>Maksimal intensitet:<\/strong> 15A<\/li>\n<li><strong>MPPT-nummer:<\/strong> 2<\/li>\n<li><strong>MPPT-input:<\/strong> 1<\/li>\n<\/ul>\n<h4><strong>Output:<\/strong><\/h4>\n<ul>\n<li>Trefaset vekseludgang<\/li>\n<li>Nominel udgangseffekt: 8kW &#8212; 8,8kVA<\/li>\n<li>Udgangssp\u00e6nding: 220\/380V, 230\/400V, 3W+N+PE<\/li>\n<li>Nominel netv\u00e6rksfrekvens: 50Hz \/60Hz<\/li>\n<li>Maksimal udgangsstr\u00f8m 13,5A<\/li>\n<\/ul>\n","protected":false},"excerpt":{"rendered":"<p>Huawei SUN2000-8KTL-M0 er den sikre, p\u00e5lidelige og effektive. Denne solenergiopfinder lover en af de bedste soloplevelser derude.<\/p>\n<ul>\n<li>H\u00f8jeffektiv invertertopologi<\/li>\n<li>Integreret batterigr\u00e6nseflade<\/li>\n<li>AI-baseret buedetektion AFCI<\/li>\n<li>Indbygget batterigr\u00e6nseflade<\/li>\n<li>Hurtig installation<\/li>\n<li>WLAN-dongle i inverterpakke<\/li>\n<\/ul>\n","protected":false},"featured_media":0,"comment_status":"open","ping_status":"closed","template":"","meta":[],"product_brand":[],"product_cat":[770],"product_tag":[],"class_list":{"0":"post-6321","1":"product","2":"type-product","3":"status-publish","5":"product_cat-solpaneler","6":"pa_brand-huawei-da","8":"first","9":"instock","10":"taxable","11":"shipping-taxable","12":"purchasable","13":"product-type-simple"},"_links":{"self":[{"href":"https:\/\/chargingshop.eu\/da\/wp-json\/wp\/v2\/product\/6321","targetHints":{"allow":["GET"]}}],"collection":[{"href":"https:\/\/chargingshop.eu\/da\/wp-json\/wp\/v2\/product"}],"about":[{"href":"https:\/\/chargingshop.eu\/da\/wp-json\/wp\/v2\/types\/product"}],"replies":[{"embeddable":true,"href":"https:\/\/chargingshop.eu\/da\/wp-json\/wp\/v2\/comments?post=6321"}],"wp:attachment":[{"href":"https:\/\/chargingshop.eu\/da\/wp-json\/wp\/v2\/media?parent=6321"}],"wp:term":[{"taxonomy":"product_brand","embeddable":true,"href":"https:\/\/chargingshop.eu\/da\/wp-json\/wp\/v2\/product_brand?post=6321"},{"taxonomy":"product_cat","embeddable":true,"href":"https:\/\/chargingshop.eu\/da\/wp-json\/wp\/v2\/product_cat?post=6321"},{"taxonomy":"product_tag","embeddable":true,"href":"https:\/\/chargingshop.eu\/da\/wp-json\/wp\/v2\/product_tag?post=6321"}],"curies":[{"name":"wp","href":"https:\/\/api.w.org\/{rel}","templated":true}]}}