{"id":5931,"date":"2021-08-20T14:54:44","date_gmt":"2021-08-20T14:54:44","guid":{"rendered":"https:\/\/chargingshop.eu\/product\/efacec-qc45-hurtigopladningsstation\/"},"modified":"2021-08-20T14:54:44","modified_gmt":"2021-08-20T14:54:44","slug":"efacec-qc45-hurtigopladningsstation","status":"publish","type":"product","link":"https:\/\/chargingshop.eu\/da\/vare\/efacec-qc45-hurtigopladningsstation\/","title":{"rendered":"EFACEC QC45 hurtigopladningsstation"},"content":{"rendered":"<div class = \"fusion-text fusion-text-1\">\n<h2 class = \"eshop-detail-title cf\"> <span class = \"product-title\"> <span class = \"product-title-content\"> Efacec <\/span> <\/span> QC45 er den bedste bedste opladning station, kompatibel med alle m\u00e6rker af elbiler <\/h2>\n<\/div>\n<p> QC45 hurtigopladningsstationen giver en hurtig batteriopladning og underst\u00f8tter 2 EV&#8217;er samtidigt AC- og DC -opladning med flere muligheder for effektudgang. Alle kombinerede output er integreret i et enkelt kabinet for sikker og nem opladning af alle egnede elbiler. <\/p>\n<p> Hurtigopladerens CHAdeMO-, CCS- og AC Type-2-kompatible ladestik kan tilbyde op til 50 kW ladestyrke. Et AC -opladningsstik kr\u00e6ver ikke en permanent ledning og kan oplade op til 22 kW. QC45 er designet til at give din EV den maksimale opladning med mindst mulig tid. <\/p>\n<h3> <strong> Funktioner i QC45 hurtigladestation <\/strong> <\/h3>\n<ul>\n<li> Hurtig opladning op til 80% p\u00e5 mindre end 30 minutter <\/li>\n<li> AC og DC oplades samtidigt <\/li>\n<li> Multi-standard (CHAdeMO, CCS og AC Type-2 kompatibel) <\/li>\n<li> H\u00f8j effektivitet &#038; gt; 93%<\/li>\n<li> H\u00f8j effektfaktor 0,98 <\/li>\n<li> Indbygget kommunikation (3G; LAN; Wi-Fi) <\/li>\n<li> J\u00e6vnstr\u00f8m op til 50 kW <\/li>\n<li> Vekselstr\u00f8m op til 43 kVA <\/li>\n<li> H\u00f8j p\u00e5lidelighed <\/li>\n<li> Easy Plug &#038; amp; Afspil installation <\/li>\n<\/ul>\n<h4> <strong> Hurtig opladning: <\/strong> <\/h4>\n<p> Hver enhed, der kan oplade fra nul til 80 procent p\u00e5 under 30 minutter, kan placeres strategisk som en del af et infrastrukturnetv\u00e6rk til hurtig opladning. Vores produkter er skabt med tanke p\u00e5 den st\u00e6rke produktion, holdbarhed og sikkerhed. Opladerens prim\u00e6re linjer og form g\u00f8r det muligt at passe ind i milj\u00f8et og landskabet, og designet er beregnet til at give kunderne tillid til, at bilopladning er b\u00e5de ligetil og sikker. <\/p>\n<h4> <strong> Netv\u00e6rksintegration <\/strong> <\/h4>\n<p> QC45 er en fleksibel og \u00e5ben ladestation, der kan oplades i stand-alone tilstand eller integreres i ethvert netv\u00e6rk med ethvert centralt system. <\/p>\n<h4> <strong> Tilpasning &#038; amp; Bilag <\/strong> <\/h4>\n<p> QC45 har en h\u00f8jkvalitets og holdbar skal med korrosionsbeskyttelse, der kan sammenlignes med rustfrit st\u00e5l, hvilket sikrer udstyrets lange levetid. For at matche dit m\u00e6rkes generelle udseende kan du tilpasse det med brugerdefinerede billeder, logoer og farver. <\/p>\n<h4> <strong> Let at installere <\/strong> <\/h4>\n<p> Denne hurtige oplader QC45 leveres i forskellige farver. Det er enkelt at installere og let at bruge. Enhederne er testet og verificeret med alle kompatible elbiler. QC45 hurtig oplader tilbyder en effekt p\u00e5 op til 50kw DC og 43kW AC. <\/p>\n<h4> <strong> Software tilg\u00e6ngelig <\/strong> <\/h4>\n<p> QC45 er kompatibel med Charge Lab, EV Connect og Green lots &#8216;kommercielle elektriske bilopladersoftwaresystemer. Kundefakturering, fl\u00e5destyring, opladeroverv\u00e5gning og endda iPhone- og Android -applikationer, hvor forbrugerne kan finde dine opladere, er alle mulige med disse softwarepakker. <\/p>\n<p> &#038; nbsp; <\/p>\n","protected":false},"excerpt":{"rendered":"<p> Efacec har introduceret en ny ladestation, der oplader alle elbiler i en stand-alone-tilstand med et minimum af tid. Dens design er unikt og oplades med den bedste effektfaktor. <\/p>\n<ul>\n<li> Hurtig opladning op til 80%<\/li>\n<li> H\u00f8j effektivitet &#038; gt; 93%<\/li>\n<li> H\u00f8j effektfaktor 0,98 <\/li>\n<li> H\u00f8j p\u00e5lidelighed <\/li>\n<li> J\u00e6vnstr\u00f8m op til 50 KW <\/li>\n<li> Vekselstr\u00f8m op til 43Kva <\/li>\n<li> Let at installere <\/li>\n<li> Korrosionsbeskyttelse <\/li>\n<\/ul>\n<p> ~ 2-3 m\u00e5neders leveringstid. <\/p>\n","protected":false},"featured_media":5848,"comment_status":"open","ping_status":"closed","template":"","meta":[],"product_brand":[],"product_cat":[291],"product_tag":[697,696,694,695],"class_list":{"0":"post-5931","1":"product","2":"type-product","3":"status-publish","4":"has-post-thumbnail","6":"product_cat-dc-chargers-da","7":"product_tag-50kw-hurtig-oplader","8":"product_tag-efacec-qc45-pris","9":"product_tag-qc45-hurtig-ladestation","10":"product_tag-qc45-hurtig-oplader","11":"pa_brand-efacec-da","13":"first","14":"instock","15":"taxable","16":"shipping-taxable","17":"purchasable","18":"product-type-simple"},"_links":{"self":[{"href":"https:\/\/chargingshop.eu\/da\/wp-json\/wp\/v2\/product\/5931","targetHints":{"allow":["GET"]}}],"collection":[{"href":"https:\/\/chargingshop.eu\/da\/wp-json\/wp\/v2\/product"}],"about":[{"href":"https:\/\/chargingshop.eu\/da\/wp-json\/wp\/v2\/types\/product"}],"replies":[{"embeddable":true,"href":"https:\/\/chargingshop.eu\/da\/wp-json\/wp\/v2\/comments?post=5931"}],"wp:featuredmedia":[{"embeddable":true,"href":"https:\/\/chargingshop.eu\/da\/wp-json\/wp\/v2\/media\/5848"}],"wp:attachment":[{"href":"https:\/\/chargingshop.eu\/da\/wp-json\/wp\/v2\/media?parent=5931"}],"wp:term":[{"taxonomy":"product_brand","embeddable":true,"href":"https:\/\/chargingshop.eu\/da\/wp-json\/wp\/v2\/product_brand?post=5931"},{"taxonomy":"product_cat","embeddable":true,"href":"https:\/\/chargingshop.eu\/da\/wp-json\/wp\/v2\/product_cat?post=5931"},{"taxonomy":"product_tag","embeddable":true,"href":"https:\/\/chargingshop.eu\/da\/wp-json\/wp\/v2\/product_tag?post=5931"}],"curies":[{"name":"wp","href":"https:\/\/api.w.org\/{rel}","templated":true}]}}