{"id":5922,"date":"2021-08-25T14:08:34","date_gmt":"2021-08-25T14:08:34","guid":{"rendered":"https:\/\/chargingshop.eu\/product\/efacec-qc24s-hurtig-oplader\/"},"modified":"2021-08-25T14:08:34","modified_gmt":"2021-08-25T14:08:34","slug":"efacec-qc24s-hurtig-oplader","status":"publish","type":"product","link":"https:\/\/chargingshop.eu\/da\/vare\/efacec-qc24s-hurtig-oplader\/","title":{"rendered":"Efacec QC24S hurtig oplader"},"content":{"rendered":"<p>Efacec QC24S Quick Charger er en ny enkelt-stikkontakt hurtig oplader, der oplader din elbil til 80% inden for en time. Designet til at overholde alle branchestandardopladningsprotokoller og gr\u00e6nseflader. Dens lette design er let at montere p\u00e5 v\u00e6ggen, hvor pladsen er en bekymring. QC24S er en hurtigladestation, der kan oplade alle CCS -kompatible elbiler. Der er forskellige outputmuligheder tilg\u00e6ngelige, f.eks. Den grundl\u00e6ggende enkelt DC -udgang ved 24 KW med CCS- eller CHadeMO -stik p\u00e5 en sammenkoblet ledning testet og akkrediteret med alle kompatible k\u00f8ret\u00f8jer.<\/p>\n<h2><strong> Efacec QC24S oplader Hovedfunktioner og fordele <\/strong><\/h2>\n<ul>\n<li>Oplad elbil p\u00e5 1 time H\u00f8j effektivitet &amp; gt; 94%<\/li>\n<li>Flere applikationer og let vedligeholdelse<\/li>\n<li>DC -effekt op til 24 kW<\/li>\n<li>Brugervenlig gr\u00e6nseflade med valgfrit farvedisplay<\/li>\n<li>Status LED Farvekabelholder<\/li>\n<li>H\u00f8j effektfaktor 0,99<\/li>\n<li>Lokal og fjernoverv\u00e5gningskontrol<\/li>\n<li>Uafh\u00e6ngig eller netv\u00e6rksintegration<\/li>\n<li>Valgfri indbygget kommunikation (3G; LAN; Wi-Fi)<\/li>\n<li>Tilpasset og branding er tilg\u00e6ngelig<\/li>\n<\/ul>\n<h3><strong> Funktioner i QC24S hurtigoplader inkluderer: <\/strong><\/h3>\n<h4><strong> Hurtig opladning: <\/strong><\/h4>\n<p>Hver enhed, der kan oplade fra nul til 80 inden for 60 minutter, kan placeres strategisk som en del af et infrastrukturnetv\u00e6rk til hurtig opladning. Det koster p\u00e5virket v\u00e6gmonteret, hvor plads er en bekymring.<\/p>\n<h4><strong> Tilpasning &amp; amp; Bilag <\/strong><\/h4>\n<p>QC24S har en h\u00f8jkvalitets og holdbar skal med korrosionsbeskyttelse, der kan sammenlignes med rustfrit st\u00e5l, hvilket sikrer udstyrets lange levetid. Tilpas det med brugerdefineret grafik, logoer og farver for at f\u00e5 dit brands overordnede udseende.<\/p>\n<h4><strong> Let at installere <\/strong><\/h4>\n<p>Denne kraftfulde, flerstrengede QC24S er en hurtig oplader med indbygget 3G- og LAN-kommunikation og f\u00e5s i en r\u00e6kke farver. Det er enkelt at installere og tilslutte til et eksisterende opladningsinfrastrukturnetv\u00e6rk.<\/p>\n<h4><strong> Software tilg\u00e6ngelig <\/strong><\/h4>\n<p>Core CPMS er l\u00f8sningens ende-til-ende EV-ladestyringsplatform. Det best\u00e5r af et s\u00e6t unikke og kraftfulde softwarev\u00e6rkt\u00f8jer, der effektivt svarer til behovene i Plug-in Electric Vehicle-markedets \u00f8kosystem.<\/p>\n<h5><strong> APPLIKATIONER: <\/strong><\/h5>\n<ul>\n<li>Car-Share, Taxi og Rent-a-Car fl\u00e5der<\/li>\n<li>EV -forhandlere og tjenesteudbydere<\/li>\n<li>Medarbejderparkeringspladser<\/li>\n<li>EV -fl\u00e5der (private og offentlige)<\/li>\n<li>Shoppingcentre<\/li>\n<li>Privat EV -infrastruktur og operat\u00f8r<\/li>\n<\/ul>\n","protected":false},"excerpt":{"rendered":"<p class = \"fusion-responsive-typography-calculated\" data-fontsize = \"24\" data-lineheight = \"36px\"> En \u00f8konomisk og hurtig ladestation. Oplad enhver type EV med en hastighed p\u00e5 24 kW i timen. <\/p>\n<ul>\n<li> V\u00e6gmonteret <\/li>\n<li> H\u00f8j effektivitet &#038; gt; 94%<\/li>\n<li> DC -effekt op til 24 kW <\/li>\n<li> Brugervenlig gr\u00e6nseflade <\/li>\n<li> Indbygget kommunikation (3G; LAN; Wi-Fi) <\/li>\n<li> H\u00f8j effektfaktor 0,99 <\/li>\n<\/ul>\n","protected":false},"featured_media":5876,"comment_status":"open","ping_status":"closed","template":"","meta":[],"product_brand":[],"product_cat":[291],"product_tag":[],"class_list":{"0":"post-5922","1":"product","2":"type-product","3":"status-publish","4":"has-post-thumbnail","6":"product_cat-dc-chargers-da","7":"pa_brand-efacec-da","9":"first","10":"instock","11":"sale","12":"taxable","13":"shipping-taxable","14":"purchasable","15":"product-type-simple"},"_links":{"self":[{"href":"https:\/\/chargingshop.eu\/da\/wp-json\/wp\/v2\/product\/5922","targetHints":{"allow":["GET"]}}],"collection":[{"href":"https:\/\/chargingshop.eu\/da\/wp-json\/wp\/v2\/product"}],"about":[{"href":"https:\/\/chargingshop.eu\/da\/wp-json\/wp\/v2\/types\/product"}],"replies":[{"embeddable":true,"href":"https:\/\/chargingshop.eu\/da\/wp-json\/wp\/v2\/comments?post=5922"}],"wp:featuredmedia":[{"embeddable":true,"href":"https:\/\/chargingshop.eu\/da\/wp-json\/wp\/v2\/media\/5876"}],"wp:attachment":[{"href":"https:\/\/chargingshop.eu\/da\/wp-json\/wp\/v2\/media?parent=5922"}],"wp:term":[{"taxonomy":"product_brand","embeddable":true,"href":"https:\/\/chargingshop.eu\/da\/wp-json\/wp\/v2\/product_brand?post=5922"},{"taxonomy":"product_cat","embeddable":true,"href":"https:\/\/chargingshop.eu\/da\/wp-json\/wp\/v2\/product_cat?post=5922"},{"taxonomy":"product_tag","embeddable":true,"href":"https:\/\/chargingshop.eu\/da\/wp-json\/wp\/v2\/product_tag?post=5922"}],"curies":[{"name":"wp","href":"https:\/\/api.w.org\/{rel}","templated":true}]}}