{"id":5737,"date":"2021-07-23T13:01:37","date_gmt":"2021-07-23T13:01:37","guid":{"rendered":"https:\/\/chargingshop.eu\/product\/juice-booster-2-mobile-ev-oplader-32-a-22kw-52-m-kabel\/"},"modified":"2021-08-02T09:32:36","modified_gmt":"2021-08-02T09:32:36","slug":"juice-booster-2-mobile-ev-oplader-32-a-22kw-52-m-kabel","status":"publish","type":"product","link":"https:\/\/chargingshop.eu\/da\/vare\/juice-booster-2-mobile-ev-oplader-32-a-22kw-52-m-kabel\/","title":{"rendered":"JUICE BOOSTER 2 Mobile EV oplader 32 A, 22kW, 5,2 m kabel"},"content":{"rendered":"<h2><strong> JUICE BOOSTER 2 <\/strong> er en fantastisk mobil ladestation, der leveres med flere adaptere til opladning af elbiler p\u00e5 enhver terminal og stikkontakt, der er tilg\u00e6ngelig p\u00e5 markedet.<\/h2>\n<p>JUICE BOOSTER 2 er fremstillet af aluminiumslegering og er en b\u00e6rbar oplader af h\u00f8j kvalitet og meget robust. Stikkene p\u00e5 denne enhed fremstilles ved hj\u00e6lp af materialer, der bruges inden for rumteknologi.<\/p>\n<p>Bevis p\u00e5 robusthed &#8211; oplader fungerer stadig, selv efter at den er blevet k\u00f8rt over af en milit\u00e6r TANK!<\/p>\n<p><iframe src=\"https:\/\/www.youtube.com\/embed\/46I5NwEnRfo?t=28 rel=0\" width=\"640\" height=\"360\" frameborder=\"0\" allowfullscreen=\"allowfullscreen\"><\/iframe><\/p>\n<h3><strong> JUICE BOOSTER 2 Mobile EV oplader <\/strong><\/h3>\n<p>Det giver stor EV -ladestyrke, du kan oplade din bil enten i en <strong> enkeltfase <\/strong> eller <strong> tre faser <\/strong> op til en effekt p\u00e5 <strong> 22kW <\/strong>(betyder, at du kan rejse 100 km, hvis du oplader din bil i en time).<\/p>\n<p><strong> <em> JUICE BOOSTER 2 <\/em> <\/strong> mobil ladestation er meget nyttig, da den automatisk kan registrere den type adapter, der er tilsluttet og oplades p\u00e5 den store <a href=\"https: \/\/chargingshop.eu\/product\/duosida-7-kw-portable-charging-connector-adjustable-8-32a-type-2-to-cee-plug-copy\/\"> ladestyrke <\/a>. Du beh\u00f8ver ikke at finde ud af, hvor mange kilowattimer du vil kunne oplade, s\u00e5 du kan oplade din enhed sikkert og samtidig spare din v\u00e6rdifulde tid.<\/p>\n<h3><strong> Specifikationer og funktioner <\/strong><\/h3>\n<ul>\n<li>Dimensioner (Diameter &amp; l\u00e6ngde): 7 cm &amp; amp; 22,5 cm henholdsvis<\/li>\n<li>Input str\u00f8mforsyning: enfaset\/ trefaset &#8211; skiftevis &#8211; 6 til 32A<\/li>\n<li>Udgangseffekt: 1,4 til 22kW (det afh\u00e6nger af indgangseffekten)<\/li>\n<li>kabel og stikl\u00e6ngde: 5m<\/li>\n<li>V\u00e6gt (med stik og kabel): 3,2 kg<\/li>\n<li>V\u00e6gt (uden kabel): 1 kg<\/li>\n<li>Farve: sort kabel, metallisk antracit<\/li>\n<li>Slagfasthed: IK10 \u2013starter modstand, selvom et 3t k\u00f8ret\u00f8j ruller over det<\/li>\n<li>Driftstemperatur: -25 \u00b0 C til + 45 \u00b0 C<\/li>\n<li>Overensstemmelse: CE 62196, 62752, 61851, CEM, Mode 2\/3 og RoHS<\/li>\n<li>Detektering af l\u00e6kstr\u00f8m: ja (30mA)<\/li>\n<li>T\u00e6tning: IP67 (vandt\u00e6t)<\/li>\n<li>Integrerede afbrydere: ja<\/li>\n<\/ul>\n<h4><strong> Kompatibel med alle elektriske k\u00f8ret\u00f8jer af type 2 -stik <\/strong><\/h4>\n<p>Uanset hvilken model der er i dit type 2 -k\u00f8ret\u00f8j, finder du The JUICE BOOSTER 2\u2019s <strong> type 2 socket <\/strong> fuldst\u00e6ndig kompatibel.<\/p>\n<h4><strong> Modstandsdygtig og vandt\u00e6t <\/strong><\/h4>\n<p>JUICE BOOSTER 2 sammen med dets komponenter er vejrbestandige og st\u00f8dsikre. Selv med en belastning p\u00e5 over tre-tone forbliver elektronikken godt beskyttet.<\/p>\n<h4><strong> Hurtigere opladning <\/strong><\/h4>\n<p>Sammenlignet med en almindelig stikkontakt i hjemmet giver den <strong> 10 gange hurtigere opladning <\/strong>. Bare se p\u00e5, hvor hurtigt batteriet bliver helt opladet, s\u00e5 elbilen kan blive klar til at bev\u00e6ge sig inden for kort tid.<\/p>\n<h4><strong> Automatisk str\u00f8mjustering <\/strong><\/h4>\n<p>JUICE BOOSTER 2 er meget enkel at bruge! Tilslut bare en <a href=\"https:\/\/chargingshop.eu\/product\/adapter-cee-16a-to-cee-32a\/\"> adapter <\/a> til den b\u00e6rbare terminal, og ladeeffekten justeres automatisk til den maksimalt mulige ladeeffekt. Opladningen stopper automatisk, n\u00e5r bilen er fuldt opladet.<\/p>\n<p>Ingen grund til at komme ind i besv\u00e6ret med enhver smartphone -applikation. JUICE BOOSTER 2 leveres med en enkelt amperekontrolknap: den er enkel, sikker og p\u00e5lidelig.<\/p>\n<h4><strong> Let at v\u00e6lge opladningsintensitet (6A-32A) <\/strong><\/h4>\n<p>N\u00e5r du trykker p\u00e5 knappen <strong> SELECT <\/strong>, reducerer stationen ladeeffekten uden nogensinde at \u00f8ge den maksimale ladeeffekt, der fulgte med den anvendte adapter.<\/p>\n<p>N\u00e5r du trykker p\u00e5 knappen &#8220;SELECT&#8221;, kan du v\u00e6lge f\u00f8lgende str\u00f8mstyrker: 32A, 25A, 20A, 16A, 13A, 10A, 8A og 6A. Gennem disse str\u00f8mstyrker kan du f\u00e5 en ladeeffekt p\u00e5 mellem 1,3 og 22 kW.<\/p>\n<h4><strong> T2-T2-kabel er ikke p\u00e5kr\u00e6vet <\/strong><\/h4>\n<p>Der er ikke behov for T2-T2-kabel, da JUICE BOOSTER 2 selv erstatter et 3-faset 32A 22kW T2-T2-kabel. N\u00e5r T2-T2-adapteren er tilsluttet din JUICE BOOSTER, begynder den at fungere som 32A 22kW trefaset T2-T2-kabel.<\/p>\n<h4><strong> Opladning fra en stikkontakt bliver sikker <\/strong><\/h4>\n<p>I tilf\u00e6lde af d\u00e5rlig installation eller endda defekte ledninger \u00f8ges chancerne for kabelbrand, hvis du oplader i lang tid gennem en stikkontakt. JUICE -adapteren har en stikkontakt i hjemmet samt to temperatursensorer, der holder dit kabel beskyttet, selv i tilf\u00e6lde af overophedning. I tilf\u00e6lde af overophedning stopper den b\u00e6rbare ladestation med at oplade.<\/p>\n<h4><strong> Sikkerhed fra integreret differentialafbryder <\/strong><\/h4>\n<p>JUICE BOOSTER 2 er fantastisk til at opfylde den nuv\u00e6rende IEC62752 -standard. Den b\u00e6rbare ladestation bruger en differentialafbryder til AC- og DC -str\u00f8mme (RCD DC 6mA, AC \/ DC 30 mA).<\/p>\n<h4><strong> Tyverisikring og forkert h\u00e5ndtering <\/strong><\/h4>\n<p>JUICE BOOSTER 2 har de nyeste sikkerhedsfunktioner. Du kan kun fjerne det, n\u00e5r stikket er fjernet fra dit elektriske k\u00f8ret\u00f8j. Der er en moderne l\u00e5s, der beskytter din adapter mod tyveri. For at forhindre u\u00f8nsket justering l\u00e5ses opladningsstr\u00f8mmen efter 30 sekunder.<\/p>\n<h4><strong> Swiss made <\/strong><\/h4>\n<p>JUICE BOOSTER 2 er et velkendt produkt fra schweizisk virksomhed, der er navngivet som <a href=\"https:\/\/da.juice-world.com\/\" target=\"_blank\" rel=\"noopener\"> Juice Technology AG <\/a>. Virksomheden fremstiller kvalitetsprodukter med innovativt design, der udvikler og producerer alle deres enheder i Europa for at opfylde de lokale krav. M\u00e6rket er meget ber\u00f8mt, der er i stand til at f\u00f8lge nye tendenser, og selv det er et skridt foran i forhold til sine konkurrenter.<\/p>\n<h4><strong> Let opbevaring <\/strong><\/h4>\n<p>Det rektangul\u00e6re etui best\u00e5r af alle komponenterne i JUICE BOOSTER 2 -pakken. Du f\u00e5r ogs\u00e5 en velcrob\u00e5nd af cement med d\u00e6kslet med henblik p\u00e5 en optimal situation i dit elektriske k\u00f8ret\u00f8js opbevaringsrum.<\/p>\n","protected":false},"excerpt":{"rendered":"<p>JUICE BOOSTER er 3 enheder i \u00e9n l\u00f8sning:<\/p>\n<ul>\n<li>kan fungere som en wallbox<\/li>\n<li>er en b\u00e6rbar oplader<\/li>\n<li>kan bruges som Type 2 -kabel<\/li>\n<\/ul>\n<p>Det er den mest robuste mobile ladestation. Du kan oplade ved enhver stikkontakt eller offentlig ladestation. Den er utrolig let at bruge, vejrbestandig, tyverisikker, underst\u00f8tter op til 10 gange hurtigere opladningshastighed i forhold til stik. Et kvalitetsprodukt fra Schweiz.<\/p>\n","protected":false},"featured_media":5282,"comment_status":"open","ping_status":"closed","template":"","meta":[],"product_brand":[],"product_cat":[492,252,189],"product_tag":[],"class_list":{"0":"post-5737","1":"product","2":"type-product","3":"status-publish","4":"has-post-thumbnail","6":"product_cat-ladekabler-til-elbilen","7":"product_cat-tilbehoer-opladningskabel","8":"product_cat-wallbox-ladestationer-da","9":"pa_brand-juice-da","11":"first","12":"outofstock","13":"taxable","14":"shipping-taxable","15":"purchasable","16":"product-type-simple"},"_links":{"self":[{"href":"https:\/\/chargingshop.eu\/da\/wp-json\/wp\/v2\/product\/5737","targetHints":{"allow":["GET"]}}],"collection":[{"href":"https:\/\/chargingshop.eu\/da\/wp-json\/wp\/v2\/product"}],"about":[{"href":"https:\/\/chargingshop.eu\/da\/wp-json\/wp\/v2\/types\/product"}],"replies":[{"embeddable":true,"href":"https:\/\/chargingshop.eu\/da\/wp-json\/wp\/v2\/comments?post=5737"}],"wp:featuredmedia":[{"embeddable":true,"href":"https:\/\/chargingshop.eu\/da\/wp-json\/wp\/v2\/media\/5282"}],"wp:attachment":[{"href":"https:\/\/chargingshop.eu\/da\/wp-json\/wp\/v2\/media?parent=5737"}],"wp:term":[{"taxonomy":"product_brand","embeddable":true,"href":"https:\/\/chargingshop.eu\/da\/wp-json\/wp\/v2\/product_brand?post=5737"},{"taxonomy":"product_cat","embeddable":true,"href":"https:\/\/chargingshop.eu\/da\/wp-json\/wp\/v2\/product_cat?post=5737"},{"taxonomy":"product_tag","embeddable":true,"href":"https:\/\/chargingshop.eu\/da\/wp-json\/wp\/v2\/product_tag?post=5737"}],"curies":[{"name":"wp","href":"https:\/\/api.w.org\/{rel}","templated":true}]}}