{"id":4853,"date":"2021-03-13T10:44:10","date_gmt":"2021-03-13T10:44:11","guid":{"rendered":"https:\/\/chargingshop.eu\/?post_type=product&#038;p=4853"},"modified":"2021-03-13T10:51:53","modified_gmt":"2021-03-13T10:51:53","slug":"elbil-ladekabel-22kw-type-2-til-type-2-3-fase-32a-8m","status":"publish","type":"product","link":"https:\/\/chargingshop.eu\/da\/vare\/elbil-ladekabel-22kw-type-2-til-type-2-3-fase-32a-8m\/","title":{"rendered":"Elbil ladekabel 22kW 8m, Type 2 til Type 2, 3 fase, 32A,"},"content":{"rendered":"<h1>Elbil ladekabel 22kW 8m, Type 2 til Type 2, 3 fase, 32A, 5m<\/h1>\n<p>Med dette kabel kan du oplade din EV \/ PHEV, der har Type 2-port (bilstik) med en EV-ladestation, der har Type 2-stik. Kablet er 32 Amp, trefaset, kan oplade din EV op til 22 kW. Produktet er designet til nem brug og er let at tilslutte. Arbejdsl\u00e6ngden er 8 meter og er lavet af termoplastisk materiale. Den har beskyttelsesniveau IP55, er antiflammende, trykfast, slidst\u00e6rk og slagfast. <strong>Opbevaring:<\/strong> Vi anbefaler at opbevare kablet p\u00e5 et t\u00f8rt sted. Det anbefales, at det opbevares i opbevaringsposen. Hvis kablet f\u00e5r fugt i kontakterne, vil det resultere i fejl. Hvis dette sker, skal du s\u00e6tte dit kabel et varmt og t\u00f8rt sted i 12-24 timer. Undg\u00e5 at efterlade kablet udend\u00f8rs, hvor solen, vind, st\u00f8v eller regn kan komme til det. St\u00f8v og snavs i kontakterne kan medf\u00f8re, at kablet ikke oplades. For lang levetid skal du s\u00f8rge for, at dit EV-opladerkabel ikke er snoet eller for b\u00f8jet under opbevaringen. EV-opladerkabel Type 2 til Type 2 32A 3 Phase 5m er meget nem at bruge og opbevare. Kablet er designet til b\u00e5de udend\u00f8rs og indend\u00f8rs opladning og har IP55 (Ingress Protection). Dette betyder, at den har beskyttelse mod st\u00f8v og st\u00e6nk af vand fra alle retninger.<\/p>\n","protected":false},"excerpt":{"rendered":"<p>Elbil ladekabel 22kW Type 2 til Type 2 32A, trefaser, 8 meter l\u00e6ngde.<\/p>\n<p>Let og ultra-fleksibel, hvilket g\u00f8r det meget nemt at bruge, opbevare og transportere. IP55-klassificeret.<\/p>\n","protected":false},"featured_media":4765,"comment_status":"open","ping_status":"closed","template":"","meta":[],"product_brand":[],"product_cat":[492],"product_tag":[],"class_list":{"0":"post-4853","1":"product","2":"type-product","3":"status-publish","4":"has-post-thumbnail","6":"product_cat-ladekabler-til-elbilen","8":"first","9":"instock","10":"sale","11":"taxable","12":"shipping-taxable","13":"purchasable","14":"product-type-simple"},"_links":{"self":[{"href":"https:\/\/chargingshop.eu\/da\/wp-json\/wp\/v2\/product\/4853","targetHints":{"allow":["GET"]}}],"collection":[{"href":"https:\/\/chargingshop.eu\/da\/wp-json\/wp\/v2\/product"}],"about":[{"href":"https:\/\/chargingshop.eu\/da\/wp-json\/wp\/v2\/types\/product"}],"replies":[{"embeddable":true,"href":"https:\/\/chargingshop.eu\/da\/wp-json\/wp\/v2\/comments?post=4853"}],"wp:featuredmedia":[{"embeddable":true,"href":"https:\/\/chargingshop.eu\/da\/wp-json\/wp\/v2\/media\/4765"}],"wp:attachment":[{"href":"https:\/\/chargingshop.eu\/da\/wp-json\/wp\/v2\/media?parent=4853"}],"wp:term":[{"taxonomy":"product_brand","embeddable":true,"href":"https:\/\/chargingshop.eu\/da\/wp-json\/wp\/v2\/product_brand?post=4853"},{"taxonomy":"product_cat","embeddable":true,"href":"https:\/\/chargingshop.eu\/da\/wp-json\/wp\/v2\/product_cat?post=4853"},{"taxonomy":"product_tag","embeddable":true,"href":"https:\/\/chargingshop.eu\/da\/wp-json\/wp\/v2\/product_tag?post=4853"}],"curies":[{"name":"wp","href":"https:\/\/api.w.org\/{rel}","templated":true}]}}