{"id":3599,"date":"2021-01-07T08:39:06","date_gmt":"2021-01-07T08:39:06","guid":{"rendered":"https:\/\/chargingshop.eu\/?post_type=product&#038;p=3599"},"modified":"2021-01-07T10:02:19","modified_gmt":"2021-01-07T10:02:19","slug":"abb-terra-ac-skaerm-med-type-2-kabel-22-kw-rfid-mid-4g-wifi","status":"publish","type":"product","link":"https:\/\/chargingshop.eu\/da\/vare\/abb-terra-ac-skaerm-med-type-2-kabel-22-kw-rfid-mid-4g-wifi\/","title":{"rendered":"ABB Terra AC Sk\u00e6rm med Type 2 kabel 22 kW, RFID, MID, 4G, Wifi"},"content":{"rendered":"<div class=\"video video-fit mb\" style=\"padding-top:56.25%;\"><p><iframe title=\"Terra AC wallbox -  High value quality\" width=\"1020\" height=\"574\" src=\"https:\/\/www.youtube.com\/embed\/ZapL_pinxY0?feature=oembed\" frameborder=\"0\" allow=\"accelerometer; autoplay; encrypted-media; gyroscope; picture-in-picture\" allowfullscreen><\/iframe><\/p>\n<\/div>\n<p><em><strong>ABB Terra AC Sk\u00e6rm med Type 2 kabel 22 kW, RFID, MID metering, 4G &amp; Wifi\/LAN<\/strong><\/em><\/p>\n<div><strong>H\u00f8j v\u00e6rdi kvalitet<\/strong><\/div>\n<div><\/div>\n<p>\u2022 En af markedets bedste v\u00e6rdiopladere<\/p>\n<p>\u2022 Bred vifte af tilslutningsmuligheder<\/p>\n<p>\u2022 Pladsbesparende og let at installere design<\/p>\n<div><\/div>\n<div><strong>Fremtidig bevis fleksibilitet<\/strong><\/div>\n<div><\/div>\n<p>\u2022 Smart funktionalitet til optimeret opladning<\/p>\n<p>\u2022 Integrering af energim\u00e5ler til dynamisk belastningsstyring<\/p>\n<p>\u2022 Dedikeret app til kontrol og konfiguration<\/p>\n<p>\u2022 Ekstern softwareopdatering aktiveret<\/p>\n<div><\/div>\n<div><strong>Sikkerhed og beskyttelse<\/strong><\/div>\n<p>\u2022 Evalueret og testet af uafh\u00e6ngig tredjepart for at opfylde de h\u00f8jeste standarder<\/p>\n<p>\u2022 Str\u00f8mbegr\u00e6nsende beskyttelse forhindrer mod, at gener eller udl\u00f8b af str\u00f8m for installationen<\/p>\n<p>\u2022 Integrerede beskyttelser inklusive DC-jordfejl og oversp\u00e6nding<\/p>\n<p><strong>Elstr\u00f8mstyring<\/strong><\/p>\n<p>\u2022 Indbygget energim\u00e5ler<\/p>\n<p>\u2022 Ops\u00e6tning til integration af ekstern energim\u00e5ler til dynamisk belastningsstyring<\/p>\n<p>\u2022 Klar til integration med avanceret smart bygningsenergisystem<\/p>\n<div><strong>Fremtidig bevis fleksibilitet<\/strong><\/div>\n<p>\u2022 Smart funktionalitet til optimeret opladning<\/p>\n<p>\u2022 Integrering af energim\u00e5ler til dynamisk belastningsstyring<\/p>\n<p>\u2022 Dedikeret app til kontrol og konfiguration<\/p>\n<p>\u2022 Ekstern softwareopdatering aktiveret<\/p>\n<p>&nbsp;<\/p>\n<p>&nbsp;<\/p>\n<p><strong>Pr\u00e6sentation af alle smarte funktioner:<\/strong><\/p>\n<p><a href=\"https:\/\/chargingshop.eu\/wp-content\/uploads\/2020\/12\/chargersync-APP.pdf\">Chargersync APP<\/a><\/p>\n<p>&nbsp;<\/p>\n<p><strong>Afgiftsplanl\u00e6gning &#8216;Peak barbering &#8216;<\/strong><\/p>\n<p>\u2022 Indstil dine opladningstidsintervaller (tidsplan) for at undg\u00e5 maksimale elpriser f.eks. aftentarif<\/p>\n<p>\u2022 Mulighed for at spare 100-300 euro om \u00e5ret * p\u00e5 elregningen (underlagt lokal elpris)<\/p>\n<div><\/div>\n<div><strong>ChargeSync bruger app til Terra AC-kontrol, status og konfiguration<\/strong><\/div>\n<div><\/div>\n<div>Station ops\u00e6tning:<\/div>\n<div><div class=\"video video-fit mb\" style=\"padding-top:56.25%;\"><p><iframe title=\"ABB Terra AC station setup\" width=\"1020\" height=\"574\" src=\"https:\/\/www.youtube.com\/embed\/9tBaVWj7mHI?feature=oembed\" frameborder=\"0\" allow=\"accelerometer; autoplay; encrypted-media; gyroscope; picture-in-picture\" allowfullscreen><\/iframe><\/p>\n<\/div><\/div>\n<div><\/div>\n<div>Opladningsstatus:<\/div>\n<div><div class=\"video video-fit mb\" style=\"padding-top:56.25%;\"><p><iframe title=\"ABB Terra AC APP charging process\" width=\"1020\" height=\"574\" src=\"https:\/\/www.youtube.com\/embed\/ZDbrLx06yh0?feature=oembed\" frameborder=\"0\" allow=\"accelerometer; autoplay; encrypted-media; gyroscope; picture-in-picture\" allowfullscreen><\/iframe><\/p>\n<\/div><\/div>\n<div><\/div>\n<p><strong>ABB Terra AC Sk\u00e6rm 22 kW model &#8211; TAC-W22-G5-RD-MC-0 \/ 6AGC081285 funktionaliteter:<\/strong><\/p>\n<p>-Type &#8211; Wallbox med kabel<\/p>\n<p>&#8211; Power 22kW<\/p>\n<p>&#8211; Three-phase<\/p>\n<p>&#8211; Max current 32A<\/p>\n<p>&#8211; Type 2<\/p>\n<p>&#8211; 4G modem, LAN &amp;Wifi<\/p>\n<p>-OCPP 1.6<\/p>\n<p>-Bluetooth -Modbus RTU (RS485)<\/p>\n<p>&#8211; <span lang=\"da\">Sk\u00e6rm<\/span><\/p>\n<p>&#8211; MID-certificeret m\u00e5ler<\/p>\n<p><em>Terra AC product Brochure:<\/em><\/p>\n<p><a href=\"https:\/\/chargingshop.eu\/da\/?attachment_id=2067\" target=\"_blank\" rel=\"attachment noopener wp-att-2067 noreferrer\">ABB_Terra_AC_wallbox_Brochure_A4<\/a><\/p>\n<p>BEM\u00c6RK &#8211; til Terra AC-modeller med sk\u00e6rm TO WEEK leveringstid<\/p>\n","protected":false},"excerpt":{"rendered":"<div>Enest\u00e5ende kvalitet fra verdenslederen &#8211; ABB. Smart og fremtidssikker station til prisen for en almindelig.<\/div>\n<div><\/div>\n<ul>\n<li>Status og kontrol via app<\/li>\n<li>Sk\u00e6rm, RFID, MID-meter<\/li>\n<li>4G modem + LAN &amp; Wifi<\/li>\n<li>Komplet beskyttelse: overstr\u00f8m, oversp\u00e6nding, undersp\u00e6nding, jordfejl, integreret lyn beskyttelse<\/li>\n<li>Afgiftsplanl\u00e6gning Peak barbering &#8216;<\/li>\n<li>Belastningsafbalancering<\/li>\n<\/ul>\n","protected":false},"featured_media":3609,"comment_status":"open","ping_status":"closed","template":"","meta":[],"product_brand":[],"product_cat":[189,983],"product_tag":[],"class_list":{"0":"post-3599","1":"product","2":"type-product","3":"status-publish","4":"has-post-thumbnail","6":"product_cat-wallbox-ladestationer-da","7":"product_cat-sale-offers","8":"pa_brand-abb-da","10":"first","11":"instock","12":"sale","13":"featured","14":"taxable","15":"shipping-taxable","16":"purchasable","17":"product-type-simple"},"_links":{"self":[{"href":"https:\/\/chargingshop.eu\/da\/wp-json\/wp\/v2\/product\/3599","targetHints":{"allow":["GET"]}}],"collection":[{"href":"https:\/\/chargingshop.eu\/da\/wp-json\/wp\/v2\/product"}],"about":[{"href":"https:\/\/chargingshop.eu\/da\/wp-json\/wp\/v2\/types\/product"}],"replies":[{"embeddable":true,"href":"https:\/\/chargingshop.eu\/da\/wp-json\/wp\/v2\/comments?post=3599"}],"wp:featuredmedia":[{"embeddable":true,"href":"https:\/\/chargingshop.eu\/da\/wp-json\/wp\/v2\/media\/3609"}],"wp:attachment":[{"href":"https:\/\/chargingshop.eu\/da\/wp-json\/wp\/v2\/media?parent=3599"}],"wp:term":[{"taxonomy":"product_brand","embeddable":true,"href":"https:\/\/chargingshop.eu\/da\/wp-json\/wp\/v2\/product_brand?post=3599"},{"taxonomy":"product_cat","embeddable":true,"href":"https:\/\/chargingshop.eu\/da\/wp-json\/wp\/v2\/product_cat?post=3599"},{"taxonomy":"product_tag","embeddable":true,"href":"https:\/\/chargingshop.eu\/da\/wp-json\/wp\/v2\/product_tag?post=3599"}],"curies":[{"name":"wp","href":"https:\/\/api.w.org\/{rel}","templated":true}]}}