{"id":3456,"date":"2020-12-17T15:26:11","date_gmt":"2020-12-17T15:26:11","guid":{"rendered":"https:\/\/chargingshop.eu\/?post_type=product&#038;p=3456"},"modified":"2020-12-17T15:42:44","modified_gmt":"2020-12-17T15:42:44","slug":"webasto-live-22kw-med-type-2-kabel","status":"publish","type":"product","link":"https:\/\/chargingshop.eu\/da\/vare\/webasto-live-22kw-med-type-2-kabel\/","title":{"rendered":"Webasto Live 22kW med Type 2-kabel"},"content":{"rendered":"<p><strong>Webasto Live 22kW med Type 2-kabel<\/strong><\/p>\n<div><strong>Funktioner:<\/strong><\/div>\n<div>Fremtidig, h\u00f8y kvalitet og smart:<\/div>\n<div><\/div>\n<div>Webasto LIVE ladestasjon med en fast type 2-ladekabel (4,5 m kabellengde) lar deg<\/div>\n<div>for \u00e5 lade ditt elektriske kj\u00f8ret\u00f8y (justerbart) med kraft fra 3,7 kW til 22 kW.<\/div>\n<div><\/div>\n<div>Den har smart tilkobling (4G LTE-modem) og en MID-kompatibel teller.<\/div>\n<div>Takket v\u00e6re OCPP er det ogs\u00e5 mulighet for fakturering via backend-systemer.<\/div>\n<div><\/div>\n<div>Webasto Live har f\u00f8lgende fordeler:<\/div>\n<div><\/div>\n<ul>\n<li>Type 2-kontakt, opptil 22 kW ladekraft<\/li>\n<li>Valgfritt med 4,5 m kabel som st\u00f8psel (type 2)<\/li>\n<li>Kostnadseffektiv installasjon takket v\u00e6re integrert DC-feilregistrering (\u2265 6mA)<\/li>\n<li>Integrert 4G-modem for h\u00f8ye dataoverf\u00f8ringshastigheter<\/li>\n<li>St\u00f8tte for soloppladning og tariffoptimalisert lading gjennom dynamisk justering av ladeeffekten<\/li>\n<li>MID-kompatibel m\u00e5ler for kalibrert m\u00e5ling<\/li>\n<li>Fremtidssikret gjennom elektroniske oppdateringer<\/li>\n<li>Enkel autentisering takket v\u00e6re Plug &amp; Charge (ISO 15118)<\/li>\n<li>Maksimal sikkerhet n\u00e5r du bruker RFID gjennom DESFire-st\u00f8tte<\/li>\n<li>Kompatibel med standard backend-systemer ved bruk av OCPP 1.6<\/li>\n<li>H\u00f8y prosesseringskvalitet \u201cMade in Germany\u201d<\/li>\n<\/ul>\n<div><\/div>\n","protected":false},"excerpt":{"rendered":"<p>Tysk kvalitet, men alligevel overkommelig pris. Justerbar ladekapacitet fra 3,7 kW til 22 kW samt 4,5 m permanent tilsluttet opladningskabel. Enkel og bekvem betjening og op til ti gange hurtigere opladning sammenlignet med husholdningsstik. H\u00f8jeste elektriske sikkerhed takket v\u00e6re egen sikringsbeskyttelse.<\/p>\n","protected":false},"featured_media":3465,"comment_status":"open","ping_status":"closed","template":"","meta":[],"product_brand":[],"product_cat":[189],"product_tag":[],"class_list":{"0":"post-3456","1":"product","2":"type-product","3":"status-publish","4":"has-post-thumbnail","6":"product_cat-wallbox-ladestationer-da","7":"pa_brand-webasto-da","9":"first","10":"instock","11":"taxable","12":"shipping-taxable","13":"purchasable","14":"product-type-simple"},"_links":{"self":[{"href":"https:\/\/chargingshop.eu\/da\/wp-json\/wp\/v2\/product\/3456","targetHints":{"allow":["GET"]}}],"collection":[{"href":"https:\/\/chargingshop.eu\/da\/wp-json\/wp\/v2\/product"}],"about":[{"href":"https:\/\/chargingshop.eu\/da\/wp-json\/wp\/v2\/types\/product"}],"replies":[{"embeddable":true,"href":"https:\/\/chargingshop.eu\/da\/wp-json\/wp\/v2\/comments?post=3456"}],"wp:featuredmedia":[{"embeddable":true,"href":"https:\/\/chargingshop.eu\/da\/wp-json\/wp\/v2\/media\/3465"}],"wp:attachment":[{"href":"https:\/\/chargingshop.eu\/da\/wp-json\/wp\/v2\/media?parent=3456"}],"wp:term":[{"taxonomy":"product_brand","embeddable":true,"href":"https:\/\/chargingshop.eu\/da\/wp-json\/wp\/v2\/product_brand?post=3456"},{"taxonomy":"product_cat","embeddable":true,"href":"https:\/\/chargingshop.eu\/da\/wp-json\/wp\/v2\/product_cat?post=3456"},{"taxonomy":"product_tag","embeddable":true,"href":"https:\/\/chargingshop.eu\/da\/wp-json\/wp\/v2\/product_tag?post=3456"}],"curies":[{"name":"wp","href":"https:\/\/api.w.org\/{rel}","templated":true}]}}