{"id":3431,"date":"2020-12-17T13:51:29","date_gmt":"2020-12-17T13:51:29","guid":{"rendered":"https:\/\/chargingshop.eu\/?post_type=product&#038;p=3431"},"modified":"2020-12-17T14:45:04","modified_gmt":"2020-12-17T14:45:04","slug":"abb-elbil-opladningskabel-22kw-type-2-32ax3-7-m","status":"publish","type":"product","link":"https:\/\/chargingshop.eu\/da\/vare\/abb-elbil-opladningskabel-22kw-type-2-32ax3-7-m\/","title":{"rendered":"ABB Elbil Opladningskabel 22kW  Type 2 (32Ax3) &#8211; 7 m l\u00e6ngde"},"content":{"rendered":"<p><strong>ABB Elbil Opladningskabel 22kW\u00a0 (32Ax3) &#8211; 7 m l\u00e6ngde<\/strong><\/p>\n<p><strong>Funktioner:<\/strong><\/p>\n<ul>\n<li>Original ABB opladningsstik til elbiler<\/li>\n<li>Robust design. Dens strukturelle styrke er tilstr\u00e6kkelig til at underst\u00f8tte rullingen af en elbil.<\/li>\n<li>Unik lysbue-slukningsteknik s\u00f8rger for, at der ikke er nogen elektriske gnister, n\u00e5r der tilsluttes og stikkes ud.<\/li>\n<li>Sikker og p\u00e5lidelig. Kablet er lavet af flammeh\u00e6mmende TPE (TPU) materiale, der kan modst\u00e5 den direkte brandforbr\u00e6nding inden for en sikker tid.<\/li>\n<li>Holdbar. Den avancerede Crimping-teknologi sikrer forl\u00e6nget arbejdsliv.<\/li>\n<li>Driftssp\u00e6nding 400VAC<\/li>\n<li>Driftstemperaturomr\u00e5de -30 \u00b0 C til + 60 \u00b0 C<\/li>\n<li>Kobberlegeringskontakter<\/li>\n<li>Fabrikant &#8211; ABB<\/li>\n<\/ul>\n<p>&nbsp;<\/p>\n","protected":false},"excerpt":{"rendered":"<p>EV-opladerkabel 22kW Type 2 (32A x3 &#8211; trefaset) &#8211; originalt opladerkabel fra verdens f\u00f8rende virksomhed inden for e-mobilitet &#8211; ABB.<\/p>\n","protected":false},"featured_media":3436,"comment_status":"open","ping_status":"closed","template":"","meta":[],"product_brand":[],"product_cat":[492,252],"product_tag":[],"class_list":{"0":"post-3431","1":"product","2":"type-product","3":"status-publish","4":"has-post-thumbnail","6":"product_cat-ladekabler-til-elbilen","7":"product_cat-tilbehoer-opladningskabel","9":"first","10":"instock","11":"sale","12":"taxable","13":"shipping-taxable","14":"purchasable","15":"product-type-simple"},"_links":{"self":[{"href":"https:\/\/chargingshop.eu\/da\/wp-json\/wp\/v2\/product\/3431","targetHints":{"allow":["GET"]}}],"collection":[{"href":"https:\/\/chargingshop.eu\/da\/wp-json\/wp\/v2\/product"}],"about":[{"href":"https:\/\/chargingshop.eu\/da\/wp-json\/wp\/v2\/types\/product"}],"replies":[{"embeddable":true,"href":"https:\/\/chargingshop.eu\/da\/wp-json\/wp\/v2\/comments?post=3431"}],"wp:featuredmedia":[{"embeddable":true,"href":"https:\/\/chargingshop.eu\/da\/wp-json\/wp\/v2\/media\/3436"}],"wp:attachment":[{"href":"https:\/\/chargingshop.eu\/da\/wp-json\/wp\/v2\/media?parent=3431"}],"wp:term":[{"taxonomy":"product_brand","embeddable":true,"href":"https:\/\/chargingshop.eu\/da\/wp-json\/wp\/v2\/product_brand?post=3431"},{"taxonomy":"product_cat","embeddable":true,"href":"https:\/\/chargingshop.eu\/da\/wp-json\/wp\/v2\/product_cat?post=3431"},{"taxonomy":"product_tag","embeddable":true,"href":"https:\/\/chargingshop.eu\/da\/wp-json\/wp\/v2\/product_tag?post=3431"}],"curies":[{"name":"wp","href":"https:\/\/api.w.org\/{rel}","templated":true}]}}